{"id":33083,"date":"2023-05-19T17:27:13","date_gmt":"2023-05-19T15:27:13","guid":{"rendered":"https:\/\/suissepoulailler.ch\/?post_type=product&#038;p=33083"},"modified":"2026-04-14T17:19:38","modified_gmt":"2026-04-14T15:19:38","slug":"vita-mille-multi-vitamines-poules","status":"publish","type":"product","link":"https:\/\/suissepoulailler.ch\/de\/produits\/accessoires\/complements-alimentaire\/vita-mille-multi-vitamines-poules\/","title":{"rendered":"Vita-mille, multi-Vitamines poules"},"content":{"rendered":"<p>Flacon 250 ml.<br \/>\nCompl\u00e9ment vitamin\u00e9 pour la vitalit\u00e9 des poules pondeuses, d&rsquo;ornement et la croissance des poussins.<br \/>\nUtile toute l&rsquo;ann\u00e9e.<\/p>\n<p>Pr\u00e9paration en phytoth\u00e9rapie, avec apports en<strong>\u00a0vitamines A, E et D3<\/strong>, hautement assimilables chez les volailles.<\/p>\n<p>Vita-mille procure une bonn<strong>e vitalit\u00e9 et r\u00e9sistance<\/strong>\u00a0de nos poules pondeuses, d&rsquo;ornement et aux poussins, face aux changements de saisons et les phases de la vie: reproduction, croissance, mue etc\u2026 qui sont des p\u00e9riodes de stress physiologique.<\/p>\n<p><strong><em>La vitamine A<\/em>\u00a0<\/strong>joue un r\u00f4le important dans la croissance, la vision et la protection des muqueuses. Permet une meilleure r\u00e9sistance aux maladies \u00e9ventuelles.<\/p>\n<p><strong>La vitamine D3<\/strong>, est reconnue pour la bonne assimilation intestinale du calcium et sa bonne fixation sur les os. Elle\u00a0\u00e9vite les cas de rachitisme chez les jeunes sujets, la fragilit\u00e9 des os chez les adultes et de la coquille des \u0153ufs.<br \/>\nCette vitamine \u00e9vite la baisse de ponte et optimise le taux d&rsquo;\u00e9closion des couv\u00e9es.<\/p>\n<p><strong>La vitamine E\u00a0<\/strong>est un anti-oxydant. Une carence en Vitamine E engendre la d\u00e9g\u00e9n\u00e9rescence des muscles et provoque des troubles locomoteurs, notamment chez les jeunes.<\/p>\n<p>La distribution de ce suppl\u00e9ment nutritionnel peut \u00eatre fait chez les tr\u00e8s jeunes, pendant la ponte, et jusqu&rsquo;\u00e0 l&rsquo;abattage pour les poulets de chair.<\/p>\n<ul>\n<li>Mode d&#8217;emploi\u00a0: A diluer dans l&rsquo;eau de boisson pendant 5 jours.<\/li>\n<li>Composition\u00a0: Min\u00e9raux, acides amin\u00e9s, vitamines, extractum de plantes: Fenugrec, ortie, orge, pr\u00e8le, Houblon.<\/li>\n<li>Constituants Analytiques\/ Litre :\u00a0Magn\u00e9sium 2000mg, Calcium 100mg,<br \/>\nPhosphore 500mg, Sodium 60mg, , M\u00e9thionine 3000mg, Lysine 1000 mg.<br \/>\nCendres brutes 10.5%, Cellulose 0.05%, Mati\u00e8res Grasses 1.7% \u00a0 Prot\u00e9ines brutes 0.63%.<br \/>\nVitamines :\u00a0A 17 000 000Ul, D3 2 000 000Ul, E 1500mg, C 3000mg, B1 2500mg, B2 1000mg, B5 3000mg, B6 3000mg, B12 2mg, H 5mg, Chlorine 8000mg, B\u00e9ta\u00efne 3000mg.<br \/>\nOligo-\u00e9l\u00e9ments :\u00a0E5 Zinc 500 mg, E5 Mangan\u00e8se : 400 mg, E2 Iode 30 mg, E8 S\u00e9l\u00e9nium 30 mg, Cobalt 30mg.<\/li>\n<li>\u00c9labor\u00e9 dans un laboratoire Fran\u00e7ais.<\/li>\n<li>Ne contient aucun composant pouvant interdire la consommation de la viande ou des \u0153ufs pendant la distribution.<\/li>\n<li>Compl\u00e9ment alimentaire r\u00e9serv\u00e9 \u00e0 l&rsquo;alimentation animale.<\/li>\n<\/ul>","protected":false},"excerpt":{"rendered":"<p>Flacon 250 ml. Compl\u00e9ment vitamin\u00e9 pour la vitalit\u00e9 des poules pondeuses, d&rsquo;ornement et la croissance des poussins. Utile toute l&rsquo;ann\u00e9e. Pr\u00e9paration en phytoth\u00e9rapie, avec apports en\u00a0vitamines A, E et D3, hautement assimilables chez les volailles. Vita-mille procure une bonne vitalit\u00e9 et r\u00e9sistance\u00a0de nos poules pondeuses, d&rsquo;ornement et aux poussins, face aux changements de saisons et [&hellip;]<\/p>\n","protected":false},"featured_media":33085,"comment_status":"closed","ping_status":"closed","template":"","meta":[],"product_brand":[],"product_cat":[33,60,61],"product_tag":[],"class_list":{"0":"post-33083","1":"product","2":"type-product","3":"status-publish","4":"has-post-thumbnail","6":"product_cat-accessoires","7":"product_cat-complements-alimentaire","8":"product_cat-soin","9":"product_shipping_class-livraison-de-tous-les-produits-a-lexception-des-poulaillers","11":"first","12":"instock","13":"taxable","14":"shipping-taxable","15":"purchasable","16":"product-type-simple"},"_links":{"self":[{"href":"https:\/\/suissepoulailler.ch\/de\/wp-json\/wp\/v2\/product\/33083","targetHints":{"allow":["GET"]}}],"collection":[{"href":"https:\/\/suissepoulailler.ch\/de\/wp-json\/wp\/v2\/product"}],"about":[{"href":"https:\/\/suissepoulailler.ch\/de\/wp-json\/wp\/v2\/types\/product"}],"replies":[{"embeddable":true,"href":"https:\/\/suissepoulailler.ch\/de\/wp-json\/wp\/v2\/comments?post=33083"}],"version-history":[{"count":1,"href":"https:\/\/suissepoulailler.ch\/de\/wp-json\/wp\/v2\/product\/33083\/revisions"}],"predecessor-version":[{"id":33086,"href":"https:\/\/suissepoulailler.ch\/de\/wp-json\/wp\/v2\/product\/33083\/revisions\/33086"}],"wp:featuredmedia":[{"embeddable":true,"href":"https:\/\/suissepoulailler.ch\/de\/wp-json\/wp\/v2\/media\/33085"}],"wp:attachment":[{"href":"https:\/\/suissepoulailler.ch\/de\/wp-json\/wp\/v2\/media?parent=33083"}],"wp:term":[{"taxonomy":"product_brand","embeddable":true,"href":"https:\/\/suissepoulailler.ch\/de\/wp-json\/wp\/v2\/product_brand?post=33083"},{"taxonomy":"product_cat","embeddable":true,"href":"https:\/\/suissepoulailler.ch\/de\/wp-json\/wp\/v2\/product_cat?post=33083"},{"taxonomy":"product_tag","embeddable":true,"href":"https:\/\/suissepoulailler.ch\/de\/wp-json\/wp\/v2\/product_tag?post=33083"}],"curies":[{"name":"wp","href":"https:\/\/api.w.org\/{rel}","templated":true}]}}