{"id":33080,"date":"2023-05-19T17:22:56","date_gmt":"2023-05-19T15:22:56","guid":{"rendered":"https:\/\/suissepoulailler.ch\/?post_type=product&#038;p=33080"},"modified":"2026-01-25T21:42:49","modified_gmt":"2026-01-25T20:42:49","slug":"virofocus-immunite-des-volailles","status":"publish","type":"product","link":"https:\/\/suissepoulailler.ch\/de\/produits\/accessoires\/complements-alimentaire\/virofocus-immunite-des-volailles\/","title":{"rendered":"VIROFOCUS immunit\u00e9 des volailles"},"content":{"rendered":"<p>Pr\u00e9paration e naturelle combinant l&rsquo;action de 3 plantes reconnues pour leur action\u00a0<strong>b\u00e9n\u00e9fique sur l&rsquo;immunit\u00e9 de la volaille et leur effet antistress<\/strong>.<br \/>\nEn soutenant une bonne immunit\u00e9 votre volaille est moins sensible aux maladies virales et bact\u00e9riennes (type mycoplasmoses, bronchite infectieuse, grosse t\u00eate etc\u2026).<\/p>\n<p>ViroFocus<strong>\u2122<\/strong>\u00a0est un soin de compl\u00e9ment alimentaire \u00e0 diluer dans l&rsquo;eau de boisson.<br \/>\nDoser gr\u00e2ce \u00e0 la\u00a0pipette offerte\u00a0fournie. 250 ml = 333L de pr\u00e9paration.<\/p>\n<p><strong>Le +:<\/strong>\u00a0Ne contient aucun composant pouvant interdire la consommation de la viande ou des \u0153ufs pendant la distribution.<br \/>\n\u00c9labor\u00e9 par un laboratoire Fran\u00e7ais.<\/p>\n<p>Compl\u00e9ment alimentaire r\u00e9serv\u00e9 \u00e0 l&rsquo;alimentation animale.<\/p>","protected":false},"excerpt":{"rendered":"<p>Pr\u00e9paration e naturelle combinant l&rsquo;action de 3 plantes reconnues pour leur action\u00a0b\u00e9n\u00e9fique sur l&rsquo;immunit\u00e9 de la volaille et leur effet antistress. En soutenant une bonne immunit\u00e9 votre volaille est moins sensible aux maladies virales et bact\u00e9riennes (type mycoplasmoses, bronchite infectieuse, grosse t\u00eate etc\u2026). ViroFocus\u2122\u00a0est un soin de compl\u00e9ment alimentaire \u00e0 diluer dans l&rsquo;eau de boisson. [&hellip;]<\/p>\n","protected":false},"featured_media":33081,"comment_status":"closed","ping_status":"closed","template":"","meta":[],"product_brand":[],"product_cat":[33,60,61],"product_tag":[],"class_list":{"0":"post-33080","1":"product","2":"type-product","3":"status-publish","4":"has-post-thumbnail","6":"product_cat-accessoires","7":"product_cat-complements-alimentaire","8":"product_cat-soin","9":"product_shipping_class-livraison-de-tous-les-produits-a-lexception-des-poulaillers","11":"first","12":"instock","13":"taxable","14":"shipping-taxable","15":"purchasable","16":"product-type-simple"},"_links":{"self":[{"href":"https:\/\/suissepoulailler.ch\/de\/wp-json\/wp\/v2\/product\/33080","targetHints":{"allow":["GET"]}}],"collection":[{"href":"https:\/\/suissepoulailler.ch\/de\/wp-json\/wp\/v2\/product"}],"about":[{"href":"https:\/\/suissepoulailler.ch\/de\/wp-json\/wp\/v2\/types\/product"}],"replies":[{"embeddable":true,"href":"https:\/\/suissepoulailler.ch\/de\/wp-json\/wp\/v2\/comments?post=33080"}],"version-history":[{"count":1,"href":"https:\/\/suissepoulailler.ch\/de\/wp-json\/wp\/v2\/product\/33080\/revisions"}],"predecessor-version":[{"id":33082,"href":"https:\/\/suissepoulailler.ch\/de\/wp-json\/wp\/v2\/product\/33080\/revisions\/33082"}],"wp:featuredmedia":[{"embeddable":true,"href":"https:\/\/suissepoulailler.ch\/de\/wp-json\/wp\/v2\/media\/33081"}],"wp:attachment":[{"href":"https:\/\/suissepoulailler.ch\/de\/wp-json\/wp\/v2\/media?parent=33080"}],"wp:term":[{"taxonomy":"product_brand","embeddable":true,"href":"https:\/\/suissepoulailler.ch\/de\/wp-json\/wp\/v2\/product_brand?post=33080"},{"taxonomy":"product_cat","embeddable":true,"href":"https:\/\/suissepoulailler.ch\/de\/wp-json\/wp\/v2\/product_cat?post=33080"},{"taxonomy":"product_tag","embeddable":true,"href":"https:\/\/suissepoulailler.ch\/de\/wp-json\/wp\/v2\/product_tag?post=33080"}],"curies":[{"name":"wp","href":"https:\/\/api.w.org\/{rel}","templated":true}]}}