{"id":33075,"date":"2023-05-19T17:17:36","date_gmt":"2023-05-19T15:17:36","guid":{"rendered":"https:\/\/suissepoulailler.ch\/?post_type=product&#038;p=33075"},"modified":"2026-03-18T07:53:13","modified_gmt":"2026-03-18T06:53:13","slug":"poulettine-mineraux-aromates-5kg","status":"publish","type":"product","link":"https:\/\/suissepoulailler.ch\/de\/produits\/accessoires\/complements-alimentaire\/poulettine-mineraux-aromates-5kg\/","title":{"rendered":"Poulettine, min\u00e9raux ; aromates 1.5 kg"},"content":{"rendered":"<h2>Ponte, croissance des poussins &amp; coquille d\u2019\u0153uf solide.<\/h2>\n<h3>Compl\u00e9ment min\u00e9ral de soutien \u00e0 la ponte, \u00e0 la croissance des jeunes et garant d&rsquo;une belle, solide coquille des \u0153ufs pondus.<\/h3>\n<p>Id\u00e9al pour les petits \u00e9leveurs et particuliers qui pr\u00e9parent eux-m\u00eames des m\u00e9langes de graines \u00e0 leurs poules, pour palier aux possibles d\u00e9s\u00e9quilibres alimentaires et assurer la compl\u00e9mentation en min\u00e9raux.<\/p>\n<p>Compl\u00e9mente les poules en\u00a0<strong>Calcium et en min\u00e9raux<\/strong>. Pr\u00e9sence de\u00a0<strong>plantes aromatiques<\/strong>\u00a0pour faciliter la digestion, tonifier, etc.. et bien compl\u00e9menter la ration de toutes vos pondeuses.<\/p>\n<p>Convient aux volailles pondeuses et aux poulets de chair, aussi aux poussins en croissance pour leur \u00e9viter les boiteries.<br \/>\nFacile \u00e0 m\u00e9langer car sous forme de farine.<\/p>\n<p>Produit tr\u00e8s agr\u00e9able \u00e0 utiliser qui sent super bon !<\/p>\n<p><strong>Composition :<\/strong><br \/>\nCoquilles marines broy\u00e9es, lithothamne, phosphate bicalcique, carbonate de Calcium, chlorure de Sodium, ortie, fr\u00eane, reine des pr\u00e9s, consoude, armoise, origan, ar\u00f4me anis. (Plantes bio d&rsquo;Auvergne).<\/p>\n<p><strong>Conditionnement :<\/strong><br \/>\n&#8211; Sachet de 1.5 kg<\/p>","protected":false},"excerpt":{"rendered":"<p>Ponte, croissance des poussins &amp; coquille d\u2019\u0153uf solide. Compl\u00e9ment min\u00e9ral de soutien \u00e0 la ponte, \u00e0 la croissance des jeunes et garant d&rsquo;une belle, solide coquille des \u0153ufs pondus. Id\u00e9al pour les petits \u00e9leveurs et particuliers qui pr\u00e9parent eux-m\u00eames des m\u00e9langes de graines \u00e0 leurs poules, pour palier aux possibles d\u00e9s\u00e9quilibres alimentaires et assurer la [&hellip;]<\/p>\n","protected":false},"featured_media":33071,"comment_status":"closed","ping_status":"closed","template":"","meta":[],"product_brand":[],"product_cat":[33,60,61],"product_tag":[],"class_list":{"0":"post-33075","1":"product","2":"type-product","3":"status-publish","4":"has-post-thumbnail","6":"product_cat-accessoires","7":"product_cat-complements-alimentaire","8":"product_cat-soin","9":"product_shipping_class-livraison-de-tous-les-produits-a-lexception-des-poulaillers","10":"aux-has-gallery","12":"first","13":"instock","14":"sale","15":"taxable","16":"shipping-taxable","17":"purchasable","18":"product-type-simple"},"_links":{"self":[{"href":"https:\/\/suissepoulailler.ch\/de\/wp-json\/wp\/v2\/product\/33075","targetHints":{"allow":["GET"]}}],"collection":[{"href":"https:\/\/suissepoulailler.ch\/de\/wp-json\/wp\/v2\/product"}],"about":[{"href":"https:\/\/suissepoulailler.ch\/de\/wp-json\/wp\/v2\/types\/product"}],"replies":[{"embeddable":true,"href":"https:\/\/suissepoulailler.ch\/de\/wp-json\/wp\/v2\/comments?post=33075"}],"version-history":[{"count":3,"href":"https:\/\/suissepoulailler.ch\/de\/wp-json\/wp\/v2\/product\/33075\/revisions"}],"predecessor-version":[{"id":34930,"href":"https:\/\/suissepoulailler.ch\/de\/wp-json\/wp\/v2\/product\/33075\/revisions\/34930"}],"wp:featuredmedia":[{"embeddable":true,"href":"https:\/\/suissepoulailler.ch\/de\/wp-json\/wp\/v2\/media\/33071"}],"wp:attachment":[{"href":"https:\/\/suissepoulailler.ch\/de\/wp-json\/wp\/v2\/media?parent=33075"}],"wp:term":[{"taxonomy":"product_brand","embeddable":true,"href":"https:\/\/suissepoulailler.ch\/de\/wp-json\/wp\/v2\/product_brand?post=33075"},{"taxonomy":"product_cat","embeddable":true,"href":"https:\/\/suissepoulailler.ch\/de\/wp-json\/wp\/v2\/product_cat?post=33075"},{"taxonomy":"product_tag","embeddable":true,"href":"https:\/\/suissepoulailler.ch\/de\/wp-json\/wp\/v2\/product_tag?post=33075"}],"curies":[{"name":"wp","href":"https:\/\/api.w.org\/{rel}","templated":true}]}}