{"id":33067,"date":"2023-05-19T16:11:47","date_gmt":"2023-05-19T14:11:47","guid":{"rendered":"https:\/\/suissepoulailler.ch\/?post_type=product&#038;p=33067"},"modified":"2025-09-19T21:03:34","modified_gmt":"2025-09-19T19:03:34","slug":"spray-destructeur-dodeurs","status":"publish","type":"product","link":"https:\/\/suissepoulailler.ch\/de\/produits\/accessoires\/entretien-du-poulailler\/spray-destructeur-dodeurs\/","title":{"rendered":"Spray destructeur d&rsquo;odeurs"},"content":{"rendered":"<p>Id\u00e9al pour les maisons et lieux o\u00f9 cohabitent des animaux.<\/p>\n<p>Eradique les odeurs d&rsquo;animaux en d\u00e9truisant les bact\u00e9ries qui en sont \u00e0 l&rsquo;origine.<br \/>\nLaisse une odeur agr\u00e9able et durable de pin des Landes, bien accept\u00e9e des animaux.<br \/>\nS&rsquo;utilise sur les textiles, tapis, moquettes, canap\u00e9s..<\/p>\n<p>SANITERPEN est le sp\u00e9cialiste de l&rsquo;environnement animal. Les produits sont fabriqu\u00e9s \u00e0 partir des terp\u00e8nes, issus du pin des Landes \u00e0 l&rsquo;efficacit\u00e9 naturelle. Le pin des Landes conf\u00e8re des qualit\u00e9s d\u00e9tergentes, d\u00e9graissantes, solvantes et odorisantes. SANITERPEN offre aussi une meilleure mouillabilit\u00e9, une augmentation de la performance d\u00e9sinfectante ou insecticide et une am\u00e9lioration de la dispersion.<br \/>\n<strong>Utilisez les produits biocides avec pr\u00e9caution.<\/strong><br \/>\nAvant toute utilisation, lisez l\u2019\u00e9tiquette et les informations concernant le produit.<\/p>","protected":false},"excerpt":{"rendered":"<p>Id\u00e9al pour les maisons et lieux o\u00f9 cohabitent des animaux. Eradique les odeurs d&rsquo;animaux en d\u00e9truisant les bact\u00e9ries qui en sont \u00e0 l&rsquo;origine. Laisse une odeur agr\u00e9able et durable de pin des Landes, bien accept\u00e9e des animaux. S&rsquo;utilise sur les textiles, tapis, moquettes, canap\u00e9s.. SANITERPEN est le sp\u00e9cialiste de l&rsquo;environnement animal. Les produits sont fabriqu\u00e9s [&hellip;]<\/p>\n","protected":false},"featured_media":33068,"comment_status":"closed","ping_status":"closed","template":"","meta":[],"product_brand":[],"product_cat":[33,63,61],"product_tag":[],"class_list":{"0":"post-33067","1":"product","2":"type-product","3":"status-publish","4":"has-post-thumbnail","6":"product_cat-accessoires","7":"product_cat-entretien-du-poulailler","8":"product_cat-soin","9":"product_shipping_class-livraison-de-tous-les-produits-a-lexception-des-poulaillers","11":"first","12":"outofstock","13":"taxable","14":"shipping-taxable","15":"purchasable","16":"product-type-simple"},"_links":{"self":[{"href":"https:\/\/suissepoulailler.ch\/de\/wp-json\/wp\/v2\/product\/33067","targetHints":{"allow":["GET"]}}],"collection":[{"href":"https:\/\/suissepoulailler.ch\/de\/wp-json\/wp\/v2\/product"}],"about":[{"href":"https:\/\/suissepoulailler.ch\/de\/wp-json\/wp\/v2\/types\/product"}],"replies":[{"embeddable":true,"href":"https:\/\/suissepoulailler.ch\/de\/wp-json\/wp\/v2\/comments?post=33067"}],"version-history":[{"count":1,"href":"https:\/\/suissepoulailler.ch\/de\/wp-json\/wp\/v2\/product\/33067\/revisions"}],"predecessor-version":[{"id":33069,"href":"https:\/\/suissepoulailler.ch\/de\/wp-json\/wp\/v2\/product\/33067\/revisions\/33069"}],"wp:featuredmedia":[{"embeddable":true,"href":"https:\/\/suissepoulailler.ch\/de\/wp-json\/wp\/v2\/media\/33068"}],"wp:attachment":[{"href":"https:\/\/suissepoulailler.ch\/de\/wp-json\/wp\/v2\/media?parent=33067"}],"wp:term":[{"taxonomy":"product_brand","embeddable":true,"href":"https:\/\/suissepoulailler.ch\/de\/wp-json\/wp\/v2\/product_brand?post=33067"},{"taxonomy":"product_cat","embeddable":true,"href":"https:\/\/suissepoulailler.ch\/de\/wp-json\/wp\/v2\/product_cat?post=33067"},{"taxonomy":"product_tag","embeddable":true,"href":"https:\/\/suissepoulailler.ch\/de\/wp-json\/wp\/v2\/product_tag?post=33067"}],"curies":[{"name":"wp","href":"https:\/\/api.w.org\/{rel}","templated":true}]}}