{"id":33047,"date":"2023-05-19T08:04:22","date_gmt":"2023-05-19T06:04:22","guid":{"rendered":"https:\/\/suissepoulailler.ch\/?post_type=product&#038;p=33047"},"modified":"2026-03-29T22:29:15","modified_gmt":"2026-03-29T20:29:15","slug":"levure-de-biere-dreche-copie","status":"publish","type":"product","link":"https:\/\/suissepoulailler.ch\/de\/produits\/evena\/cailles\/levure-de-biere-dreche-copie\/","title":{"rendered":"Levure de bi\u00e8re (dr\u00eache) 2 kg"},"content":{"rendered":"<h2>La levure de bi\u00e8re est un pr\u00e9cieux compl\u00e9ment pour l&rsquo;immunit\u00e9 et le bon m\u00e9tabolisme de nos poules.<\/h2>\n<p>La levure de bi\u00e8re est un<strong>\u00a0stimulant du syst\u00e8me immunitaire,<\/strong>\u00a0agit positivement sur la\u00a0<strong>croissance et le m\u00e9tabolisme g\u00e9n\u00e9ral<\/strong>\u00a0de tous les animaux et des volailles. Elle est riche en\u00a0<strong>acides amin\u00e9s<\/strong>\u00a0essentiels, en<strong>\u00a0vitamines B<\/strong>\u00a0hydrosolubles (acide folique et biotine), en\u00a0<strong>min\u00e9raux et en oligo-\u00e9l\u00e9ments.<\/strong><\/p>\n<p>La levure de bi\u00e8re est efficace pour lutter contre les<strong>\u00a0troubles intestinaux<\/strong>, elle am\u00e9liore aussi la bonne\u00a0<strong>digestion et absorption des nutriments<\/strong>.<br \/>\nElle est recommand\u00e9e notamment apr\u00e8s l\u2019utilisation de vermifuges, de m\u00e9dicaments ou antibiotiques en aidant \u00e0\u00a0<strong>r\u00e9g\u00e9n\u00e9rer la flore intestinale<\/strong>.<\/p>\n<p>Elle aide \u00e0 une\u00a0<strong>belle peau, de jolies plumes, phan\u00e8res et ongles<\/strong>. Int\u00e9ressante lors des changements de saison,<strong>\u00a0lors de la mue<\/strong>\u00a0ou apr\u00e8s la couvaison.<br \/>\nEvite les troubles nerveux.<\/p>\n<p>Composition\u00a0: Dr\u00eaches de bi\u00e8re, levure de bi\u00e8re.<br \/>\nContenu analytiques\u00a0:<br \/>\nProt\u00e9ine brute : 31%<br \/>\nMati\u00e8res grasses brutes : 7%<br \/>\nFibres brutes : 9,5%<br \/>\nCendres brutes : 5,5%<br \/>\nLysine : 1,8%<br \/>\nM\u00e9thionine : 0,6%<br \/>\nSodium : 0,1%<\/p>\n<p>Sachet opaque 2 kg .<br \/>\nDosage : 3 \u00e0 5% m\u00e9lang\u00e9 \u00e0 la ration journali\u00e8re. (Ainsi un sachet de 1 kg convient \u00e0 une cure de 1 mois pour 6 poules, environ).<br \/>\nUtilisable chez toutes les esp\u00e8ces animales.<\/p>","protected":false},"excerpt":{"rendered":"<p>La levure de bi\u00e8re est un pr\u00e9cieux compl\u00e9ment pour l&rsquo;immunit\u00e9 et le bon m\u00e9tabolisme de nos poules. La levure de bi\u00e8re est un\u00a0stimulant du syst\u00e8me immunitaire,\u00a0agit positivement sur la\u00a0croissance et le m\u00e9tabolisme g\u00e9n\u00e9ral\u00a0de tous les animaux et des volailles. Elle est riche en\u00a0acides amin\u00e9s\u00a0essentiels, en\u00a0vitamines B\u00a0hydrosolubles (acide folique et biotine), en\u00a0min\u00e9raux et en oligo-\u00e9l\u00e9ments. La [&hellip;]<\/p>\n","protected":false},"featured_media":33045,"comment_status":"closed","ping_status":"closed","template":"","meta":[],"product_brand":[],"product_cat":[33,96,60,61],"product_tag":[],"class_list":{"0":"post-33047","1":"product","2":"type-product","3":"status-publish","4":"has-post-thumbnail","6":"product_cat-accessoires","7":"product_cat-cailles","8":"product_cat-complements-alimentaire","9":"product_cat-soin","10":"product_shipping_class-livraison-de-tous-les-produits-a-lexception-des-poulaillers","12":"first","13":"instock","14":"taxable","15":"shipping-taxable","16":"purchasable","17":"product-type-simple"},"_links":{"self":[{"href":"https:\/\/suissepoulailler.ch\/de\/wp-json\/wp\/v2\/product\/33047","targetHints":{"allow":["GET"]}}],"collection":[{"href":"https:\/\/suissepoulailler.ch\/de\/wp-json\/wp\/v2\/product"}],"about":[{"href":"https:\/\/suissepoulailler.ch\/de\/wp-json\/wp\/v2\/types\/product"}],"replies":[{"embeddable":true,"href":"https:\/\/suissepoulailler.ch\/de\/wp-json\/wp\/v2\/comments?post=33047"}],"version-history":[{"count":3,"href":"https:\/\/suissepoulailler.ch\/de\/wp-json\/wp\/v2\/product\/33047\/revisions"}],"predecessor-version":[{"id":34022,"href":"https:\/\/suissepoulailler.ch\/de\/wp-json\/wp\/v2\/product\/33047\/revisions\/34022"}],"wp:featuredmedia":[{"embeddable":true,"href":"https:\/\/suissepoulailler.ch\/de\/wp-json\/wp\/v2\/media\/33045"}],"wp:attachment":[{"href":"https:\/\/suissepoulailler.ch\/de\/wp-json\/wp\/v2\/media?parent=33047"}],"wp:term":[{"taxonomy":"product_brand","embeddable":true,"href":"https:\/\/suissepoulailler.ch\/de\/wp-json\/wp\/v2\/product_brand?post=33047"},{"taxonomy":"product_cat","embeddable":true,"href":"https:\/\/suissepoulailler.ch\/de\/wp-json\/wp\/v2\/product_cat?post=33047"},{"taxonomy":"product_tag","embeddable":true,"href":"https:\/\/suissepoulailler.ch\/de\/wp-json\/wp\/v2\/product_tag?post=33047"}],"curies":[{"name":"wp","href":"https:\/\/api.w.org\/{rel}","templated":true}]}}