{"id":33040,"date":"2023-05-19T07:53:43","date_gmt":"2023-05-19T05:53:43","guid":{"rendered":"https:\/\/suissepoulailler.ch\/?post_type=product&#038;p=33040"},"modified":"2026-05-09T09:52:08","modified_gmt":"2026-05-09T07:52:08","slug":"insecticide-dk-contre-les-poux","status":"publish","type":"product","link":"https:\/\/suissepoulailler.ch\/de\/produits\/evena\/cailles\/insecticide-dk-contre-les-poux\/","title":{"rendered":"Insecticide DK contre les poux spray pr\u00eat \u00e0 l&#8217;emploi 750 ml"},"content":{"rendered":"<h2>Saniterpen DK est un insecticide professionnel qui traite poux et parasites du poulailler.<\/h2>\n<h3>DK propose un effet choc et une r\u00e9manence jusqu&rsquo;\u00e0 6 semaines, id\u00e9al lors d&rsquo;infestations de poux.<\/h3>\n<p>La solution DK d\u00e9truit efficacement les parasites du poulailler, en particulier<strong>\u00a0les poux rouges et les poux broyeurs<\/strong>\u00a0(mallophages), les insectes volants, mouches, t\u00e9n\u00e9brions, tiques, puces, blattes etc&#8230;<\/p>\n<p>La solution traitante est la Deltam\u00e9thrine qui \u00e0 l&rsquo;avantage de provoquer une r\u00e9action par simple contact ou ingestion m\u00eame \u00e0 tr\u00e8s faibles doses.<br \/>\nAction acaricide compl\u00e8te,\u00a0<strong>tue les \u0153ufs, les larves et les adultes.<\/strong><br \/>\nA utiliser en pulv\u00e9risation\u00a0dans le poulailler. Elle est sp\u00e9cialement \u00e9tudi\u00e9e pour traiter tout\u00a0<strong>l&rsquo;environnement au contact de l&rsquo;animal<\/strong>.<\/p>\n<p>&#8211; Flacon spray 750 ml d\u00e9j\u00e0 dilu\u00e9 pr\u00eat \u00e0 l&#8217;emploi.<\/p>","protected":false},"excerpt":{"rendered":"<p>Saniterpen DK est un insecticide professionnel qui traite poux et parasites du poulailler. DK propose un effet choc et une r\u00e9manence jusqu&rsquo;\u00e0 6 semaines, id\u00e9al lors d&rsquo;infestations de poux. La solution DK d\u00e9truit efficacement les parasites du poulailler, en particulier\u00a0les poux rouges et les poux broyeurs\u00a0(mallophages), les insectes volants, mouches, t\u00e9n\u00e9brions, tiques, puces, blattes etc&#8230; [&hellip;]<\/p>\n","protected":false},"featured_media":33041,"comment_status":"closed","ping_status":"closed","template":"","meta":[],"product_brand":[],"product_cat":[33,96,63,61],"product_tag":[],"class_list":{"0":"post-33040","1":"product","2":"type-product","3":"status-publish","4":"has-post-thumbnail","6":"product_cat-accessoires","7":"product_cat-cailles","8":"product_cat-entretien-du-poulailler","9":"product_cat-soin","10":"product_shipping_class-livraison-de-tous-les-produits-a-lexception-des-poulaillers","12":"first","13":"onbackorder","14":"taxable","15":"shipping-taxable","16":"purchasable","17":"product-type-simple"},"_links":{"self":[{"href":"https:\/\/suissepoulailler.ch\/de\/wp-json\/wp\/v2\/product\/33040","targetHints":{"allow":["GET"]}}],"collection":[{"href":"https:\/\/suissepoulailler.ch\/de\/wp-json\/wp\/v2\/product"}],"about":[{"href":"https:\/\/suissepoulailler.ch\/de\/wp-json\/wp\/v2\/types\/product"}],"replies":[{"embeddable":true,"href":"https:\/\/suissepoulailler.ch\/de\/wp-json\/wp\/v2\/comments?post=33040"}],"version-history":[{"count":3,"href":"https:\/\/suissepoulailler.ch\/de\/wp-json\/wp\/v2\/product\/33040\/revisions"}],"predecessor-version":[{"id":34919,"href":"https:\/\/suissepoulailler.ch\/de\/wp-json\/wp\/v2\/product\/33040\/revisions\/34919"}],"wp:featuredmedia":[{"embeddable":true,"href":"https:\/\/suissepoulailler.ch\/de\/wp-json\/wp\/v2\/media\/33041"}],"wp:attachment":[{"href":"https:\/\/suissepoulailler.ch\/de\/wp-json\/wp\/v2\/media?parent=33040"}],"wp:term":[{"taxonomy":"product_brand","embeddable":true,"href":"https:\/\/suissepoulailler.ch\/de\/wp-json\/wp\/v2\/product_brand?post=33040"},{"taxonomy":"product_cat","embeddable":true,"href":"https:\/\/suissepoulailler.ch\/de\/wp-json\/wp\/v2\/product_cat?post=33040"},{"taxonomy":"product_tag","embeddable":true,"href":"https:\/\/suissepoulailler.ch\/de\/wp-json\/wp\/v2\/product_tag?post=33040"}],"curies":[{"name":"wp","href":"https:\/\/api.w.org\/{rel}","templated":true}]}}