{"id":33031,"date":"2023-05-17T17:59:52","date_gmt":"2023-05-17T15:59:52","guid":{"rendered":"https:\/\/suissepoulailler.ch\/?post_type=product&#038;p=33031"},"modified":"2026-04-10T18:07:15","modified_gmt":"2026-04-10T16:07:15","slug":"bloc-mineraux-et-cereales","status":"publish","type":"product","link":"https:\/\/suissepoulailler.ch\/de\/produits\/evena\/cailles\/bloc-mineraux-et-cereales\/","title":{"rendered":"Bloc min\u00e9raux et c\u00e9r\u00e9ales"},"content":{"rendered":"<h2>Le picorage du bloc occupe les volailles, r\u00e9duit le picage et apporte un compl\u00e9ment min\u00e9ral \u00e0 leur alimentation pour leur bonne forme.<\/h2>\n<p>Id\u00e9al pour les poules, pintades et poulets en voli\u00e8re, ou \u00e0 utiliser en p\u00e9riodes humides o\u00f9 les poules restent cloitr\u00e9es dans leurs abris.<\/p>\n<p>Ces apports en Calcium, min\u00e9raux et oligo-\u00e9l\u00e9ments am\u00e9liorent\u00a0<strong>la qualit\u00e9 de la coquille de l\u2019\u0153uf,<\/strong>\u00a0aide les jeunes \u00e0\u00a0<strong>bien grandir<\/strong>, augmente la\u00a0<strong>r\u00e9sistance immunitaire<\/strong>\u00a0und\u00a0<strong>r\u00e9duit le stress<\/strong>.<\/p>\n<p><strong>COMPOSITION<\/strong>\u00a0:<br \/>\nCoquilles marines broy\u00e9es, Sulfate de calcium, Phosphate b-calcique, Oxyde de magn\u00e9sie, Carbonate de calcium, sel, lithothamne,<br \/>\nc\u00e9r\u00e9ales garanties sans OGM.<\/p>\n<p><strong>CONSTITUANTS ANALYTIQUES\u00a0<\/strong>:<br \/>\nCalcium 27% &#8211; Sodium 2% &#8211; Phosphore 0,3% &#8211; Cendres insolubles 15%.<\/p>\n<p>Bloc de 900 g.<\/p>","protected":false},"excerpt":{"rendered":"<p>Le picorage du bloc occupe les volailles, r\u00e9duit le picage et apporte un compl\u00e9ment min\u00e9ral \u00e0 leur alimentation pour leur bonne forme. Id\u00e9al pour les poules, pintades et poulets en voli\u00e8re, ou \u00e0 utiliser en p\u00e9riodes humides o\u00f9 les poules restent cloitr\u00e9es dans leurs abris. Ces apports en Calcium, min\u00e9raux et oligo-\u00e9l\u00e9ments am\u00e9liorent\u00a0la qualit\u00e9 de [&hellip;]<\/p>\n","protected":false},"featured_media":33032,"comment_status":"closed","ping_status":"closed","template":"","meta":[],"product_brand":[],"product_cat":[33,96,60],"product_tag":[],"class_list":{"0":"post-33031","1":"product","2":"type-product","3":"status-publish","4":"has-post-thumbnail","6":"product_cat-accessoires","7":"product_cat-cailles","8":"product_cat-complements-alimentaire","9":"product_shipping_class-livraison-de-tous-les-produits-a-lexception-des-poulaillers","11":"first","12":"instock","13":"taxable","14":"shipping-taxable","15":"purchasable","16":"product-type-simple"},"_links":{"self":[{"href":"https:\/\/suissepoulailler.ch\/de\/wp-json\/wp\/v2\/product\/33031","targetHints":{"allow":["GET"]}}],"collection":[{"href":"https:\/\/suissepoulailler.ch\/de\/wp-json\/wp\/v2\/product"}],"about":[{"href":"https:\/\/suissepoulailler.ch\/de\/wp-json\/wp\/v2\/types\/product"}],"replies":[{"embeddable":true,"href":"https:\/\/suissepoulailler.ch\/de\/wp-json\/wp\/v2\/comments?post=33031"}],"version-history":[{"count":1,"href":"https:\/\/suissepoulailler.ch\/de\/wp-json\/wp\/v2\/product\/33031\/revisions"}],"predecessor-version":[{"id":33035,"href":"https:\/\/suissepoulailler.ch\/de\/wp-json\/wp\/v2\/product\/33031\/revisions\/33035"}],"wp:featuredmedia":[{"embeddable":true,"href":"https:\/\/suissepoulailler.ch\/de\/wp-json\/wp\/v2\/media\/33032"}],"wp:attachment":[{"href":"https:\/\/suissepoulailler.ch\/de\/wp-json\/wp\/v2\/media?parent=33031"}],"wp:term":[{"taxonomy":"product_brand","embeddable":true,"href":"https:\/\/suissepoulailler.ch\/de\/wp-json\/wp\/v2\/product_brand?post=33031"},{"taxonomy":"product_cat","embeddable":true,"href":"https:\/\/suissepoulailler.ch\/de\/wp-json\/wp\/v2\/product_cat?post=33031"},{"taxonomy":"product_tag","embeddable":true,"href":"https:\/\/suissepoulailler.ch\/de\/wp-json\/wp\/v2\/product_tag?post=33031"}],"curies":[{"name":"wp","href":"https:\/\/api.w.org\/{rel}","templated":true}]}}