{"id":33028,"date":"2023-05-17T17:55:21","date_gmt":"2023-05-17T15:55:21","guid":{"rendered":"https:\/\/suissepoulailler.ch\/?post_type=product&#038;p=33028"},"modified":"2026-05-03T16:28:56","modified_gmt":"2026-05-03T14:28:56","slug":"baba-poule-soulage-le-stress-des-poules","status":"publish","type":"product","link":"https:\/\/suissepoulailler.ch\/de\/produits\/accessoires\/complements-alimentaire\/baba-poule-soulage-le-stress-des-poules\/","title":{"rendered":"Baba-Poule soulage le stress des poules"},"content":{"rendered":"<p>Environnement bruyant ou mena\u00e7ant (pr\u00e9sence de pr\u00e9dateur, chien, nuisibles) changements d&rsquo;habitat, d&rsquo;alimentation, changement de cheptel, de poulailler, d&rsquo;enclos, int\u00e9gration de nouveaux sujets, claustration, etc&#8230; Baba-poule est un\u00a0<strong>soin naturel<\/strong>\u00a0efficace qui contribue \u00e0<strong>\u00a0limiter les r\u00e9actions de stress,<\/strong>\u00a0telles que\u00a0<a href=\"https:\/\/www.poulaillerdesign.com\/soins-phyto-naturels-des-poules\/279-proponte-ponte-croissance.html\">chute de ponte<\/a>, agitation, picage, d\u00e9plumage autour du cou, etc\u2026<\/p>\n<p>Pr\u00e9paration naturelle \u00e0 base de\u00a0<strong>plantes apaisantes<\/strong>: Val\u00e9riane, camomille romaine, Jasmin jaune.<br \/>\nCe mix de plantes assure \u00e0 la fois un bien-\u00eatre imm\u00e9diat suivant la consommation, ainsi que sur les jours suivants, ceci pendant toute la dur\u00e9e de distribution.<\/p>\n<p>\u00c0 diluer dans l&rsquo;eau de boisson, 250 ml = 50 litres.<br \/>\nDistribution compatible avec la consommation des \u0153ufs. Compl\u00e9ment alimentaire r\u00e9serv\u00e9 \u00e0 l&rsquo;alimentation animale.<br \/>\nPeut s&rsquo;utiliser sur les sujets en p\u00e9riode de ponte et les jeunes en croissance.<\/p>","protected":false},"excerpt":{"rendered":"<p>Environnement bruyant ou mena\u00e7ant (pr\u00e9sence de pr\u00e9dateur, chien, nuisibles) changements d&rsquo;habitat, d&rsquo;alimentation, changement de cheptel, de poulailler, d&rsquo;enclos, int\u00e9gration de nouveaux sujets, claustration, etc&#8230; Baba-poule est un\u00a0soin naturel\u00a0efficace qui contribue \u00e0\u00a0limiter les r\u00e9actions de stress,\u00a0telles que\u00a0chute de ponte, agitation, picage, d\u00e9plumage autour du cou, etc\u2026 Pr\u00e9paration naturelle \u00e0 base de\u00a0plantes apaisantes: Val\u00e9riane, camomille romaine, Jasmin [&hellip;]<\/p>\n","protected":false},"featured_media":33029,"comment_status":"closed","ping_status":"closed","template":"","meta":[],"product_brand":[],"product_cat":[33,60,61],"product_tag":[],"class_list":{"0":"post-33028","1":"product","2":"type-product","3":"status-publish","4":"has-post-thumbnail","6":"product_cat-accessoires","7":"product_cat-complements-alimentaire","8":"product_cat-soin","9":"product_shipping_class-livraison-de-tous-les-produits-a-lexception-des-poulaillers","11":"first","12":"instock","13":"taxable","14":"shipping-taxable","15":"purchasable","16":"product-type-simple"},"_links":{"self":[{"href":"https:\/\/suissepoulailler.ch\/de\/wp-json\/wp\/v2\/product\/33028","targetHints":{"allow":["GET"]}}],"collection":[{"href":"https:\/\/suissepoulailler.ch\/de\/wp-json\/wp\/v2\/product"}],"about":[{"href":"https:\/\/suissepoulailler.ch\/de\/wp-json\/wp\/v2\/types\/product"}],"replies":[{"embeddable":true,"href":"https:\/\/suissepoulailler.ch\/de\/wp-json\/wp\/v2\/comments?post=33028"}],"version-history":[{"count":1,"href":"https:\/\/suissepoulailler.ch\/de\/wp-json\/wp\/v2\/product\/33028\/revisions"}],"predecessor-version":[{"id":33030,"href":"https:\/\/suissepoulailler.ch\/de\/wp-json\/wp\/v2\/product\/33028\/revisions\/33030"}],"wp:featuredmedia":[{"embeddable":true,"href":"https:\/\/suissepoulailler.ch\/de\/wp-json\/wp\/v2\/media\/33029"}],"wp:attachment":[{"href":"https:\/\/suissepoulailler.ch\/de\/wp-json\/wp\/v2\/media?parent=33028"}],"wp:term":[{"taxonomy":"product_brand","embeddable":true,"href":"https:\/\/suissepoulailler.ch\/de\/wp-json\/wp\/v2\/product_brand?post=33028"},{"taxonomy":"product_cat","embeddable":true,"href":"https:\/\/suissepoulailler.ch\/de\/wp-json\/wp\/v2\/product_cat?post=33028"},{"taxonomy":"product_tag","embeddable":true,"href":"https:\/\/suissepoulailler.ch\/de\/wp-json\/wp\/v2\/product_tag?post=33028"}],"curies":[{"name":"wp","href":"https:\/\/api.w.org\/{rel}","templated":true}]}}