{"id":32898,"date":"2023-03-16T21:29:08","date_gmt":"2023-03-16T20:29:08","guid":{"rendered":"https:\/\/suissepoulailler.ch\/?post_type=product&#038;p=32898"},"modified":"2025-07-29T07:40:23","modified_gmt":"2025-07-29T05:40:23","slug":"abreuvoir-seau-peint-4-l","status":"publish","type":"product","link":"https:\/\/suissepoulailler.ch\/de\/produits\/uncategorized\/abreuvoir-seau-peint-4-l\/","title":{"rendered":"ABREUVOIR SEAU PEINT 4 L."},"content":{"rendered":"<div class=\"elementor-element elementor-element-0da2ff6 elementor-widget elementor-widget-text-editor\" data-id=\"0da2ff6\" data-element_type=\"widget\" data-widget_type=\"text-editor.default\">\n<div class=\"elementor-widget-container\">\n<div class=\"elementor-text-editor elementor-clearfix\"><span data-sheets-value=\"{&quot;1&quot;:2,&quot;2&quot;:&quot;Abreuvoir en m\u00e9tal peint et en forme de seau. Il a la particularit\u00e9 de pouvoir se mettre \u00e0 plat et l'eau s\u00b4\u00e9coule \u00e0 niveau constant sans se renverser. Sa poign\u00e9e pratique le rend facile \u00e0 transporter. Couleur rouge.&quot;}\" data-sheets-userformat=\"{&quot;2&quot;:8703,&quot;3&quot;:{&quot;1&quot;:0,&quot;3&quot;:1},&quot;4&quot;:{&quot;1&quot;:2,&quot;2&quot;:16776960},&quot;5&quot;:{&quot;1&quot;:[{&quot;1&quot;:2,&quot;2&quot;:0,&quot;5&quot;:{&quot;1&quot;:2,&quot;2&quot;:0}},{&quot;1&quot;:0,&quot;2&quot;:0,&quot;3&quot;:3},{&quot;1&quot;:1,&quot;2&quot;:0,&quot;4&quot;:1}]},&quot;6&quot;:{&quot;1&quot;:[{&quot;1&quot;:2,&quot;2&quot;:0,&quot;5&quot;:{&quot;1&quot;:2,&quot;2&quot;:0}},{&quot;1&quot;:0,&quot;2&quot;:0,&quot;3&quot;:3},{&quot;1&quot;:1,&quot;2&quot;:0,&quot;4&quot;:1}]},&quot;7&quot;:{&quot;1&quot;:[{&quot;1&quot;:2,&quot;2&quot;:0,&quot;5&quot;:{&quot;1&quot;:2,&quot;2&quot;:0}},{&quot;1&quot;:0,&quot;2&quot;:0,&quot;3&quot;:3},{&quot;1&quot;:1,&quot;2&quot;:0,&quot;4&quot;:1}]},&quot;8&quot;:{&quot;1&quot;:[{&quot;1&quot;:2,&quot;2&quot;:0,&quot;5&quot;:{&quot;1&quot;:2,&quot;2&quot;:0}},{&quot;1&quot;:0,&quot;2&quot;:0,&quot;3&quot;:3},{&quot;1&quot;:1,&quot;2&quot;:0,&quot;4&quot;:1}]},&quot;9&quot;:1,&quot;10&quot;:1,&quot;11&quot;:4,&quot;16&quot;:11}\">Abreuvoir en m\u00e9tal peint et en forme de seau. Il a la particularit\u00e9 de pouvoir se mettre \u00e0 plat et l\u2019eau s\u00b4\u00e9coule \u00e0 niveau constant sans se renverser. Sa poign\u00e9e pratique le rend facile \u00e0 transporter. Couleur rouge.<\/span><\/div>\n<\/div>\n<\/div>\n<div class=\"elementor-element elementor-element-7d5f4f1 dimensiones elementor-widget elementor-widget-text-editor\" data-id=\"7d5f4f1\" data-element_type=\"widget\" data-widget_type=\"text-editor.default\">\n<div class=\"elementor-widget-container\">\n<div class=\"elementor-text-editor elementor-clearfix\">Dimensions : \u00d8235 X 200 h<\/div>\n<\/div>\n<\/div>\n<div class=\"elementor-element elementor-element-bcc7807 unidadescaja elementor-widget elementor-widget-text-editor\" data-id=\"bcc7807\" data-element_type=\"widget\" data-widget_type=\"text-editor.default\">\n<div class=\"elementor-widget-container\"><\/div>\n<\/div>\n","protected":false},"excerpt":{"rendered":"<p>Abreuvoir en m\u00e9tal peint et en forme de seau. Il a la particularit\u00e9 de pouvoir se mettre \u00e0 plat et l\u2019eau s\u00b4\u00e9coule \u00e0 niveau constant sans se renverser. Sa poign\u00e9e pratique le rend facile \u00e0 transporter. Couleur rouge. Dimensions : \u00d8235 X 200 h<\/p>","protected":false},"featured_media":32899,"comment_status":"closed","ping_status":"closed","template":"","meta":[],"product_brand":[],"product_cat":[20],"product_tag":[],"class_list":{"0":"post-32898","1":"product","2":"type-product","3":"status-publish","4":"has-post-thumbnail","6":"product_cat-uncategorized","7":"product_shipping_class-livraison-de-tous-les-produits-a-lexception-des-poulaillers","9":"first","10":"instock","11":"sale","12":"taxable","13":"shipping-taxable","14":"purchasable","15":"product-type-simple"},"_links":{"self":[{"href":"https:\/\/suissepoulailler.ch\/de\/wp-json\/wp\/v2\/product\/32898","targetHints":{"allow":["GET"]}}],"collection":[{"href":"https:\/\/suissepoulailler.ch\/de\/wp-json\/wp\/v2\/product"}],"about":[{"href":"https:\/\/suissepoulailler.ch\/de\/wp-json\/wp\/v2\/types\/product"}],"replies":[{"embeddable":true,"href":"https:\/\/suissepoulailler.ch\/de\/wp-json\/wp\/v2\/comments?post=32898"}],"version-history":[{"count":1,"href":"https:\/\/suissepoulailler.ch\/de\/wp-json\/wp\/v2\/product\/32898\/revisions"}],"predecessor-version":[{"id":32900,"href":"https:\/\/suissepoulailler.ch\/de\/wp-json\/wp\/v2\/product\/32898\/revisions\/32900"}],"wp:featuredmedia":[{"embeddable":true,"href":"https:\/\/suissepoulailler.ch\/de\/wp-json\/wp\/v2\/media\/32899"}],"wp:attachment":[{"href":"https:\/\/suissepoulailler.ch\/de\/wp-json\/wp\/v2\/media?parent=32898"}],"wp:term":[{"taxonomy":"product_brand","embeddable":true,"href":"https:\/\/suissepoulailler.ch\/de\/wp-json\/wp\/v2\/product_brand?post=32898"},{"taxonomy":"product_cat","embeddable":true,"href":"https:\/\/suissepoulailler.ch\/de\/wp-json\/wp\/v2\/product_cat?post=32898"},{"taxonomy":"product_tag","embeddable":true,"href":"https:\/\/suissepoulailler.ch\/de\/wp-json\/wp\/v2\/product_tag?post=32898"}],"curies":[{"name":"wp","href":"https:\/\/api.w.org\/{rel}","templated":true}]}}