{"id":32836,"date":"2023-02-27T16:51:57","date_gmt":"2023-02-27T15:51:57","guid":{"rendered":"https:\/\/suissepoulailler.ch\/?post_type=product&#038;p=32836"},"modified":"2023-12-22T13:13:12","modified_gmt":"2023-12-22T12:13:12","slug":"maison-a-cailles","status":"publish","type":"product","link":"https:\/\/suissepoulailler.ch\/de\/produits\/evena\/cailles\/maison-a-cailles\/","title":{"rendered":"Maison \u00e0 cailles"},"content":{"rendered":"<p><strong>Description<\/strong><\/p>\n<p>Suisse Poulailler vous propose une construction robuste et artisanale. Un plancher sur\u00e9lev\u00e9 avec des lames de sapin, des faces en 3 plis sapin de 19 mm et un toit en pente r\u00e9sistant apporteront une longue vie \u00e0 votre maison \u00e0 cailles ainsi qu\u2019une excellente isolation. Vos Cailles seront \u00e0 l\u2019abri du vent, du froid et des intemp\u00e9ries dans leur nouveau foyer.<\/p>\n<p>La maison \u00e0 Cailles dispose de deux \u00e9tages int\u00e9rieurs et ext\u00e9rieurs reli\u00e9s par deux \u00e9chelles, qui permettent aux cailles de se d\u00e9placer ais\u00e9ment dans leur habitat. Il y a la possibilit\u00e9 de fermer les compartiments int\u00e9rieurs.<\/p>\n<p>La maison dispose deux fen\u00eatres avec deux verres synth\u00e9tiques fixes.<\/p>\n<p><em><strong>Des options suppl\u00e9mentaires sont disponibles pour ce poulailler.<\/strong><\/em><\/p>\n<p><strong>Fiche technique du produit<\/strong><\/p>\n<p>Dimensions de la maison \u00e0 cailles :<\/p>\n<p>L200cmxL100xmxH150cm (bas H130cm) = 2 m2<\/p>\n<p>Fen\u00eatre sur la Porte\u00a0 : 300mm\/300mm avec treillis hexagonal \u00d8 0,7 mm, dim. maille 13 mm, fortement galvanis\u00e9<\/p>\n<p>Vis en Inox<\/p>\n<p>2x Portes principales<\/p>\n<p>2x loqueteaux galvanis\u00e9s<\/p>\n<p><em>Notre essence de bois<\/em><\/p>\n<p>Structure en carrelets rabot\u00e9s, Sapin\/Epic\u00e9a Suisse.<\/p>\n<p>Parois en panneaux coll\u00e9s 3 plis Sapin Suisse.<\/p>\n<p>Plancher et fond en sapin massif Suisse.<\/p>\n<p>&nbsp;<\/p>\n<p>D\u00e9lai de fabrication : 14-20 jours ouvrables<\/p>","protected":false},"excerpt":{"rendered":"<p>Description Suisse Poulailler vous propose une construction robuste et artisanale. Un plancher sur\u00e9lev\u00e9 avec des lames de sapin, des faces en 3 plis sapin de 19 mm et un toit en pente r\u00e9sistant apporteront une longue vie \u00e0 votre maison \u00e0 cailles ainsi qu\u2019une excellente isolation. Vos Cailles seront \u00e0 l\u2019abri du vent, du froid [&hellip;]<\/p>\n","protected":false},"featured_media":32839,"comment_status":"open","ping_status":"closed","template":"","meta":[],"product_brand":[],"product_cat":[86,64,96,99,98],"product_tag":[],"class_list":{"0":"post-32836","1":"product","2":"type-product","3":"status-publish","4":"has-post-thumbnail","6":"product_cat-autres-animaux","7":"product_cat-autres-habitacles","8":"product_cat-cailles","9":"product_cat-clapiers","10":"product_cat-lapin","11":"product_shipping_class-livraison-poulaillers","12":"aux-has-gallery","14":"first","15":"instock","16":"taxable","17":"shipping-taxable","18":"purchasable","19":"product-type-simple"},"_links":{"self":[{"href":"https:\/\/suissepoulailler.ch\/de\/wp-json\/wp\/v2\/product\/32836","targetHints":{"allow":["GET"]}}],"collection":[{"href":"https:\/\/suissepoulailler.ch\/de\/wp-json\/wp\/v2\/product"}],"about":[{"href":"https:\/\/suissepoulailler.ch\/de\/wp-json\/wp\/v2\/types\/product"}],"replies":[{"embeddable":true,"href":"https:\/\/suissepoulailler.ch\/de\/wp-json\/wp\/v2\/comments?post=32836"}],"version-history":[{"count":2,"href":"https:\/\/suissepoulailler.ch\/de\/wp-json\/wp\/v2\/product\/32836\/revisions"}],"predecessor-version":[{"id":32841,"href":"https:\/\/suissepoulailler.ch\/de\/wp-json\/wp\/v2\/product\/32836\/revisions\/32841"}],"wp:featuredmedia":[{"embeddable":true,"href":"https:\/\/suissepoulailler.ch\/de\/wp-json\/wp\/v2\/media\/32839"}],"wp:attachment":[{"href":"https:\/\/suissepoulailler.ch\/de\/wp-json\/wp\/v2\/media?parent=32836"}],"wp:term":[{"taxonomy":"product_brand","embeddable":true,"href":"https:\/\/suissepoulailler.ch\/de\/wp-json\/wp\/v2\/product_brand?post=32836"},{"taxonomy":"product_cat","embeddable":true,"href":"https:\/\/suissepoulailler.ch\/de\/wp-json\/wp\/v2\/product_cat?post=32836"},{"taxonomy":"product_tag","embeddable":true,"href":"https:\/\/suissepoulailler.ch\/de\/wp-json\/wp\/v2\/product_tag?post=32836"}],"curies":[{"name":"wp","href":"https:\/\/api.w.org\/{rel}","templated":true}]}}