{"id":32716,"date":"2023-01-26T15:45:14","date_gmt":"2023-01-26T14:45:14","guid":{"rendered":"https:\/\/suissepoulailler.ch\/?post_type=product&#038;p=32716"},"modified":"2025-01-04T19:08:39","modified_gmt":"2025-01-04T18:08:39","slug":"baume-a-sabots","status":"publish","type":"product","link":"https:\/\/suissepoulailler.ch\/de\/produits\/autres-animaux\/chevaux\/baume-a-sabots\/","title":{"rendered":"Baume \u00e0 sabots"},"content":{"rendered":"<p>Baume \u00e0 sabots \u00e0 l&rsquo;huile de cade, argile verte et huiles v\u00e9g\u00e9tale (cam\u00e9line, ricin)<\/p>\n<p>Tr\u00e8s utiles pour vos \u00e9quid\u00e9s et bovid\u00e9s en cas de pourrissement des fourchettes, gales de boue, crevasses, seimes&#8230;<\/p>\n<p><strong>Sans conservateur et 100 % naturel.\u00a0<\/strong><\/p>\n<p>&nbsp;<\/p>\n<p>Contenance de 250 gr<\/p>","protected":false},"excerpt":{"rendered":"<p>Baume \u00e0 sabots \u00e0 l&rsquo;huile de cade, argile verte et huiles v\u00e9g\u00e9tale (cam\u00e9line, ricin) Tr\u00e8s utiles pour vos \u00e9quid\u00e9s et bovid\u00e9s en cas de pourrissement des fourchettes, gales de boue, crevasses, seimes&#8230; Sans conservateur et 100 % naturel.\u00a0 &nbsp; Contenance de 250 gr<\/p>","protected":false},"featured_media":32717,"comment_status":"closed","ping_status":"closed","template":"","meta":[],"product_brand":[],"product_cat":[86,90],"product_tag":[],"class_list":{"0":"post-32716","1":"product","2":"type-product","3":"status-publish","4":"has-post-thumbnail","6":"product_cat-autres-animaux","7":"product_cat-chevaux","8":"product_shipping_class-livraison-de-tous-les-produits-a-lexception-des-poulaillers","10":"first","11":"instock","12":"sale","13":"taxable","14":"shipping-taxable","15":"purchasable","16":"product-type-simple"},"_links":{"self":[{"href":"https:\/\/suissepoulailler.ch\/de\/wp-json\/wp\/v2\/product\/32716","targetHints":{"allow":["GET"]}}],"collection":[{"href":"https:\/\/suissepoulailler.ch\/de\/wp-json\/wp\/v2\/product"}],"about":[{"href":"https:\/\/suissepoulailler.ch\/de\/wp-json\/wp\/v2\/types\/product"}],"replies":[{"embeddable":true,"href":"https:\/\/suissepoulailler.ch\/de\/wp-json\/wp\/v2\/comments?post=32716"}],"version-history":[{"count":1,"href":"https:\/\/suissepoulailler.ch\/de\/wp-json\/wp\/v2\/product\/32716\/revisions"}],"predecessor-version":[{"id":32718,"href":"https:\/\/suissepoulailler.ch\/de\/wp-json\/wp\/v2\/product\/32716\/revisions\/32718"}],"wp:featuredmedia":[{"embeddable":true,"href":"https:\/\/suissepoulailler.ch\/de\/wp-json\/wp\/v2\/media\/32717"}],"wp:attachment":[{"href":"https:\/\/suissepoulailler.ch\/de\/wp-json\/wp\/v2\/media?parent=32716"}],"wp:term":[{"taxonomy":"product_brand","embeddable":true,"href":"https:\/\/suissepoulailler.ch\/de\/wp-json\/wp\/v2\/product_brand?post=32716"},{"taxonomy":"product_cat","embeddable":true,"href":"https:\/\/suissepoulailler.ch\/de\/wp-json\/wp\/v2\/product_cat?post=32716"},{"taxonomy":"product_tag","embeddable":true,"href":"https:\/\/suissepoulailler.ch\/de\/wp-json\/wp\/v2\/product_tag?post=32716"}],"curies":[{"name":"wp","href":"https:\/\/api.w.org\/{rel}","templated":true}]}}