{"id":32707,"date":"2023-01-26T15:31:48","date_gmt":"2023-01-26T14:31:48","guid":{"rendered":"https:\/\/suissepoulailler.ch\/?post_type=product&#038;p=32707"},"modified":"2025-08-25T06:32:15","modified_gmt":"2025-08-25T04:32:15","slug":"shampoing-tea-tree","status":"publish","type":"product","link":"https:\/\/suissepoulailler.ch\/de\/produits\/autres-animaux\/chats\/shampoing-tea-tree\/","title":{"rendered":"Shampoing tea tree"},"content":{"rendered":"<p>Shampoing \u00e0 l&rsquo;huile essentielle de tea tree sans parab\u00e8ne au ph neutre adapt\u00e9 \u00e0 la peau sensible des animaux.<\/p>\n<div class=\"cat\">Chiens<\/div>\n<div class=\"cat\">Chevaux<\/div>\n<div>Poules<\/div>\n<div><\/div>\n<div>Contenance : 500 ml<\/div>","protected":false},"excerpt":{"rendered":"<p>Shampoing \u00e0 l&rsquo;huile essentielle de tea tree sans parab\u00e8ne au ph neutre adapt\u00e9 \u00e0 la peau sensible des animaux. Chiens Chevaux Poules Contenance : 500 ml<\/p>","protected":false},"featured_media":32708,"comment_status":"closed","ping_status":"closed","template":"","meta":[],"product_brand":[],"product_cat":[33,86,89,90,88,61],"product_tag":[],"class_list":{"0":"post-32707","1":"product","2":"type-product","3":"status-publish","4":"has-post-thumbnail","6":"product_cat-accessoires","7":"product_cat-autres-animaux","8":"product_cat-chats","9":"product_cat-chevaux","10":"product_cat-chiens","11":"product_cat-soin","12":"product_shipping_class-livraison-de-tous-les-produits-a-lexception-des-poulaillers","13":"aux-has-gallery","15":"first","16":"instock","17":"taxable","18":"shipping-taxable","19":"purchasable","20":"product-type-simple"},"_links":{"self":[{"href":"https:\/\/suissepoulailler.ch\/de\/wp-json\/wp\/v2\/product\/32707","targetHints":{"allow":["GET"]}}],"collection":[{"href":"https:\/\/suissepoulailler.ch\/de\/wp-json\/wp\/v2\/product"}],"about":[{"href":"https:\/\/suissepoulailler.ch\/de\/wp-json\/wp\/v2\/types\/product"}],"replies":[{"embeddable":true,"href":"https:\/\/suissepoulailler.ch\/de\/wp-json\/wp\/v2\/comments?post=32707"}],"version-history":[{"count":1,"href":"https:\/\/suissepoulailler.ch\/de\/wp-json\/wp\/v2\/product\/32707\/revisions"}],"predecessor-version":[{"id":32709,"href":"https:\/\/suissepoulailler.ch\/de\/wp-json\/wp\/v2\/product\/32707\/revisions\/32709"}],"wp:featuredmedia":[{"embeddable":true,"href":"https:\/\/suissepoulailler.ch\/de\/wp-json\/wp\/v2\/media\/32708"}],"wp:attachment":[{"href":"https:\/\/suissepoulailler.ch\/de\/wp-json\/wp\/v2\/media?parent=32707"}],"wp:term":[{"taxonomy":"product_brand","embeddable":true,"href":"https:\/\/suissepoulailler.ch\/de\/wp-json\/wp\/v2\/product_brand?post=32707"},{"taxonomy":"product_cat","embeddable":true,"href":"https:\/\/suissepoulailler.ch\/de\/wp-json\/wp\/v2\/product_cat?post=32707"},{"taxonomy":"product_tag","embeddable":true,"href":"https:\/\/suissepoulailler.ch\/de\/wp-json\/wp\/v2\/product_tag?post=32707"}],"curies":[{"name":"wp","href":"https:\/\/api.w.org\/{rel}","templated":true}]}}