{"id":32704,"date":"2023-01-26T15:25:50","date_gmt":"2023-01-26T14:25:50","guid":{"rendered":"https:\/\/suissepoulailler.ch\/?post_type=product&#038;p=32704"},"modified":"2026-02-12T16:37:19","modified_gmt":"2026-02-12T15:37:19","slug":"shampoing-a-lhuile-de-cade-problemes-de-peau-et-repulsif","status":"publish","type":"product","link":"https:\/\/suissepoulailler.ch\/de\/produits\/autres-animaux\/chats\/shampoing-a-lhuile-de-cade-problemes-de-peau-et-repulsif\/","title":{"rendered":"Shampoing \u00e0 l&rsquo;huile de cade probl\u00e8mes de peau et r\u00e9pulsif"},"content":{"rendered":"<p>Con\u00e7u pour les animaux ayant des probl\u00e8mes de peau mais va aussi agir en tant que r\u00e9pulsif.<\/p>\n<p>Shampoing \u00e0 l&rsquo;huile de cade, sans parab\u00e8ne et au ph neutre adapt\u00e9 \u00e0 la peau sensible de vos animaux.<\/p>\n<p>Contenance\u00a0 1 L<\/p>","protected":false},"excerpt":{"rendered":"<p>Con\u00e7u pour les animaux ayant des probl\u00e8mes de peau mais va aussi agir en tant que r\u00e9pulsif. Shampoing \u00e0 l&rsquo;huile de cade, sans parab\u00e8ne et au ph neutre adapt\u00e9 \u00e0 la peau sensible de vos animaux. Contenance\u00a0 1 L<\/p>","protected":false},"featured_media":32705,"comment_status":"closed","ping_status":"closed","template":"","meta":[],"product_brand":[],"product_cat":[33,86,89,90,88,61],"product_tag":[],"class_list":{"0":"post-32704","1":"product","2":"type-product","3":"status-publish","4":"has-post-thumbnail","6":"product_cat-accessoires","7":"product_cat-autres-animaux","8":"product_cat-chats","9":"product_cat-chevaux","10":"product_cat-chiens","11":"product_cat-soin","12":"product_shipping_class-livraison-de-tous-les-produits-a-lexception-des-poulaillers","14":"first","15":"instock","16":"taxable","17":"shipping-taxable","18":"purchasable","19":"product-type-simple"},"_links":{"self":[{"href":"https:\/\/suissepoulailler.ch\/de\/wp-json\/wp\/v2\/product\/32704","targetHints":{"allow":["GET"]}}],"collection":[{"href":"https:\/\/suissepoulailler.ch\/de\/wp-json\/wp\/v2\/product"}],"about":[{"href":"https:\/\/suissepoulailler.ch\/de\/wp-json\/wp\/v2\/types\/product"}],"replies":[{"embeddable":true,"href":"https:\/\/suissepoulailler.ch\/de\/wp-json\/wp\/v2\/comments?post=32704"}],"version-history":[{"count":1,"href":"https:\/\/suissepoulailler.ch\/de\/wp-json\/wp\/v2\/product\/32704\/revisions"}],"predecessor-version":[{"id":32706,"href":"https:\/\/suissepoulailler.ch\/de\/wp-json\/wp\/v2\/product\/32704\/revisions\/32706"}],"wp:featuredmedia":[{"embeddable":true,"href":"https:\/\/suissepoulailler.ch\/de\/wp-json\/wp\/v2\/media\/32705"}],"wp:attachment":[{"href":"https:\/\/suissepoulailler.ch\/de\/wp-json\/wp\/v2\/media?parent=32704"}],"wp:term":[{"taxonomy":"product_brand","embeddable":true,"href":"https:\/\/suissepoulailler.ch\/de\/wp-json\/wp\/v2\/product_brand?post=32704"},{"taxonomy":"product_cat","embeddable":true,"href":"https:\/\/suissepoulailler.ch\/de\/wp-json\/wp\/v2\/product_cat?post=32704"},{"taxonomy":"product_tag","embeddable":true,"href":"https:\/\/suissepoulailler.ch\/de\/wp-json\/wp\/v2\/product_tag?post=32704"}],"curies":[{"name":"wp","href":"https:\/\/api.w.org\/{rel}","templated":true}]}}