{"id":32627,"date":"2022-12-05T12:53:31","date_gmt":"2022-12-05T11:53:31","guid":{"rendered":"https:\/\/suissepoulailler.ch\/?post_type=product&#038;p=32627"},"modified":"2026-04-06T18:21:56","modified_gmt":"2026-04-06T16:21:56","slug":"vers-de-farine-deshydrates-100-gr","status":"publish","type":"product","link":"https:\/\/suissepoulailler.ch\/de\/produits\/accessoires\/complements-alimentaire\/vers-de-farine-deshydrates-100-gr\/","title":{"rendered":"Vers de farine d\u00e9shydrat\u00e9s 100 Gr"},"content":{"rendered":"<p class=\"price\"><strong>Le Festin de nos poules<\/strong><\/p>\n<div class=\"woocommerce-product-details__short-description\">\n<p class=\"petit-titre\">Alimentation riche en prot\u00e9ine pour poules, volailles et oiseaux du jardin.<\/p>\n<p>Compos\u00e9 \u00e0 100% de vers de farine d\u00e9shydrat\u00e9s .<\/p>\n<p>Id\u00e9al pour booster avec de bonnes prot\u00e9ines l\u2019alimentation de vos animaux. Petites friandises pour vos poulettes, mais pas seulement, les oiseaux du jardin et les h\u00e9rissons en raffolent eux-aussi !<\/p>\n<p>Provenance : France (Fabrication artisanal)<\/p>\n<p>Poids : 100 Gr<\/p>\n<p>&nbsp;<\/p>\n<\/div>","protected":false},"excerpt":{"rendered":"<p>Les vers de farine sont riches en prot\u00e9ines et Om\u00e9ga 3 &amp; 6. Ils sont produits en France, en Auvergne, avec une nourriture 100% v\u00e9g\u00e9tale issue de co-produits agricoles (son de bl\u00e9) et de productions de haute qualit\u00e9 environnementale (f\u00e9verole, pois). Ces cultures, bonnes pour les sols et l\u2019environnement, n\u2019entrent pas en comp\u00e9tition avec l\u2019alimentation humaine.<\/p>","protected":false},"featured_media":32667,"comment_status":"open","ping_status":"closed","template":"","meta":[],"product_brand":[],"product_cat":[33,60],"product_tag":[],"class_list":{"0":"post-32627","1":"product","2":"type-product","3":"status-publish","4":"has-post-thumbnail","6":"product_cat-accessoires","7":"product_cat-complements-alimentaire","8":"product_shipping_class-livraison-de-tous-les-produits-a-lexception-des-poulaillers","9":"aux-has-gallery","11":"first","12":"instock","13":"taxable","14":"shipping-taxable","15":"purchasable","16":"product-type-simple"},"_links":{"self":[{"href":"https:\/\/suissepoulailler.ch\/de\/wp-json\/wp\/v2\/product\/32627","targetHints":{"allow":["GET"]}}],"collection":[{"href":"https:\/\/suissepoulailler.ch\/de\/wp-json\/wp\/v2\/product"}],"about":[{"href":"https:\/\/suissepoulailler.ch\/de\/wp-json\/wp\/v2\/types\/product"}],"replies":[{"embeddable":true,"href":"https:\/\/suissepoulailler.ch\/de\/wp-json\/wp\/v2\/comments?post=32627"}],"version-history":[{"count":2,"href":"https:\/\/suissepoulailler.ch\/de\/wp-json\/wp\/v2\/product\/32627\/revisions"}],"predecessor-version":[{"id":32668,"href":"https:\/\/suissepoulailler.ch\/de\/wp-json\/wp\/v2\/product\/32627\/revisions\/32668"}],"wp:featuredmedia":[{"embeddable":true,"href":"https:\/\/suissepoulailler.ch\/de\/wp-json\/wp\/v2\/media\/32667"}],"wp:attachment":[{"href":"https:\/\/suissepoulailler.ch\/de\/wp-json\/wp\/v2\/media?parent=32627"}],"wp:term":[{"taxonomy":"product_brand","embeddable":true,"href":"https:\/\/suissepoulailler.ch\/de\/wp-json\/wp\/v2\/product_brand?post=32627"},{"taxonomy":"product_cat","embeddable":true,"href":"https:\/\/suissepoulailler.ch\/de\/wp-json\/wp\/v2\/product_cat?post=32627"},{"taxonomy":"product_tag","embeddable":true,"href":"https:\/\/suissepoulailler.ch\/de\/wp-json\/wp\/v2\/product_tag?post=32627"}],"curies":[{"name":"wp","href":"https:\/\/api.w.org\/{rel}","templated":true}]}}