{"id":32533,"date":"2022-11-01T20:00:47","date_gmt":"2022-11-01T19:00:47","guid":{"rendered":"https:\/\/suissepoulailler.ch\/?post_type=product&#038;p=32533"},"modified":"2025-10-30T17:49:39","modified_gmt":"2025-10-30T16:49:39","slug":"filet-volaille-premium-non-electri%ef%ac%81able","status":"publish","type":"product","link":"https:\/\/suissepoulailler.ch\/de\/produits\/accessoires\/portes-securite\/filet-volaille-premium-non-electri%ef%ac%81able\/","title":{"rendered":"Filet volaille PREMIUM non \u00e9lectri\ufb01able"},"content":{"rendered":"<div class=\"smlMain\">\n<p class=\"smlP\">Nos filets \u00e0 volaille Premium savent convaincre par leur qualit\u00e9 \u00e9prouv\u00e9e et leurs nouveaux piquets innovants.<\/p>\n<p class=\"smlP\">Les piquets PREMIUM, extr\u00eamement robustes et stables, offrent une stabilit\u00e9 absolue et pr\u00e9viennent le fl\u00e9chissement des filets.<\/p>\n<p class=\"smlP\">Gr\u00e2ce aux mailles fines au niveau du sol, ces filets conviennent parfaitement aux poules de m\u00eame qu\u2019au agneaux.<\/p>\n<\/div>\n<div class=\"smlMain\">\n<ul>\n<li class=\"smlP\">piquets PREMIUM extr\u00eamement robustes et stables avec pointe de piquet galvanis\u00e9e<\/li>\n<li class=\"smlP\">n\u0153uds renforc\u00e9s extr\u00eamement r\u00e9sistants<\/li>\n<li class=\"smlP\">maille tr\u00e8s serr\u00e9e dans la zone inf\u00e9rieure du filet<\/li>\n<li class=\"smlP\">l\u2019utilisation de filets non \u00e9lectrifi\u00e9s est recommand\u00e9e, en particulier l\u00e0 o\u00f9 des enfants peuvent s\u00e9journer, ou si l\u2019\u00e9lectrification n\u2019est pas n\u00e9cessaire pour s\u00e9curiser le troupeau<\/li>\n<li class=\"smlP\">combinaison de couleurs discr\u00e8te qui s\u2019int\u00e8gre bien dans le paysage et les jardins privatifs<\/li>\n<li class=\"smlP\">nos fils en plastique disposent d\u2019une garantie de stabilit\u00e9 aux UV de 3\u00a0ans<\/li>\n<\/ul>\n<\/div>","protected":false},"excerpt":{"rendered":"<p>Nos filets \u00e0 volaille Premium savent convaincre par leur qualit\u00e9 \u00e9prouv\u00e9e et leurs nouveaux piquets innovants. Les piquets PREMIUM, extr\u00eamement robustes et stables, offrent une stabilit\u00e9 absolue et pr\u00e9viennent le fl\u00e9chissement des filets. Gr\u00e2ce aux mailles fines au niveau du sol, ces filets conviennent parfaitement aux poules de m\u00eame qu\u2019au agneaux. piquets PREMIUM extr\u00eamement robustes [&hellip;]<\/p>\n","protected":false},"featured_media":32519,"comment_status":"closed","ping_status":"closed","template":"","meta":[],"product_brand":[],"product_cat":[81],"product_tag":[],"class_list":{"0":"post-32533","1":"product","2":"type-product","3":"status-publish","4":"has-post-thumbnail","6":"product_cat-portes-securite","7":"aux-has-gallery","9":"first","10":"outofstock","11":"sale","12":"taxable","13":"shipping-taxable","14":"purchasable","15":"product-type-simple"},"_links":{"self":[{"href":"https:\/\/suissepoulailler.ch\/de\/wp-json\/wp\/v2\/product\/32533","targetHints":{"allow":["GET"]}}],"collection":[{"href":"https:\/\/suissepoulailler.ch\/de\/wp-json\/wp\/v2\/product"}],"about":[{"href":"https:\/\/suissepoulailler.ch\/de\/wp-json\/wp\/v2\/types\/product"}],"replies":[{"embeddable":true,"href":"https:\/\/suissepoulailler.ch\/de\/wp-json\/wp\/v2\/comments?post=32533"}],"version-history":[{"count":1,"href":"https:\/\/suissepoulailler.ch\/de\/wp-json\/wp\/v2\/product\/32533\/revisions"}],"predecessor-version":[{"id":32534,"href":"https:\/\/suissepoulailler.ch\/de\/wp-json\/wp\/v2\/product\/32533\/revisions\/32534"}],"wp:featuredmedia":[{"embeddable":true,"href":"https:\/\/suissepoulailler.ch\/de\/wp-json\/wp\/v2\/media\/32519"}],"wp:attachment":[{"href":"https:\/\/suissepoulailler.ch\/de\/wp-json\/wp\/v2\/media?parent=32533"}],"wp:term":[{"taxonomy":"product_brand","embeddable":true,"href":"https:\/\/suissepoulailler.ch\/de\/wp-json\/wp\/v2\/product_brand?post=32533"},{"taxonomy":"product_cat","embeddable":true,"href":"https:\/\/suissepoulailler.ch\/de\/wp-json\/wp\/v2\/product_cat?post=32533"},{"taxonomy":"product_tag","embeddable":true,"href":"https:\/\/suissepoulailler.ch\/de\/wp-json\/wp\/v2\/product_tag?post=32533"}],"curies":[{"name":"wp","href":"https:\/\/api.w.org\/{rel}","templated":true}]}}