{"id":32460,"date":"2022-09-25T14:48:12","date_gmt":"2022-09-25T12:48:12","guid":{"rendered":"https:\/\/suissepoulailler.ch\/?post_type=product&#038;p=32460"},"modified":"2026-02-10T15:13:36","modified_gmt":"2026-02-10T14:13:36","slug":"huile-de-cade-veritable-500ml","status":"publish","type":"product","link":"https:\/\/suissepoulailler.ch\/de\/produits\/accessoires\/soin\/huile-de-cade-veritable-500ml\/","title":{"rendered":"Huile de cade v\u00e9ritable (500ml)"},"content":{"rendered":"<p><strong>Garantie exploitation raisonn\u00e9e. Des producteurs fabriquant de fa\u00e7on artisanale et raisonn\u00e9e. Elabor\u00e9e dans l\u2019Atlas, seul les bois d\u2019\u00e9lagage et gisant sont utilis\u00e9s pour la fabrication de l&rsquo;huile afin d\u2019\u00e9viter le d\u00e9boisement.<\/strong><\/p>\n<p><strong>L&rsquo;huile de Cade<\/strong>\u00a0est obtenue par pyrolyse du bois de l&rsquo;une des 3 esp\u00e8ces de gen\u00e9vriers m\u00e9diterran\u00e9ens poussant naturellement dans la garrigue.<\/p>\n<p>C&rsquo;est un liquide homog\u00e8ne et vert noir\u00e2tre dont l&rsquo;utilisation est du domaine de la m\u00e9decine humaine et v\u00e9t\u00e9rinaire traditionnelle.<\/p>\n<p><img fetchpriority=\"high\" decoding=\"async\" src=\"https:\/\/www.france-poulailler.com\/img\/cms\/genevrier-cade.jpg\" alt=\"\" width=\"300\" height=\"300\" \/>\u00a0 \u00a0 \u00a0 \u00a0 \u00a0 \u00a0 \u00a0 \u00a0<img decoding=\"async\" src=\"https:\/\/www.france-poulailler.com\/img\/cms\/karit%C3%A9\/images_1.jpg\" alt=\"\" width=\"328\" height=\"233\" \/><\/p>\n<p>L&rsquo;huile de Cade est tr\u00e8s employ\u00e9e pour lutter contre la gale, mais aussi en compl\u00e9ment de traitements fongicides et antiseptiques, ou plus simplement comme r\u00e9pulsif, du fait de sa forte odeur.<\/p>\n<p>Tr\u00e8s efficace contre les poux et poux rouges.<\/p>\n<p><strong>Pr\u00e9caution d&rsquo;utilisation<\/strong><\/p>\n<p>Produit nocif en cas d&rsquo;ingestion. Provoque une irritation cutan\u00e9e, une s\u00e9v\u00e8re irritation des yeux.\u00a0<strong>Ne pas utiliser pure.<\/strong><\/p>\n<p>Peut irriter les voies respiratoires. Ne pas stocker en dessous de 15\u00b0C. Tenir hors de port\u00e9e des enfants. Nocif pour les organismes aquatiques, entra\u00eene des effets n\u00e9fastes \u00e0 long terme. En cas d&rsquo;ingestion, appeler le centre antipoison ou un<br \/>\nm\u00e9decin en cas de malaise.<\/p>","protected":false},"excerpt":{"rendered":"<p id=\"product_reference\">L\u2019huile de cade v\u00e9ritable est utilis\u00e9e pour une multitude de choses.<\/p>\n<div id=\"short_description_block\">\n<div id=\"short_description_content\" class=\"rte align_justify\">\n<p><img decoding=\"async\" src=\"https:\/\/www.france-poulailler.com\/\/img\/cms\/puce.bmp\" alt=\"\" width=\"10\" height=\"10\" \/>\u00a0Antiseptique (crevasses, ger\u00e7ures).<br \/>\n<img decoding=\"async\" src=\"https:\/\/www.france-poulailler.com\/\/img\/cms\/puce.bmp\" alt=\"\" width=\"10\" height=\"10\" \/>\u00a0Antimycosique (traitement des gales et des teignes).<br \/>\n<img decoding=\"async\" src=\"https:\/\/www.france-poulailler.com\/\/img\/cms\/puce.bmp\" alt=\"\" width=\"10\" height=\"10\" \/>\u00a0Soins des pattes de la volaille (gale des pattes).<br \/>\n<img decoding=\"async\" src=\"https:\/\/www.france-poulailler.com\/\/img\/cms\/puce.bmp\" alt=\"\" width=\"10\" height=\"10\" \/>\u00a0Anti-dermatoses (prurigo, ecz\u00e9ma, d\u00e9mangeaisons).<br \/>\n<img decoding=\"async\" src=\"https:\/\/www.france-poulailler.com\/\/img\/cms\/puce.bmp\" alt=\"\" width=\"10\" height=\"10\" \/>\u00a0Action r\u00e9pulsive (anti-mouches, taons,\u00a0tiques, rongeurs et serpents).<\/p>\n<p>Contenance : 500 ml<\/p>\n<p>&nbsp;<\/p>\n<p><strong>V\u00e9ritable huile de cade de qualit\u00e9 parapharmaceutique<\/strong><\/p>\n<p>Ne pas utiliser pure, m\u00e9langer avec\u00a0une huile<br \/>\nv\u00e9g\u00e9tale (10% maximum d&rsquo;huile de cade).<\/p>\n<\/div>\n<\/div>","protected":false},"featured_media":31733,"comment_status":"open","ping_status":"closed","template":"","meta":[],"product_brand":[],"product_cat":[61],"product_tag":[],"class_list":{"0":"post-32460","1":"product","2":"type-product","3":"status-publish","4":"has-post-thumbnail","6":"product_cat-soin","7":"product_shipping_class-livraison-de-tous-les-produits-a-lexception-des-poulaillers","9":"first","10":"instock","11":"taxable","12":"shipping-taxable","13":"purchasable","14":"product-type-simple"},"_links":{"self":[{"href":"https:\/\/suissepoulailler.ch\/de\/wp-json\/wp\/v2\/product\/32460","targetHints":{"allow":["GET"]}}],"collection":[{"href":"https:\/\/suissepoulailler.ch\/de\/wp-json\/wp\/v2\/product"}],"about":[{"href":"https:\/\/suissepoulailler.ch\/de\/wp-json\/wp\/v2\/types\/product"}],"replies":[{"embeddable":true,"href":"https:\/\/suissepoulailler.ch\/de\/wp-json\/wp\/v2\/comments?post=32460"}],"version-history":[{"count":4,"href":"https:\/\/suissepoulailler.ch\/de\/wp-json\/wp\/v2\/product\/32460\/revisions"}],"predecessor-version":[{"id":33983,"href":"https:\/\/suissepoulailler.ch\/de\/wp-json\/wp\/v2\/product\/32460\/revisions\/33983"}],"wp:featuredmedia":[{"embeddable":true,"href":"https:\/\/suissepoulailler.ch\/de\/wp-json\/wp\/v2\/media\/31733"}],"wp:attachment":[{"href":"https:\/\/suissepoulailler.ch\/de\/wp-json\/wp\/v2\/media?parent=32460"}],"wp:term":[{"taxonomy":"product_brand","embeddable":true,"href":"https:\/\/suissepoulailler.ch\/de\/wp-json\/wp\/v2\/product_brand?post=32460"},{"taxonomy":"product_cat","embeddable":true,"href":"https:\/\/suissepoulailler.ch\/de\/wp-json\/wp\/v2\/product_cat?post=32460"},{"taxonomy":"product_tag","embeddable":true,"href":"https:\/\/suissepoulailler.ch\/de\/wp-json\/wp\/v2\/product_tag?post=32460"}],"curies":[{"name":"wp","href":"https:\/\/api.w.org\/{rel}","templated":true}]}}