{"id":31421,"date":"2022-02-05T09:14:41","date_gmt":"2022-02-05T08:14:41","guid":{"rendered":"https:\/\/suissepoulailler.ch\/?post_type=product&#038;p=31421"},"modified":"2026-01-04T13:13:15","modified_gmt":"2026-01-04T12:13:15","slug":"boite-a-oeufs","status":"publish","type":"product","link":"https:\/\/suissepoulailler.ch\/de\/produits\/accessoires\/boite-a-oeufs\/","title":{"rendered":"Boite \u00e0 \u0153ufs"},"content":{"rendered":"","protected":false},"excerpt":{"rendered":"<p>Cette boite en plastique transparent peut contenir 12 \u0153ufs, elle est id\u00e9ale pour ranger vos \u0153ufs ou pour le transport quand vous en offrez.<\/p>\n<p>Dimensions : 200 X 190 X 75 h<\/p>","protected":false},"featured_media":31422,"comment_status":"closed","ping_status":"closed","template":"","meta":[],"product_brand":[],"product_cat":[33],"product_tag":[],"class_list":{"0":"post-31421","1":"product","2":"type-product","3":"status-publish","4":"has-post-thumbnail","6":"product_cat-accessoires","7":"product_shipping_class-livraison-de-tous-les-produits-a-lexception-des-poulaillers","9":"first","10":"instock","11":"taxable","12":"shipping-taxable","13":"purchasable","14":"product-type-simple"},"_links":{"self":[{"href":"https:\/\/suissepoulailler.ch\/de\/wp-json\/wp\/v2\/product\/31421","targetHints":{"allow":["GET"]}}],"collection":[{"href":"https:\/\/suissepoulailler.ch\/de\/wp-json\/wp\/v2\/product"}],"about":[{"href":"https:\/\/suissepoulailler.ch\/de\/wp-json\/wp\/v2\/types\/product"}],"replies":[{"embeddable":true,"href":"https:\/\/suissepoulailler.ch\/de\/wp-json\/wp\/v2\/comments?post=31421"}],"version-history":[{"count":1,"href":"https:\/\/suissepoulailler.ch\/de\/wp-json\/wp\/v2\/product\/31421\/revisions"}],"predecessor-version":[{"id":31423,"href":"https:\/\/suissepoulailler.ch\/de\/wp-json\/wp\/v2\/product\/31421\/revisions\/31423"}],"wp:featuredmedia":[{"embeddable":true,"href":"https:\/\/suissepoulailler.ch\/de\/wp-json\/wp\/v2\/media\/31422"}],"wp:attachment":[{"href":"https:\/\/suissepoulailler.ch\/de\/wp-json\/wp\/v2\/media?parent=31421"}],"wp:term":[{"taxonomy":"product_brand","embeddable":true,"href":"https:\/\/suissepoulailler.ch\/de\/wp-json\/wp\/v2\/product_brand?post=31421"},{"taxonomy":"product_cat","embeddable":true,"href":"https:\/\/suissepoulailler.ch\/de\/wp-json\/wp\/v2\/product_cat?post=31421"},{"taxonomy":"product_tag","embeddable":true,"href":"https:\/\/suissepoulailler.ch\/de\/wp-json\/wp\/v2\/product_tag?post=31421"}],"curies":[{"name":"wp","href":"https:\/\/api.w.org\/{rel}","templated":true}]}}