{"id":31322,"date":"2022-03-05T17:10:14","date_gmt":"2022-03-05T16:10:14","guid":{"rendered":"https:\/\/suissepoulailler.ch\/?post_type=product&#038;p=31322"},"modified":"2026-02-10T15:13:36","modified_gmt":"2026-02-10T14:13:36","slug":"crevettes-desyhdratees","status":"publish","type":"product","link":"https:\/\/suissepoulailler.ch\/de\/produits\/accessoires\/complements-alimentaire\/crevettes-desyhdratees\/","title":{"rendered":"M\u00e9lange de Larve Mouche soldat et T\u00e9n\u00e9brion meunier 500 gr"},"content":{"rendered":"<p class=\"petit-titre\">Alimentation riche en prot\u00e9ine pour poules, volailles et oiseaux du jardin.<\/p>\n<p>Compos\u00e9 \u00e0 100% de T\u00e8n\u00e8brion meunier et des Larves de Mouche Soldat.<\/p>\n<p>Id\u00e9al pour booster avec de bonnes prot\u00e9ines l\u2019alimentation de vos animaux. Petites friandises pour vos poulettes, mais pas seulement, les oiseaux du jardin et les h\u00e9rissons en raffolent eux-aussi !<\/p>\n<p>&nbsp;<\/p>","protected":false},"excerpt":{"rendered":"<p>Alimentation riche en prot\u00e9ine pour poules, volailles et oiseaux du jardin. Compos\u00e9 \u00e0 100% de T\u00e8n\u00e8brion meunier et des Larves de Mouche Soldat. Id\u00e9al pour booster avec de bonnes prot\u00e9ines l\u2019alimentation de vos animaux. Petites friandises pour vos poulettes, mais pas seulement, les oiseaux du jardin et les h\u00e9rissons en raffolent eux-aussi ! &nbsp;<\/p>","protected":false},"featured_media":31756,"comment_status":"closed","ping_status":"closed","template":"","meta":[],"product_brand":[],"product_cat":[60],"product_tag":[],"class_list":{"0":"post-31322","1":"product","2":"type-product","3":"status-publish","4":"has-post-thumbnail","6":"product_cat-complements-alimentaire","7":"product_shipping_class-livraison-de-tous-les-produits-a-lexception-des-poulaillers","8":"aux-has-gallery","10":"first","11":"onbackorder","12":"taxable","13":"shipping-taxable","14":"purchasable","15":"product-type-simple"},"_links":{"self":[{"href":"https:\/\/suissepoulailler.ch\/de\/wp-json\/wp\/v2\/product\/31322","targetHints":{"allow":["GET"]}}],"collection":[{"href":"https:\/\/suissepoulailler.ch\/de\/wp-json\/wp\/v2\/product"}],"about":[{"href":"https:\/\/suissepoulailler.ch\/de\/wp-json\/wp\/v2\/types\/product"}],"replies":[{"embeddable":true,"href":"https:\/\/suissepoulailler.ch\/de\/wp-json\/wp\/v2\/comments?post=31322"}],"version-history":[{"count":3,"href":"https:\/\/suissepoulailler.ch\/de\/wp-json\/wp\/v2\/product\/31322\/revisions"}],"predecessor-version":[{"id":33218,"href":"https:\/\/suissepoulailler.ch\/de\/wp-json\/wp\/v2\/product\/31322\/revisions\/33218"}],"wp:featuredmedia":[{"embeddable":true,"href":"https:\/\/suissepoulailler.ch\/de\/wp-json\/wp\/v2\/media\/31756"}],"wp:attachment":[{"href":"https:\/\/suissepoulailler.ch\/de\/wp-json\/wp\/v2\/media?parent=31322"}],"wp:term":[{"taxonomy":"product_brand","embeddable":true,"href":"https:\/\/suissepoulailler.ch\/de\/wp-json\/wp\/v2\/product_brand?post=31322"},{"taxonomy":"product_cat","embeddable":true,"href":"https:\/\/suissepoulailler.ch\/de\/wp-json\/wp\/v2\/product_cat?post=31322"},{"taxonomy":"product_tag","embeddable":true,"href":"https:\/\/suissepoulailler.ch\/de\/wp-json\/wp\/v2\/product_tag?post=31322"}],"curies":[{"name":"wp","href":"https:\/\/api.w.org\/{rel}","templated":true}]}}