{"id":30947,"date":"2022-01-09T12:08:49","date_gmt":"2022-01-09T11:08:49","guid":{"rendered":"https:\/\/suissepoulailler.ch\/?post_type=product&#038;p=30947"},"modified":"2025-10-30T17:48:09","modified_gmt":"2025-10-30T16:48:09","slug":"kit-solaire-sans-fil-pour-porte-de-poulailler-automatique","status":"publish","type":"product","link":"https:\/\/suissepoulailler.ch\/de\/produits\/accessoires\/portes-securite\/kit-solaire-sans-fil-pour-porte-de-poulailler-automatique\/","title":{"rendered":"Kit solaire sans fil pour porte de poulailler automatique"},"content":{"rendered":"<table class=\"table table-sm table-responsive-sm has-action not-stackable is-transposed\">\n<thead>\n<tr>\n<th>Caract\u00e9ristiques techniques<\/th>\n<th>70556<\/th>\n<\/tr>\n<\/thead>\n<tbody>\n<tr>\n<td>Tension de l&rsquo;appareil<\/td>\n<td>8.5\u00a0V<\/td>\n<td><\/td>\n<\/tr>\n<tr>\n<td>Capacit\u00e9 appareil<\/td>\n<td>800\u00a0mAh<\/td>\n<td><\/td>\n<\/tr>\n<tr>\n<td>Puissance panneau solaire<\/td>\n<td>10\u00a0W<\/td>\n<td><\/td>\n<\/tr>\n<tr>\n<td>Tension batterie<\/td>\n<td>3.7\u00a0V<\/td>\n<td><\/td>\n<\/tr>\n<tr>\n<td>Capacit\u00e9 batterie<\/td>\n<td>2200\u00a0mAh<\/td>\n<td><\/td>\n<\/tr>\n<tr>\n<td>Type de batterie<\/td>\n<td>Lithium polym\u00e8re (LiPo)<\/td>\n<td><\/td>\n<\/tr>\n<tr>\n<td>Poids<\/td>\n<td>1,18\u00a0kg<\/td>\n<td><\/td>\n<\/tr>\n<tr>\n<td>Indice de protection<\/td>\n<td>IP65<\/td>\n<td><\/td>\n<\/tr>\n<tr>\n<td>Classe de protection<\/td>\n<\/tr>\n<\/tbody>\n<\/table>","protected":false},"excerpt":{"rendered":"<div class=\"smlMain\">\n<p class=\"smlP\">Transformez votre porte automatique de poulailler en syst\u00e8me compl\u00e8tement autonome sur le plan \u00e9nerg\u00e9tique \u2013 ne changez plus jamais les piles<\/p>\n<\/div>\n<div class=\"smlMain\">\n<ul>\n<li class=\"smlP\">rien que 7 jours d\u2019ensoleillement par an suffisent pour un fonctionnement continu en toute s\u00e9curit\u00e9<\/li>\n<li class=\"smlP\">Kit de montage pour l\u2019installation variable du panneau solaire inclus<\/li>\n<li class=\"smlP\">avec 5\u00a0m\u00e8tres de c\u00e2ble pour une installation flexible<\/li>\n<li class=\"smlP\">une diode indique l\u2019atteinte d\u2019un rayonnement solaire suffisant pour la charge<\/li>\n<li class=\"smlP\">convient \u00e0 une utilisation en ext\u00e9rieur<\/li>\n<li class=\"smlP\">utilisable pour la porte automatique de poulailler \u00e0 partir de la version 1.3<\/li>\n<\/ul>\n<\/div>","protected":false},"featured_media":30950,"comment_status":"open","ping_status":"closed","template":"","meta":[],"product_brand":[],"product_cat":[33,81],"product_tag":[],"class_list":{"0":"post-30947","1":"product","2":"type-product","3":"status-publish","4":"has-post-thumbnail","6":"product_cat-accessoires","7":"product_cat-portes-securite","8":"product_shipping_class-livraison-de-tous-les-produits-a-lexception-des-poulaillers","10":"first","11":"instock","12":"taxable","13":"shipping-taxable","14":"purchasable","15":"product-type-simple"},"_links":{"self":[{"href":"https:\/\/suissepoulailler.ch\/de\/wp-json\/wp\/v2\/product\/30947","targetHints":{"allow":["GET"]}}],"collection":[{"href":"https:\/\/suissepoulailler.ch\/de\/wp-json\/wp\/v2\/product"}],"about":[{"href":"https:\/\/suissepoulailler.ch\/de\/wp-json\/wp\/v2\/types\/product"}],"replies":[{"embeddable":true,"href":"https:\/\/suissepoulailler.ch\/de\/wp-json\/wp\/v2\/comments?post=30947"}],"version-history":[{"count":3,"href":"https:\/\/suissepoulailler.ch\/de\/wp-json\/wp\/v2\/product\/30947\/revisions"}],"predecessor-version":[{"id":30951,"href":"https:\/\/suissepoulailler.ch\/de\/wp-json\/wp\/v2\/product\/30947\/revisions\/30951"}],"wp:featuredmedia":[{"embeddable":true,"href":"https:\/\/suissepoulailler.ch\/de\/wp-json\/wp\/v2\/media\/30950"}],"wp:attachment":[{"href":"https:\/\/suissepoulailler.ch\/de\/wp-json\/wp\/v2\/media?parent=30947"}],"wp:term":[{"taxonomy":"product_brand","embeddable":true,"href":"https:\/\/suissepoulailler.ch\/de\/wp-json\/wp\/v2\/product_brand?post=30947"},{"taxonomy":"product_cat","embeddable":true,"href":"https:\/\/suissepoulailler.ch\/de\/wp-json\/wp\/v2\/product_cat?post=30947"},{"taxonomy":"product_tag","embeddable":true,"href":"https:\/\/suissepoulailler.ch\/de\/wp-json\/wp\/v2\/product_tag?post=30947"}],"curies":[{"name":"wp","href":"https:\/\/api.w.org\/{rel}","templated":true}]}}