{"id":30933,"date":"2022-01-02T14:31:41","date_gmt":"2022-01-02T13:31:41","guid":{"rendered":"https:\/\/suissepoulailler.ch\/?post_type=product&#038;p=30933"},"modified":"2025-12-23T21:34:37","modified_gmt":"2025-12-23T20:34:37","slug":"lentivirus-volystim","status":"publish","type":"product","link":"https:\/\/suissepoulailler.ch\/de\/produits\/accessoires\/complements-alimentaire\/lentivirus-volystim\/","title":{"rendered":"Lentivirus Volystim"},"content":{"rendered":"<p style=\"font-weight: 400;\"><span style=\"font-style: inherit; font-weight: inherit;\">Mode d\u2019utilisation\u00a0:<\/span><\/p>\n<p style=\"font-weight: 400;\"><span style=\"font-style: inherit; font-weight: inherit;\">\u00c0 m\u00e9langer dans l\u2019eau.<\/span><\/p>\n<p style=\"font-weight: 400;\"><span style=\"font-style: inherit; font-weight: inherit;\">Verser un bouchon de LENTYVIRUS dans l\u2019eau des volailles pendant 15 jours cons\u00e9cutifs. Renouveler 1 \u00e0 2 jours par semaine.<\/span><\/p>\n<p style=\"font-weight: 400;\"><span style=\"font-style: inherit; font-weight: inherit;\"><br \/>\nBidon de 0,25 Litre<\/span><\/p>\n<p style=\"font-weight: 400;\"><span style=\"font-style: inherit; font-weight: inherit;\">Agiter avant emploi<\/span><\/p>\n<p style=\"font-weight: 400;\"><span style=\"font-style: inherit; font-weight: inherit;\">Eviter le contact avec la peau et les yeux, mettre \u00e0 l\u2019abri des enfants, stocker dans un endroit frais et sec.<\/span><\/p>\n<p style=\"font-weight: 400;\"><span style=\"font-style: inherit; font-weight: inherit;\"><br \/>\nPropri\u00e9t\u00e9s\u00a0:<\/span><\/p>\n<p style=\"font-weight: 400;\"><span style=\"font-style: inherit; font-weight: inherit;\"><br \/>\nAssociation synergique de 3 plantes traditionnellement utilis\u00e9es pour leur effet anti-stress et leur contribution \u00e0 booster le syst\u00e8me immunitaire :<\/span><\/p>\n<p style=\"font-weight: 400;\"><span style=\"font-style: inherit; font-weight: inherit;\">1) Ac\u00e9rola (Malphigia glabra) : arbuste des for\u00eats tropicales d\u2019Am\u00e9rique du Sud est l\u2019un des fruits les plus concentr\u00e9s en Vitamine C naturelle (50 fois plus que l\u2019Orange).<\/span><\/p>\n<p style=\"font-weight: 400;\"><span style=\"font-style: inherit; font-weight: inherit;\">2) Rhodiola rosea : plante poussant en Altitude, dans les Montagnes de l\u2019Himalaya notamment, est reconnue depuis plus de 50 ans comme plante Adaptog\u00e8ne pour l\u2019homme. Son action sur la R\u00e9ponse Non Sp\u00e9cifique de l\u2019organisme renforce son efficacit\u00e9 sans effets secondaires.<\/span><\/p>\n<p style=\"font-weight: 400;\"><span style=\"font-style: inherit; font-weight: inherit;\">3) Lapacho (Tabebuia impetiginosa) est un arbre d\u2019Am\u00e9rique du Sud appel\u00e9 aussi Arbre sacr\u00e9 des Incas. Particuli\u00e8rement concentr\u00e9 en potassium, fer et iode, son \u00e9corce, le lapachon, bloque la croissance des bact\u00e9ries.<\/span><\/p>","protected":false},"excerpt":{"rendered":"<p>Favorise la pr\u00e9vention des maladies virales,\u00a0 100 % naturelle, utilisable en agriculture biologique.<\/p>\n<p>Le LENTYVIRUS vient compl\u00e9ter et soutenir l\u2019action des vaccins.<\/p>\n<p>Composition\u00a0:<\/p>\n<p>Extraits naturels de Plantes : Malphigia glabra, Rhodolia rosea et Tabebuia impetiginosa, \u00e9thanol \u00e0 15%<\/p>","protected":false},"featured_media":31730,"comment_status":"open","ping_status":"closed","template":"","meta":[],"product_brand":[],"product_cat":[33,60],"product_tag":[],"class_list":{"0":"post-30933","1":"product","2":"type-product","3":"status-publish","4":"has-post-thumbnail","6":"product_cat-accessoires","7":"product_cat-complements-alimentaire","8":"product_shipping_class-livraison-de-tous-les-produits-a-lexception-des-poulaillers","10":"first","11":"instock","12":"taxable","13":"shipping-taxable","14":"purchasable","15":"product-type-simple"},"_links":{"self":[{"href":"https:\/\/suissepoulailler.ch\/de\/wp-json\/wp\/v2\/product\/30933","targetHints":{"allow":["GET"]}}],"collection":[{"href":"https:\/\/suissepoulailler.ch\/de\/wp-json\/wp\/v2\/product"}],"about":[{"href":"https:\/\/suissepoulailler.ch\/de\/wp-json\/wp\/v2\/types\/product"}],"replies":[{"embeddable":true,"href":"https:\/\/suissepoulailler.ch\/de\/wp-json\/wp\/v2\/comments?post=30933"}],"version-history":[{"count":2,"href":"https:\/\/suissepoulailler.ch\/de\/wp-json\/wp\/v2\/product\/30933\/revisions"}],"predecessor-version":[{"id":36798,"href":"https:\/\/suissepoulailler.ch\/de\/wp-json\/wp\/v2\/product\/30933\/revisions\/36798"}],"wp:featuredmedia":[{"embeddable":true,"href":"https:\/\/suissepoulailler.ch\/de\/wp-json\/wp\/v2\/media\/31730"}],"wp:attachment":[{"href":"https:\/\/suissepoulailler.ch\/de\/wp-json\/wp\/v2\/media?parent=30933"}],"wp:term":[{"taxonomy":"product_brand","embeddable":true,"href":"https:\/\/suissepoulailler.ch\/de\/wp-json\/wp\/v2\/product_brand?post=30933"},{"taxonomy":"product_cat","embeddable":true,"href":"https:\/\/suissepoulailler.ch\/de\/wp-json\/wp\/v2\/product_cat?post=30933"},{"taxonomy":"product_tag","embeddable":true,"href":"https:\/\/suissepoulailler.ch\/de\/wp-json\/wp\/v2\/product_tag?post=30933"}],"curies":[{"name":"wp","href":"https:\/\/api.w.org\/{rel}","templated":true}]}}