{"id":29986,"date":"2021-04-04T19:40:42","date_gmt":"2021-04-04T17:40:42","guid":{"rendered":"https:\/\/suissepoulailler.ch\/?post_type=product&#038;p=29986"},"modified":"2026-03-31T07:16:54","modified_gmt":"2026-03-31T05:16:54","slug":"baume-a-pattes","status":"publish","type":"product","link":"https:\/\/suissepoulailler.ch\/de\/produits\/accessoires\/soin\/baume-a-pattes\/","title":{"rendered":"Pfotenbalsam f\u00fcr Kr\u00e4tze, rote L\u00e4use und Heilung"},"content":{"rendered":"<p>Lorsque l&rsquo;humidit\u00e9 est trop pr\u00e9sente dans un poulailler, la gale des pattes appara\u00eet.<\/p>\n<p>La gale des pattes est provoqu\u00e9e par un acarien, qui soul\u00e8ve et s\u2019introduit sous les \u00e9cailles des pattes et creuse des galeries pour y pondre ses \u0153ufs.<\/p>\n<p>Les larves se nourrissent de la k\u00e9ratine et de t\u00e9guments, en laissant un d\u00e9p\u00f4t blanch\u00e2tre, donnant parfois l&rsquo;apparence d&rsquo;\u00e9cailles de poisson.<\/p>\n<p><strong>L&rsquo;huile de Cade<\/strong>\u00a0est obtenue par pyrolyse du bois de l&rsquo;une des 3 esp\u00e8ces de gen\u00e9vriers m\u00e9diterran\u00e9ens poussant naturellement dans la garrigue.<\/p>\n<p>C&rsquo;est un liquide homog\u00e8ne et vert noir\u00e2tre dont l&rsquo;utilisation est du domaine de la m\u00e9decine humaine et v\u00e9t\u00e9rinaire traditionnelle.<\/p>\n<p><img fetchpriority=\"high\" decoding=\"async\" src=\"https:\/\/www.france-poulailler.com\/img\/cms\/genevrier-cade.jpg\" alt=\"\" width=\"300\" height=\"300\" \/>\u00a0 \u00a0 \u00a0 \u00a0 \u00a0 \u00a0 \u00a0 \u00a0<img decoding=\"async\" src=\"https:\/\/www.france-poulailler.com\/img\/cms\/images_1.jpg\" alt=\"\" width=\"300\" height=\"199\" \/><\/p>\n<p>L&rsquo;huile de Cade est tr\u00e8s employ\u00e9e pour lutter contre la gale, mais aussi en compl\u00e9ment de traitements fongicides et antiseptiques, ou plus simplement comme r\u00e9pulsif, du fait de sa forte odeur.<\/p>\n<p>Tr\u00e8s efficace contre les poux et poux rouges.<\/p>\n<p class=\"standard\"><b>L\u2019argile verte<\/b> est de la terre extraite g\u00e9n\u00e9ralement de carri\u00e8res et s\u00e9ch\u00e9e au soleil. L\u2019argile verte est utilis\u00e9e depuis l\u2019antiquit\u00e9. Elle soigne de mani\u00e8re tr\u00e8s efficace de nombreux maux.<\/p>\n<p class=\"standard\">Les animaux, eux l\u2019utilisent constamment en bain de boue, pour se soigner.<\/p>\n<p class=\"standard\">L\u2019argile verte\u00a0poss\u00e8de de nombreuses propri\u00e9t\u00e9s qui en font un excellent rem\u00e8de. Elle poss\u00e8de naturellement une grande quantit\u00e9 de min\u00e9raux qui lui conf\u00e8rent d\u2019\u00e9tonnantes qualit\u00e9s.<\/p>\n<p class=\"standard\">&#8211; Elle \u00e9vite la prolif\u00e9ration des microbes.<br \/>\n&#8211; Elle soigne les plaies et a un pouvoir cicatrisant.<br \/>\n&#8211; Elle adoucit la peau et a un effet purifiant en absorbant les toxines.<br \/>\n&#8211; Elle sert de pansement digestif, soigne les diarrh\u00e9es.<\/p>\n<p><strong>Mode d\u2019emploi<\/strong><\/p>\n<p>Bien nettoyer la zone \u00e0 traiter avec du savon noir.<br \/>\nAppliquer le baume 1 \u00e0 2 fois par jour pendant environ 10 jours de suite sur les zones touch\u00e9es de l\u2019animal et renouveler jusqu\u2019\u00e0 ce que le r\u00e9sultat soit obtenu.<\/p>","protected":false},"excerpt":{"rendered":"<p>Baume \u00e0 l&rsquo;huile de Cade et argile verte.<\/p>\n<p><img decoding=\"async\" src=\"https:\/\/www.france-poulailler.com\/\/img\/cms\/puce.bmp\" alt=\"\" width=\"10\" height=\"10\" \/>\u00a0Tr\u00e8s efficace pour la gale des pattes<br \/>\n<img decoding=\"async\" src=\"https:\/\/www.france-poulailler.com\/\/img\/cms\/puce.bmp\" alt=\"\" width=\"10\" height=\"10\" \/>\u00a0Eloigne les poux rouges<br \/>\n<img decoding=\"async\" src=\"https:\/\/www.france-poulailler.com\/\/img\/cms\/puce.bmp\" alt=\"\" width=\"10\" height=\"10\" \/>\u00a0Pouvoir tr\u00e8s cicatrisant<\/p>\n<p>Composants\u00a0:<\/p>\n<p>Huile de Cade \u2013 Argile verte<\/p>\n<p>Contenance : 250 gr<\/p>","protected":false},"featured_media":31732,"comment_status":"open","ping_status":"closed","template":"","meta":[],"product_brand":[],"product_cat":[61],"product_tag":[],"class_list":{"0":"post-29986","1":"product","2":"type-product","3":"status-publish","4":"has-post-thumbnail","6":"product_cat-soin","7":"product_shipping_class-livraison-de-tous-les-produits-a-lexception-des-poulaillers","9":"first","10":"instock","11":"taxable","12":"shipping-taxable","13":"purchasable","14":"product-type-simple"},"_links":{"self":[{"href":"https:\/\/suissepoulailler.ch\/de\/wp-json\/wp\/v2\/product\/29986","targetHints":{"allow":["GET"]}}],"collection":[{"href":"https:\/\/suissepoulailler.ch\/de\/wp-json\/wp\/v2\/product"}],"about":[{"href":"https:\/\/suissepoulailler.ch\/de\/wp-json\/wp\/v2\/types\/product"}],"replies":[{"embeddable":true,"href":"https:\/\/suissepoulailler.ch\/de\/wp-json\/wp\/v2\/comments?post=29986"}],"version-history":[{"count":5,"href":"https:\/\/suissepoulailler.ch\/de\/wp-json\/wp\/v2\/product\/29986\/revisions"}],"predecessor-version":[{"id":30531,"href":"https:\/\/suissepoulailler.ch\/de\/wp-json\/wp\/v2\/product\/29986\/revisions\/30531"}],"wp:featuredmedia":[{"embeddable":true,"href":"https:\/\/suissepoulailler.ch\/de\/wp-json\/wp\/v2\/media\/31732"}],"wp:attachment":[{"href":"https:\/\/suissepoulailler.ch\/de\/wp-json\/wp\/v2\/media?parent=29986"}],"wp:term":[{"taxonomy":"product_brand","embeddable":true,"href":"https:\/\/suissepoulailler.ch\/de\/wp-json\/wp\/v2\/product_brand?post=29986"},{"taxonomy":"product_cat","embeddable":true,"href":"https:\/\/suissepoulailler.ch\/de\/wp-json\/wp\/v2\/product_cat?post=29986"},{"taxonomy":"product_tag","embeddable":true,"href":"https:\/\/suissepoulailler.ch\/de\/wp-json\/wp\/v2\/product_tag?post=29986"}],"curies":[{"name":"wp","href":"https:\/\/api.w.org\/{rel}","templated":true}]}}