{"id":29980,"date":"2021-04-04T19:22:14","date_gmt":"2021-04-04T17:22:14","guid":{"rendered":"https:\/\/suissepoulailler.ch\/?post_type=product&#038;p=29980"},"modified":"2026-03-17T17:47:21","modified_gmt":"2026-03-17T16:47:21","slug":"coquilles-dhuitres-3-kg","status":"publish","type":"product","link":"https:\/\/suissepoulailler.ch\/de\/produits\/accessoires\/complements-alimentaire\/coquilles-dhuitres-3-kg\/","title":{"rendered":"Coquilles d\u2019hu\u00eetres 4 KG"},"content":{"rendered":"<p>Source id\u00e9ale de calcium !<\/p>\n<p>Les qualit\u00e9s propres aux coquilles d\u2019hu\u00eetres<br \/>\nauront une action favorable sur le transit<br \/>\ndes aliments, permettront \u00e0 vos poules de<br \/>\npondre plus d\u2019\u0153ufs pendant plus longtemps.<br \/>\nLes coquilles des \u0153ufs seront plus solides<br \/>\net lisses<\/p>","protected":false},"excerpt":{"rendered":"<p>Hu\u00eetres concass\u00e9es, id\u00e9ales pour fortifier la coquille des \u0153ufs.<\/p>\n<p>Eparpillez une poign\u00e9e r\u00e9guli\u00e8rement dans votre poulailler.<\/p>","protected":false},"featured_media":31728,"comment_status":"open","ping_status":"closed","template":"","meta":[],"product_brand":[],"product_cat":[60],"product_tag":[],"class_list":{"0":"post-29980","1":"product","2":"type-product","3":"status-publish","4":"has-post-thumbnail","6":"product_cat-complements-alimentaire","7":"product_shipping_class-livraison-de-tous-les-produits-a-lexception-des-poulaillers","9":"first","10":"instock","11":"taxable","12":"shipping-taxable","13":"purchasable","14":"product-type-simple"},"_links":{"self":[{"href":"https:\/\/suissepoulailler.ch\/de\/wp-json\/wp\/v2\/product\/29980","targetHints":{"allow":["GET"]}}],"collection":[{"href":"https:\/\/suissepoulailler.ch\/de\/wp-json\/wp\/v2\/product"}],"about":[{"href":"https:\/\/suissepoulailler.ch\/de\/wp-json\/wp\/v2\/types\/product"}],"replies":[{"embeddable":true,"href":"https:\/\/suissepoulailler.ch\/de\/wp-json\/wp\/v2\/comments?post=29980"}],"version-history":[{"count":4,"href":"https:\/\/suissepoulailler.ch\/de\/wp-json\/wp\/v2\/product\/29980\/revisions"}],"predecessor-version":[{"id":35295,"href":"https:\/\/suissepoulailler.ch\/de\/wp-json\/wp\/v2\/product\/29980\/revisions\/35295"}],"wp:featuredmedia":[{"embeddable":true,"href":"https:\/\/suissepoulailler.ch\/de\/wp-json\/wp\/v2\/media\/31728"}],"wp:attachment":[{"href":"https:\/\/suissepoulailler.ch\/de\/wp-json\/wp\/v2\/media?parent=29980"}],"wp:term":[{"taxonomy":"product_brand","embeddable":true,"href":"https:\/\/suissepoulailler.ch\/de\/wp-json\/wp\/v2\/product_brand?post=29980"},{"taxonomy":"product_cat","embeddable":true,"href":"https:\/\/suissepoulailler.ch\/de\/wp-json\/wp\/v2\/product_cat?post=29980"},{"taxonomy":"product_tag","embeddable":true,"href":"https:\/\/suissepoulailler.ch\/de\/wp-json\/wp\/v2\/product_tag?post=29980"}],"curies":[{"name":"wp","href":"https:\/\/api.w.org\/{rel}","templated":true}]}}