{"id":29977,"date":"2021-04-04T19:15:41","date_gmt":"2021-04-04T17:15:41","guid":{"rendered":"https:\/\/suissepoulailler.ch\/?post_type=product&#038;p=29977"},"modified":"2026-04-22T07:16:21","modified_gmt":"2026-04-22T05:16:21","slug":"poudre-dhuitres-2-kg","status":"publish","type":"product","link":"https:\/\/suissepoulailler.ch\/de\/produits\/accessoires\/complements-alimentaire\/poudre-dhuitres-2-kg\/","title":{"rendered":"100 % Poudre d&rsquo;hu\u00eetres 500 gr"},"content":{"rendered":"<p>Ajoutez r\u00e9guli\u00e8rement la poudre d\u2019huitre, qui par sa consistance se m\u00e9lange ais\u00e9ment \u00e0 l\u2019alimentation habituelle que vous donnez \u00e0 vos animaux.<\/p>\n<p>Elle a l\u2019avantage d\u2019\u00eatre beaucoup plus assimilable par l\u2019organisme que les \u00e9clats que l\u2019on trouve g\u00e9n\u00e9ralement dans le commerce.<\/p>\n<p>Les huitres de Bretagne sont garanties naturelles, la seule transformation est le lavage et le concassage.<\/p>","protected":false},"excerpt":{"rendered":"<p>Les hu\u00eetres en poudre sont id\u00e9ales pour apporter \u00e0 vos animaux le calcium n\u00e9cessaire au d\u00e9veloppement et \u00e0 la min\u00e9ralisation osseuse.<\/p>\n<p><img decoding=\"async\" src=\"https:\/\/www.france-poulailler.com\/\/img\/cms\/puce.bmp\" alt=\"\" width=\"10\" height=\"10\" \/> Augmente la qualit\u00e9 et fortifie la coquille des \u0153ufs.<\/p>\n<p><img decoding=\"async\" src=\"https:\/\/www.france-poulailler.com\/\/img\/cms\/puce.bmp\" alt=\"\" width=\"10\" height=\"10\" \/>\u00a0R\u00e9duit le stress et renforce le m\u00e9tabolisme de vos poules.<\/p>","protected":false},"featured_media":31741,"comment_status":"open","ping_status":"closed","template":"","meta":[],"product_brand":[],"product_cat":[60],"product_tag":[],"class_list":{"0":"post-29977","1":"product","2":"type-product","3":"status-publish","4":"has-post-thumbnail","6":"product_cat-complements-alimentaire","7":"product_shipping_class-livraison-de-tous-les-produits-a-lexception-des-poulaillers","9":"first","10":"instock","11":"taxable","12":"shipping-taxable","13":"purchasable","14":"product-type-simple"},"_links":{"self":[{"href":"https:\/\/suissepoulailler.ch\/de\/wp-json\/wp\/v2\/product\/29977","targetHints":{"allow":["GET"]}}],"collection":[{"href":"https:\/\/suissepoulailler.ch\/de\/wp-json\/wp\/v2\/product"}],"about":[{"href":"https:\/\/suissepoulailler.ch\/de\/wp-json\/wp\/v2\/types\/product"}],"replies":[{"embeddable":true,"href":"https:\/\/suissepoulailler.ch\/de\/wp-json\/wp\/v2\/comments?post=29977"}],"version-history":[{"count":5,"href":"https:\/\/suissepoulailler.ch\/de\/wp-json\/wp\/v2\/product\/29977\/revisions"}],"predecessor-version":[{"id":36949,"href":"https:\/\/suissepoulailler.ch\/de\/wp-json\/wp\/v2\/product\/29977\/revisions\/36949"}],"wp:featuredmedia":[{"embeddable":true,"href":"https:\/\/suissepoulailler.ch\/de\/wp-json\/wp\/v2\/media\/31741"}],"wp:attachment":[{"href":"https:\/\/suissepoulailler.ch\/de\/wp-json\/wp\/v2\/media?parent=29977"}],"wp:term":[{"taxonomy":"product_brand","embeddable":true,"href":"https:\/\/suissepoulailler.ch\/de\/wp-json\/wp\/v2\/product_brand?post=29977"},{"taxonomy":"product_cat","embeddable":true,"href":"https:\/\/suissepoulailler.ch\/de\/wp-json\/wp\/v2\/product_cat?post=29977"},{"taxonomy":"product_tag","embeddable":true,"href":"https:\/\/suissepoulailler.ch\/de\/wp-json\/wp\/v2\/product_tag?post=29977"}],"curies":[{"name":"wp","href":"https:\/\/api.w.org\/{rel}","templated":true}]}}