{"id":29970,"date":"2021-04-04T19:07:36","date_gmt":"2021-04-04T17:07:36","guid":{"rendered":"https:\/\/suissepoulailler.ch\/?post_type=product&#038;p=29970"},"modified":"2026-03-25T10:03:36","modified_gmt":"2026-03-25T09:03:36","slug":"terre-de-diatomee-non-calcinee-2kg","status":"publish","type":"product","link":"https:\/\/suissepoulailler.ch\/de\/produits\/accessoires\/soin\/terre-de-diatomee-non-calcinee-2kg\/","title":{"rendered":"Kieselgur nicht kalziniert 2KG"},"content":{"rendered":"<p>Qu&rsquo;est ce que la Terre de Diatom\u00e9e ?<\/p>\n<p>Fruit de l\u2019entassement de coques de diatom\u00e9es (micro-algues) durant plusieurs \u00a0millions d\u2019ann\u00e9es dans le lit d\u2019anciens fonds marins, la Terre de Diatom\u00e9e se pr\u00e9sente sous la forme d\u2019une roche poreuse brune ou blanche qui, une fois r\u00e9duite en poudre, d\u00e9voile un large \u00e9ventail d\u2019applications dont certaines sont connues depuis l\u2019Antiquit\u00e9.<\/p>\n<p><strong>La Terre de Diatom\u00e9e n&rsquo;est pas toxique et sans danger pour l&rsquo;environnement.<\/strong><\/p>\n<p>Comment agit elle\u00a0?<\/p>\n<p>Son action biocide-insecticide est purement m\u00e9canique, sans effet secondaire elle s&rsquo;applique sur de nombreux parasites et insectes rampants (poux rouges, fourmis, blattes, punaises, tiques, puces&#8230;) qui envahissent les habitats et\/ou les animaux.<\/p>\n<p>Comment l&rsquo;utiliser ?<\/p>\n<p>Une petite quantit\u00e9 peut \u00eatre mise sous la liti\u00e8re du poulailler.<\/p>\n<p>Une petite quantit\u00e9 de 2 gr \u00e0 5 gr de Terre de Diatom\u00e9e pour 100gr d&rsquo;aliment peut \u00eatre ajout\u00e9e aux repas des animaux.<\/p>\n<p><em>Suisse Poulailler vous recommande une cure de deux mois.<\/em><\/p>\n<p><strong>Pourquoi une Terre de Diatom\u00e9e de cat\u00e9gorie alimentaire non calcin\u00e9e ? <\/strong><\/p>\n<p>Parce que c\u2019est la seule dont on peut se servir en usage externe et interne pour nos poules. Il existe une autre forme dite calcin\u00e9e et non alimentaire qui elle <em>est tr\u00e8s toxique en cas d\u2019ingestion.<\/em><\/p>\n<p>Pr\u00e9cautions\u00a0: Tenir hors de port\u00e9e des enfants. En cas de contact avec les yeux, rincez abondamment \u00e0 l&rsquo;eau.<\/p>","protected":false},"excerpt":{"rendered":"<p>Excellent curatif et pr\u00e9ventif la Terre de Diatom\u00e9e non calcin\u00e9e est tr\u00e8s efficace. Elle est extraite de carri\u00e8res naturelles, sans transformation chimique.<\/p>\n<p><img decoding=\"async\" src=\"https:\/\/www.france-poulailler.com\/\/img\/cms\/puce.bmp\" alt=\"\" width=\"10\" height=\"10\" \/> Grade alimentaire.<br \/>\n<img decoding=\"async\" src=\"https:\/\/www.france-poulailler.com\/\/img\/cms\/puce.bmp\" alt=\"\" width=\"10\" height=\"10\" \/> Utilis\u00e9e en agriculture bio.<br \/>\n<img decoding=\"async\" src=\"https:\/\/www.france-poulailler.com\/\/img\/cms\/puce.bmp\" alt=\"\" width=\"10\" height=\"10\" \/> Prot\u00e8ge des parasites.<br \/>\n<img decoding=\"async\" src=\"https:\/\/www.france-poulailler.com\/\/img\/cms\/puce.bmp\" alt=\"\" width=\"10\" height=\"10\" \/> Fortifie le m\u00e9tabolisme de l\u2019animal.<br \/>\n<img decoding=\"async\" src=\"https:\/\/www.france-poulailler.com\/\/img\/cms\/puce.bmp\" alt=\"\" width=\"10\" height=\"10\" \/> Absorbe l&rsquo;humidit\u00e9 de mani\u00e8re tr\u00e8s efficace (poulaillers, liti\u00e8res des animaux, taches d&rsquo;urine).<\/p>","protected":false},"featured_media":31722,"comment_status":"open","ping_status":"closed","template":"","meta":[],"product_brand":[],"product_cat":[61],"product_tag":[],"class_list":{"0":"post-29970","1":"product","2":"type-product","3":"status-publish","4":"has-post-thumbnail","6":"product_cat-soin","7":"product_shipping_class-livraison-de-tous-les-produits-a-lexception-des-poulaillers","8":"aux-has-gallery","10":"first","11":"instock","12":"sale","13":"taxable","14":"shipping-taxable","15":"purchasable","16":"product-type-simple"},"_links":{"self":[{"href":"https:\/\/suissepoulailler.ch\/de\/wp-json\/wp\/v2\/product\/29970","targetHints":{"allow":["GET"]}}],"collection":[{"href":"https:\/\/suissepoulailler.ch\/de\/wp-json\/wp\/v2\/product"}],"about":[{"href":"https:\/\/suissepoulailler.ch\/de\/wp-json\/wp\/v2\/types\/product"}],"replies":[{"embeddable":true,"href":"https:\/\/suissepoulailler.ch\/de\/wp-json\/wp\/v2\/comments?post=29970"}],"version-history":[{"count":6,"href":"https:\/\/suissepoulailler.ch\/de\/wp-json\/wp\/v2\/product\/29970\/revisions"}],"predecessor-version":[{"id":36796,"href":"https:\/\/suissepoulailler.ch\/de\/wp-json\/wp\/v2\/product\/29970\/revisions\/36796"}],"wp:featuredmedia":[{"embeddable":true,"href":"https:\/\/suissepoulailler.ch\/de\/wp-json\/wp\/v2\/media\/31722"}],"wp:attachment":[{"href":"https:\/\/suissepoulailler.ch\/de\/wp-json\/wp\/v2\/media?parent=29970"}],"wp:term":[{"taxonomy":"product_brand","embeddable":true,"href":"https:\/\/suissepoulailler.ch\/de\/wp-json\/wp\/v2\/product_brand?post=29970"},{"taxonomy":"product_cat","embeddable":true,"href":"https:\/\/suissepoulailler.ch\/de\/wp-json\/wp\/v2\/product_cat?post=29970"},{"taxonomy":"product_tag","embeddable":true,"href":"https:\/\/suissepoulailler.ch\/de\/wp-json\/wp\/v2\/product_tag?post=29970"}],"curies":[{"name":"wp","href":"https:\/\/api.w.org\/{rel}","templated":true}]}}