{"id":29947,"date":"2021-04-03T09:45:50","date_gmt":"2021-04-03T07:45:50","guid":{"rendered":"https:\/\/suissepoulailler.ch\/?post_type=product&#038;p=29947"},"modified":"2026-03-12T15:12:34","modified_gmt":"2026-03-12T14:12:34","slug":"son-aux-orties","status":"publish","type":"product","link":"https:\/\/suissepoulailler.ch\/de\/produits\/accessoires\/complements-alimentaire\/son-aux-orties\/","title":{"rendered":"Brennnessel-Sound"},"content":{"rendered":"<p>Le venin participe aux vertus bienfaisantes de la plante et il contient des acides divers dont : l\u2019acide formique, ac\u00e9tique, gallique mais \u00e9galement des flavono\u00efdes, histamine, s\u00e9rotonine\u2026<\/p>\n<p>L\u2019ortie est constitu\u00e9e\u00a0:<\/p>\n<p><strong>De nombreux min\u00e9raux<\/strong> dont\u00a0: calcium, chlore, magn\u00e9sium, mangan\u00e8se, potassium, soufre, zinc, silicium et fer en importante quantit\u00e9.<\/p>\n<p><strong>Des vitamines<\/strong> notamment B2, B5, B9, K, C et provitamine A.<\/p>\n<p><strong>Des oligo \u00e9l\u00e9ments<\/strong> : mangan\u00e8se, silice, potassium, soufre.<\/p>\n<p><strong>De la chlorophylle<\/strong>\u00a0en grande quantit\u00e9.<\/p>\n<p><strong><em><br \/>\nScientifiquement prouv\u00e9<\/em><\/strong><\/p>\n<p>De nombreuses \u00e9tudes cliniques ont d\u00e9montr\u00e9 que la prise d&rsquo;ortie permettait de r\u00e9duire de 75% la prise de m\u00e9dicament anti-inflammatoire et tests pharmacologiques ont donn\u00e9 la preuve de son efficacit\u00e9 et ce dans bien des domaines.<\/p>\n<p><em>L\u2019ortie est un tonique g\u00e9n\u00e9ral pour l\u2019organisme.\u00a0Mais les vertus de l\u2019ortie ne s\u2019arr\u00eatent pas l\u00e0, elle est \u00e9galement :<\/em><\/p>\n<p><strong>Diur\u00e9tique<\/strong><\/p>\n<p><strong>D\u00e9purative<\/strong><\/p>\n<p><strong>D\u00e9min\u00e9ralisation<\/strong><\/p>\n<p><strong>D\u00e9toxifiante<\/strong><\/p>\n<p><strong>Calmante<\/strong><\/p>\n<p><strong>Antiallergique<\/strong><\/p>\n<p><strong>H\u00e9mostatique<\/strong><\/p>\n<p><strong>Anti diarrh\u00e9ique<\/strong><\/p>\n<p><strong>Vermifuge<\/strong><\/p>\n<p><strong>R\u00e9vulsive<\/strong><\/p>\n<p><strong>Virulicide<\/strong><\/p>\n<p><strong>Antibact\u00e9rienne\u00a0<\/strong><\/p>\n<p>Conseil d\u2019utilisation :<\/p>\n<p>M\u00e9langer 25 cl de son \u00e0 l&rsquo;ortie avec de l&rsquo;eau, la p\u00e2t\u00e9e ne doit \u00eatre ni trop liquide, ni trop compacte.<br \/>\nLaisser reposer une demi heure.<\/p>\n<p>Faire une cure de 8 jours tous les 3 mois.<br \/>\nEn hiver, servez ti\u00e8de, cela les r\u00e9chauffera.<br \/>\nVous pouvez \u00e9galement rajouter des fruits ou des l\u00e9gumes.<\/p>","protected":false},"excerpt":{"rendered":"<p><strong>L\u2019ortie, un tr\u00e9sor de bienfaits.<\/strong><\/p>\n<p>Jadis, nos anciens hachaient les orties de leurs jardins et la donnaient \u00e0 manger aux volailles, aux canards, aux cochons qu&rsquo;elles prot\u00e9geaient des parasites et des maladies.<\/p>\n<p>Contenance : 5 KG<\/p>\n<p>Composition : 90% de Son, 10% d&rsquo;ortie<\/p>","protected":false},"featured_media":31718,"comment_status":"open","ping_status":"closed","template":"","meta":[],"product_brand":[],"product_cat":[60],"product_tag":[],"class_list":{"0":"post-29947","1":"product","2":"type-product","3":"status-publish","4":"has-post-thumbnail","6":"product_cat-complements-alimentaire","7":"product_shipping_class-livraison-de-tous-les-produits-a-lexception-des-poulaillers","9":"first","10":"outofstock","11":"taxable","12":"shipping-taxable","13":"purchasable","14":"product-type-simple"},"_links":{"self":[{"href":"https:\/\/suissepoulailler.ch\/de\/wp-json\/wp\/v2\/product\/29947","targetHints":{"allow":["GET"]}}],"collection":[{"href":"https:\/\/suissepoulailler.ch\/de\/wp-json\/wp\/v2\/product"}],"about":[{"href":"https:\/\/suissepoulailler.ch\/de\/wp-json\/wp\/v2\/types\/product"}],"replies":[{"embeddable":true,"href":"https:\/\/suissepoulailler.ch\/de\/wp-json\/wp\/v2\/comments?post=29947"}],"version-history":[{"count":4,"href":"https:\/\/suissepoulailler.ch\/de\/wp-json\/wp\/v2\/product\/29947\/revisions"}],"predecessor-version":[{"id":30177,"href":"https:\/\/suissepoulailler.ch\/de\/wp-json\/wp\/v2\/product\/29947\/revisions\/30177"}],"wp:featuredmedia":[{"embeddable":true,"href":"https:\/\/suissepoulailler.ch\/de\/wp-json\/wp\/v2\/media\/31718"}],"wp:attachment":[{"href":"https:\/\/suissepoulailler.ch\/de\/wp-json\/wp\/v2\/media?parent=29947"}],"wp:term":[{"taxonomy":"product_brand","embeddable":true,"href":"https:\/\/suissepoulailler.ch\/de\/wp-json\/wp\/v2\/product_brand?post=29947"},{"taxonomy":"product_cat","embeddable":true,"href":"https:\/\/suissepoulailler.ch\/de\/wp-json\/wp\/v2\/product_cat?post=29947"},{"taxonomy":"product_tag","embeddable":true,"href":"https:\/\/suissepoulailler.ch\/de\/wp-json\/wp\/v2\/product_tag?post=29947"}],"curies":[{"name":"wp","href":"https:\/\/api.w.org\/{rel}","templated":true}]}}