{"id":29934,"date":"2021-04-02T21:42:38","date_gmt":"2021-04-02T19:42:38","guid":{"rendered":"https:\/\/suissepoulailler.ch\/?post_type=product&#038;p=29934"},"modified":"2026-04-07T22:57:03","modified_gmt":"2026-04-07T20:57:03","slug":"litiere-vegetale-anti-poux-a-la-terre-de-diatomee-8-kg","status":"publish","type":"product","link":"https:\/\/suissepoulailler.ch\/de\/produits\/accessoires\/litiere\/litiere-vegetale-anti-poux-a-la-terre-de-diatomee-8-kg\/","title":{"rendered":"Anti-L\u00e4use-Pflanzenstreu mit Kieselgur 8 KG"},"content":{"rendered":"<p class=\"Default\">Les granul\u00e9s sont fabriqu\u00e9s \u00e0 partir de paille, <strong>sans additif ni adh\u00e9sif.<\/strong><\/p>\n<p class=\"Default\">Ils ont une tr\u00e8s grande capacit\u00e9 d\u2019absorption \u00e0 l\u2019humidit\u00e9(jusqu\u2019\u00e0 400%).<\/p>\n<p class=\"Default\">Gr\u00e2ce \u00e0 une tr\u00e8s faible humidit\u00e9 (10%),\u00a0<strong>les granul\u00e9s absorbent plus d&rsquo;ur\u00e9e que la paille\u00a0<\/strong>(ils absorbent \u00e9galement les odeurs et des vapeurs d&rsquo;ammoniac en r\u00e9duisant les odeurs) ce qui est bon pour les pattes des volailles.<\/p>\n<p class=\"Default\">Gr\u00e2ce \u00e0 l\u2019\u00e9limination des petites impuret\u00e9s de la paille avant le processus de fabrication, les pellets sont presque sans poussi\u00e8re.<\/p>\n<p class=\"Default\">Pendant le processus de fabrication les granul\u00e9s sont d\u00e9pourvus de bact\u00e9ries, de champignons, de moisissures, de pesticides, d\u2019insectes ou d\u2019autres agents pathog\u00e8nes potentiels (<strong>ne provoque pas d&rsquo;allergie<\/strong>).<\/p>\n<p class=\"Default\">La fragmentation des granul\u00e9s est adapt\u00e9e aux besoins de petits animaux.<\/p>\n<p class=\"Default\">Les granul\u00e9s sont quatre fois plus efficaces que la paille, il faut pr\u00e9voir au maximum 2-3kgs\/m\u00b2.<\/p>\n<p class=\"Default\">Les avantages :<\/p>\n<p class=\"Default\">L\u2019absence de poussi\u00e8re, de micro-organismes ind\u00e9sirables (moins de risque d&rsquo;infection) influent positivement sur le bien-\u00eatre animal.<\/p>\n<ul>\n<li>Engrais de haute qualit\u00e9<\/li>\n<\/ul>\n<p class=\"Default\">\u00a0Les boulettes de d\u00e9chets sont soumises au processus de compostage rapide et peuvent \u00eatre utilis\u00e9es avec succ\u00e8s comme engrais organique.<\/p>\n<ul>\n<li>Changement moins fr\u00e9quente de la liti\u00e8re<\/li>\n<\/ul>\n<p class=\"Default\">Les granul\u00e9s permettent de r\u00e9duire la quantit\u00e9 de d\u00e9chets m\u00e9nagers (jusqu&rsquo;\u00e0 50%) et de diminuer le co\u00fbt de remplacement fr\u00e9quent du substrat.<\/p>\n<p>Terre de diatom\u00e9e<\/p>\n<p>Qu&rsquo;est ce que la terre de Diatom\u00e9e\u00a0?<\/p>\n<p>Fruit de l\u2019entassement de coques de diatom\u00e9es (micro-algues) durant plusieurs \u00a0millions d\u2019ann\u00e9es dans le lit d\u2019anciens \u00a0fonds marins, la\u00a0Terre de diatom\u00e9e\u00a0se pr\u00e9sente sous la forme d\u2019une roche poreuse brune ou blanche qui, une fois r\u00e9duite en poudre, d\u00e9voile un large \u00e9ventail d\u2019applications dont certaines sont connues depuis l\u2019Antiquit\u00e9e\u2026<\/p>\n<p class=\"Default\">La terre de diatom\u00e9e est non toxique et sans danger pour l&rsquo;environnement.<br \/>\nLes diatom\u00e9es sont recouvertes de verre et sont de formes vari\u00e9es et tr\u00e8s belles, comme de la dentelle microscopique.<\/p>\n<p><strong>Comment agit elle\u00a0?<\/strong><\/p>\n<p>L&rsquo;action biocide-insecticide de la terre de diatom\u00e9e est purement m\u00e9canique, sans effet secondaire et s&rsquo;applique sur de nombreux parasites et insectes rampants (poux rouges, fourmis, blattes, punaises, tiques, puces&#8230;) qui envahissent les habitats et\/ou les animaux.<br \/>\nAu microscope, la terre diatom\u00e9e ressemble \u00e0 de petits cristaux de verre coupants qui blessent les insectes. Ils se d\u00e9shydratent et meurent.<\/p>\n<p><strong>Comment l&rsquo;utiliser\u00a0?<\/strong><\/p>\n<p>En couche fine au fond du poulailler sous la paille<\/p>\n<p>Compos\u00e9e de pr\u00e8s de 85% de silice min\u00e9rale, il y a \u00e9galement une quinzaine d\u2019oligo-\u00e9l\u00e9ments et min\u00e9raux pr\u00e9sents naturellement dans la composition de la Terre de Diatom\u00e9e dont le bore, le mangan\u00e8se, le titane, le cuivre, le zirconium sodium, le magn\u00e9sium et le calcium\u2026<\/p>\n<p>Ajouter 2 \u00e0 5g de terre de diatom\u00e9e pour 100g de nourriture chaque jours afin que vos animaux puissent profiter des bienfaits de cette poudre.<\/p>\n<p><em>Une cure de deux mois est recommand\u00e9e.<\/em><\/p>\n<p><strong>Pourquoi une terre de diatom\u00e9e de cat\u00e9gorie alimentaire non calcin\u00e9e ?\u00a0<\/strong><\/p>\n<p>Parce que c\u2019est la seule dont on peut se servir en usage externe\u00a0et\u00a0interne pour nos poules. Il existe une autre forme dite calcin\u00e9e et non alimentaire qui elle\u00a0est tr\u00e8s toxique en cas d\u2019ingestion.<\/p>\n<p>Pr\u00e9cautions\u00a0: Tenir hors de port\u00e9e des enfants. En cas de contact avec les yeux, rincez abondamment \u00e0 l&rsquo;eau.<\/p>","protected":false},"excerpt":{"rendered":"<p>La liti\u00e8re anti poux est un m\u00e9lange de Terre de Diatom\u00e9e et de liti\u00e8re v\u00e9g\u00e9tale.<\/p>\n<p>Le m\u00e9lange de ces produits naturels, permet \u00e0 vos animaux de profiter du confort de la liti\u00e8re en agissant naturellement contre la prolif\u00e9ration de parasites.<\/p>\n<p>Les points forts :<\/p>\n<p><img decoding=\"async\" src=\"https:\/\/www.france-poulailler.com\/\/img\/cms\/puce.bmp\" alt=\"\" width=\"10\" height=\"10\" \/> Tr\u00e8s grande capacit\u00e9 d\u2019absorption.<br \/>\n<img decoding=\"async\" src=\"https:\/\/www.france-poulailler.com\/\/img\/cms\/puce.bmp\" alt=\"\" width=\"10\" height=\"10\" \/> Niveau d\u2019hygi\u00e8ne \u00e9lev\u00e9.<br \/>\n<img decoding=\"async\" src=\"https:\/\/www.france-poulailler.com\/\/img\/cms\/puce.bmp\" alt=\"\" width=\"10\" height=\"10\" \/> Anti poux naturel.<br \/>\n<img decoding=\"async\" src=\"https:\/\/www.france-poulailler.com\/\/img\/cms\/puce.bmp\" alt=\"\" width=\"10\" height=\"10\" \/> Elimine les odeurs.<br \/>\n<img decoding=\"async\" src=\"https:\/\/www.france-poulailler.com\/\/img\/cms\/puce.bmp\" alt=\"\" width=\"10\" height=\"10\" \/> Prot\u00e8ge vos animaux des parasites.<br \/>\n<img decoding=\"async\" src=\"https:\/\/www.france-poulailler.com\/\/img\/cms\/puce.bmp\" alt=\"\" width=\"10\" height=\"10\" \/> Fortifie le m\u00e9tabolisme de l\u2019animal.<\/p>\n<p>Contenance du seau : 8 KG<\/p>","protected":false},"featured_media":31752,"comment_status":"open","ping_status":"closed","template":"","meta":[],"product_brand":[],"product_cat":[62],"product_tag":[],"class_list":{"0":"post-29934","1":"product","2":"type-product","3":"status-publish","4":"has-post-thumbnail","6":"product_cat-litiere","7":"product_shipping_class-livraison-de-tous-les-produits-a-lexception-des-poulaillers","8":"aux-has-gallery","10":"first","11":"outofstock","12":"taxable","13":"shipping-taxable","14":"purchasable","15":"product-type-simple"},"_links":{"self":[{"href":"https:\/\/suissepoulailler.ch\/de\/wp-json\/wp\/v2\/product\/29934","targetHints":{"allow":["GET"]}}],"collection":[{"href":"https:\/\/suissepoulailler.ch\/de\/wp-json\/wp\/v2\/product"}],"about":[{"href":"https:\/\/suissepoulailler.ch\/de\/wp-json\/wp\/v2\/types\/product"}],"replies":[{"embeddable":true,"href":"https:\/\/suissepoulailler.ch\/de\/wp-json\/wp\/v2\/comments?post=29934"}],"version-history":[{"count":6,"href":"https:\/\/suissepoulailler.ch\/de\/wp-json\/wp\/v2\/product\/29934\/revisions"}],"predecessor-version":[{"id":30160,"href":"https:\/\/suissepoulailler.ch\/de\/wp-json\/wp\/v2\/product\/29934\/revisions\/30160"}],"wp:featuredmedia":[{"embeddable":true,"href":"https:\/\/suissepoulailler.ch\/de\/wp-json\/wp\/v2\/media\/31752"}],"wp:attachment":[{"href":"https:\/\/suissepoulailler.ch\/de\/wp-json\/wp\/v2\/media?parent=29934"}],"wp:term":[{"taxonomy":"product_brand","embeddable":true,"href":"https:\/\/suissepoulailler.ch\/de\/wp-json\/wp\/v2\/product_brand?post=29934"},{"taxonomy":"product_cat","embeddable":true,"href":"https:\/\/suissepoulailler.ch\/de\/wp-json\/wp\/v2\/product_cat?post=29934"},{"taxonomy":"product_tag","embeddable":true,"href":"https:\/\/suissepoulailler.ch\/de\/wp-json\/wp\/v2\/product_tag?post=29934"}],"curies":[{"name":"wp","href":"https:\/\/api.w.org\/{rel}","templated":true}]}}