{"id":29932,"date":"2021-04-02T21:25:21","date_gmt":"2021-04-02T19:25:21","guid":{"rendered":"https:\/\/suissepoulailler.ch\/?post_type=product&#038;p=29932"},"modified":"2026-04-03T19:31:12","modified_gmt":"2026-04-03T17:31:12","slug":"litiere-vegetale-8-kg","status":"publish","type":"product","link":"https:\/\/suissepoulailler.ch\/de\/produits\/accessoires\/litiere\/litiere-vegetale-8-kg\/","title":{"rendered":"Pflanzenstreu 8 KG"},"content":{"rendered":"<p class=\"Default\">Les granul\u00e9s sont fabriqu\u00e9s \u00e0 partir de paille, <strong>sans additif ni adh\u00e9sif.<\/strong><\/p>\n<p class=\"Default\">Tr\u00e8s grande capacit\u00e9 d\u2019absorption \u00e0 l\u2019humidit\u00e9 (jusqu\u2019\u00e0 400%).<\/p>\n<p class=\"Default\">Gr\u00e2ce \u00e0 une tr\u00e8s faible humidit\u00e9 (10%),\u00a0<strong>les granul\u00e9s absorbent plus d&rsquo;ur\u00e9e que la paille\u00a0<\/strong>(ils absorbent \u00e9galement les odeurs et des vapeurs d&rsquo;ammoniac en r\u00e9duisant les odeurs) ce qui est bon pour les pattes des volailles.<\/p>\n<p class=\"Default\">Gr\u00e2ce \u00e0 l\u2019\u00e9limination des petites impuret\u00e9s de la paille avant le processus de fabrication, les pellets sont presque sans poussi\u00e8re.<\/p>\n<p class=\"Default\">Pendant le processus de fabrication les granul\u00e9s sont d\u00e9pourvus de bact\u00e9ries, de champignons, de moisissures, de pesticides, d\u2019insectes ou d\u2019autres agents pathog\u00e8nes potentiels (<strong>ne provoque pas d&rsquo;allergie<\/strong>).<\/p>\n<p class=\"Default\">Forme optimale<\/p>\n<p class=\"Default\">La fragmentation des granul\u00e9s est adapt\u00e9e aux besoins de petits animaux.<\/p>\n<p class=\"Default\">Performance<\/p>\n<p class=\"Default\">Les granul\u00e9s sont quatre fois plus efficaces que la paille, il faut pr\u00e9voir au maximum 2-3kgs\/m\u00b2-<\/p>\n<p class=\"Default\">Avantages<\/p>\n<p class=\"Default\">L\u2019absence de poussi\u00e8re, de micro-organismes ind\u00e9sirables (moins de risque d&rsquo;infection) influent positivement sur le bien-\u00eatre animal.<\/p>\n<ul>\n<li>\u00a0<strong>Engrais de haute qualit\u00e9<\/strong><\/li>\n<\/ul>\n<p class=\"Default\">\u00a0Les boulettes de d\u00e9chets sont soumises au processus de compostage rapide et peuvent \u00eatre utilis\u00e9es avec succ\u00e8s comme engrais organique.<\/p>\n<ul>\n<li><strong>Changement moins fr\u00e9quente de la liti\u00e8re<\/strong><\/li>\n<\/ul>\n<p class=\"Default\">Les granul\u00e9s permettent de r\u00e9duire la quantit\u00e9 de d\u00e9chets m\u00e9nagers (jusqu&rsquo;\u00e0 50%) et de diminuer le co\u00fbt de remplacement fr\u00e9quent du substrat.<\/p>","protected":false},"excerpt":{"rendered":"<p>Les granul\u00e9s sont fabriqu\u00e9s \u00e0 partir de la paille ,\u00a0<strong>sans additif ni adh\u00e9sif.<\/strong><\/p>\n<p class=\"Default\">Ils sont quatre fois plus efficaces que la paille, il faut pr\u00e9voir au maximum 2-3kg\/m\u00b2.<\/p>\n<p><img decoding=\"async\" src=\"https:\/\/www.france-poulailler.com\/\/img\/cms\/puce.bmp\" alt=\"\" width=\"10\" height=\"10\" \/> Excellente capacit\u00e9 d\u2019absorption.<br \/>\n<img decoding=\"async\" src=\"https:\/\/www.france-poulailler.com\/\/img\/cms\/puce.bmp\" alt=\"\" width=\"10\" height=\"10\" \/> Peu poussi\u00e9reux.<br \/>\n<img decoding=\"async\" src=\"https:\/\/www.france-poulailler.com\/\/img\/cms\/puce.bmp\" alt=\"\" width=\"10\" height=\"10\" \/> Permet d\u2019avoir une excellente hygi\u00e8ne de l\u2019habitacle.<\/p>\n<p class=\"Default\">Contenance : 8 KG<\/p>\n<p class=\"Default\">","protected":false},"featured_media":31720,"comment_status":"open","ping_status":"closed","template":"","meta":[],"product_brand":[],"product_cat":[62],"product_tag":[],"class_list":{"0":"post-29932","1":"product","2":"type-product","3":"status-publish","4":"has-post-thumbnail","6":"product_cat-litiere","7":"product_shipping_class-livraison-de-tous-les-produits-a-lexception-des-poulaillers","8":"aux-has-gallery","10":"first","11":"instock","12":"taxable","13":"shipping-taxable","14":"purchasable","15":"product-type-simple"},"_links":{"self":[{"href":"https:\/\/suissepoulailler.ch\/de\/wp-json\/wp\/v2\/product\/29932","targetHints":{"allow":["GET"]}}],"collection":[{"href":"https:\/\/suissepoulailler.ch\/de\/wp-json\/wp\/v2\/product"}],"about":[{"href":"https:\/\/suissepoulailler.ch\/de\/wp-json\/wp\/v2\/types\/product"}],"replies":[{"embeddable":true,"href":"https:\/\/suissepoulailler.ch\/de\/wp-json\/wp\/v2\/comments?post=29932"}],"version-history":[{"count":6,"href":"https:\/\/suissepoulailler.ch\/de\/wp-json\/wp\/v2\/product\/29932\/revisions"}],"predecessor-version":[{"id":30198,"href":"https:\/\/suissepoulailler.ch\/de\/wp-json\/wp\/v2\/product\/29932\/revisions\/30198"}],"wp:featuredmedia":[{"embeddable":true,"href":"https:\/\/suissepoulailler.ch\/de\/wp-json\/wp\/v2\/media\/31720"}],"wp:attachment":[{"href":"https:\/\/suissepoulailler.ch\/de\/wp-json\/wp\/v2\/media?parent=29932"}],"wp:term":[{"taxonomy":"product_brand","embeddable":true,"href":"https:\/\/suissepoulailler.ch\/de\/wp-json\/wp\/v2\/product_brand?post=29932"},{"taxonomy":"product_cat","embeddable":true,"href":"https:\/\/suissepoulailler.ch\/de\/wp-json\/wp\/v2\/product_cat?post=29932"},{"taxonomy":"product_tag","embeddable":true,"href":"https:\/\/suissepoulailler.ch\/de\/wp-json\/wp\/v2\/product_tag?post=29932"}],"curies":[{"name":"wp","href":"https:\/\/api.w.org\/{rel}","templated":true}]}}