{"id":29870,"date":"2021-04-02T15:49:00","date_gmt":"2021-04-02T13:49:00","guid":{"rendered":"https:\/\/suissepoulailler.ch\/?post_type=product&#038;p=29870"},"modified":"2026-01-12T21:03:44","modified_gmt":"2026-01-12T20:03:44","slug":"abreuvoir-sur-pied-vert-5l","status":"publish","type":"product","link":"https:\/\/suissepoulailler.ch\/de\/produits\/accessoires\/abreuvoirs\/abreuvoir-sur-pied-vert-5l\/","title":{"rendered":"Tr\u00e4nketrog auf gr\u00fcnem St\u00e4nder 5L"},"content":{"rendered":"<p>5L Standtr\u00e4nke mit konstantem Niveau und Siphonfluss.<\/p>\n<p>L&rsquo;eau est dans une coupelle sur\u00e9lev\u00e9e qui permet de la maintenir propre pour les volailles.<\/p>","protected":false},"excerpt":{"rendered":"<p>Abreuvoir sur pied de 5L \u00e0 niveau constant \u00e0 \u00e9coulement sipho\u00efde. L&rsquo;eau est dans une coupelle sur\u00e9lev\u00e9e qui permet de la maintenir propre pour les volailles.<\/p>","protected":false},"featured_media":29871,"comment_status":"open","ping_status":"closed","template":"","meta":[],"product_brand":[],"product_cat":[59,33],"product_tag":[],"class_list":{"0":"post-29870","1":"product","2":"type-product","3":"status-publish","4":"has-post-thumbnail","6":"product_cat-abreuvoirs","7":"product_cat-accessoires","8":"product_shipping_class-livraison-de-tous-les-produits-a-lexception-des-poulaillers","10":"first","11":"instock","12":"taxable","13":"shipping-taxable","14":"purchasable","15":"product-type-simple"},"_links":{"self":[{"href":"https:\/\/suissepoulailler.ch\/de\/wp-json\/wp\/v2\/product\/29870","targetHints":{"allow":["GET"]}}],"collection":[{"href":"https:\/\/suissepoulailler.ch\/de\/wp-json\/wp\/v2\/product"}],"about":[{"href":"https:\/\/suissepoulailler.ch\/de\/wp-json\/wp\/v2\/types\/product"}],"replies":[{"embeddable":true,"href":"https:\/\/suissepoulailler.ch\/de\/wp-json\/wp\/v2\/comments?post=29870"}],"version-history":[{"count":2,"href":"https:\/\/suissepoulailler.ch\/de\/wp-json\/wp\/v2\/product\/29870\/revisions"}],"predecessor-version":[{"id":30147,"href":"https:\/\/suissepoulailler.ch\/de\/wp-json\/wp\/v2\/product\/29870\/revisions\/30147"}],"wp:featuredmedia":[{"embeddable":true,"href":"https:\/\/suissepoulailler.ch\/de\/wp-json\/wp\/v2\/media\/29871"}],"wp:attachment":[{"href":"https:\/\/suissepoulailler.ch\/de\/wp-json\/wp\/v2\/media?parent=29870"}],"wp:term":[{"taxonomy":"product_brand","embeddable":true,"href":"https:\/\/suissepoulailler.ch\/de\/wp-json\/wp\/v2\/product_brand?post=29870"},{"taxonomy":"product_cat","embeddable":true,"href":"https:\/\/suissepoulailler.ch\/de\/wp-json\/wp\/v2\/product_cat?post=29870"},{"taxonomy":"product_tag","embeddable":true,"href":"https:\/\/suissepoulailler.ch\/de\/wp-json\/wp\/v2\/product_tag?post=29870"}],"curies":[{"name":"wp","href":"https:\/\/api.w.org\/{rel}","templated":true}]}}