{"id":29450,"date":"2021-02-28T20:17:24","date_gmt":"2021-02-28T19:17:24","guid":{"rendered":"https:\/\/suissepoulailler.ch\/?post_type=product&#038;p=29450"},"modified":"2025-08-23T08:19:29","modified_gmt":"2025-08-23T06:19:29","slug":"poulailler-cervin-avec-voliere","status":"publish","type":"product","link":"https:\/\/suissepoulailler.ch\/de\/produits\/poulaillers\/poulaillers-16-poules\/poulailler-cervin-avec-voliere\/","title":{"rendered":"Cervin mit voliere"},"content":{"rendered":"<p>Suisse Poulailler vous propose une construction robuste et artisanale. Un plancher sur\u00e9lev\u00e9 avec des lames de sapin, des faces en 3 plis sapin de 19 mm et un toit r\u00e9sistant en pente apporteront une longue vie \u00e0 votre poulailler ainsi qu\u2019une excellente isolation. Vos poules seront \u00e0 l\u2019abri du vent, du froid et des intemp\u00e9ries dans leur nouveau foyer.<\/p>\n<p>La voli\u00e8re int\u00e9gr\u00e9e, accessible par une porte, offre un espace ext\u00e9rieur prot\u00e9g\u00e9 \u00e0 vos poules.<\/p>\n<p>Quatre pondoirs sont install\u00e9s pour permettre \u00e0 vos volailles de pondre leurs \u0153ufs, tour \u00e0 tour, confortablement pendant que les autres s\u2019installeront sur l\u2019un des trois perchoirs.<\/p>\n<p>Les pondoirs poss\u00e8dent une s\u00e9curit\u00e9 afin d\u2019\u00e9viter que les \u0153ufs tombent.<\/p>\n<p>Le poulailler comporte une porte coulissante manuelle. Il vous suffira de faire un mouvement vertical pour ouvrir la trappe. Rien de plus facile.<\/p>\n<p>La porte principale avec un syst\u00e8me de fermeture galvanis\u00e9, vous permettra d\u2019entrer dans le poulailler afin de vous en faciliter l\u2019entretien et la r\u00e9colte des \u0153ufs. Finis de se plier en quatre pour nettoyer son poulailler.<\/p>\n<p><em><strong>Des options suppl\u00e9mentaires sont disponibles pour ce poulailler<\/strong><\/em>.<\/p>\n<p><strong>Fiche technique du produit<\/strong><\/p>\n<p>Dimensions du poulailler\u00a0:<\/p>\n<p>Poules : jusqu&rsquo;\u00e0 16 poules<\/p>\n<p>L395cmxL150xmxH180cm (bas H160cm)<\/p>\n<p>Fen\u00eatre sur la face avant : 450mm\/450mm avec treillis hexagonal \u00d8 0,7 mm, dim. maille 13 mm, fortement galvanis\u00e9<\/p>\n<p>Sortie poule sur la face avant avec porte coulissante de guidage Kerbel : 220mm\/330mm<\/p>\n<p>4 Pondoirs en bois 3 plis sapin avec carrelet rabot\u00e9 (avec protection \u0153ufs) : 300 mm\/ 300 mm \/ 300 mm<\/p>\n<p>Vis en Inox<\/p>\n<p>3x Perchoirs sapin (40mmx40mm) : 3x 1m (plac\u00e9s \u00e0 50 cm et 60 cm de hauteur)<\/p>\n<p>1x Porte principale sur la face avant<\/p>\n<p>1x Porte voli\u00e8re sur une face de la voli\u00e8re<\/p>\n<p>2x fermetures galvanis\u00e9es<\/p>\n<p><em>Notre essence de bois<\/em><\/p>\n<p>Structure en carrelets rabot\u00e9s, Sapin\/Epic\u00e9a Suisse.<\/p>\n<p>Parois en panneaux coll\u00e9s 3 plis Sapin Suisse.<\/p>\n<p>Plancher et fond en sapin massif Suisse.<\/p>\n<p><a href=\"https:\/\/www.blv.admin.ch\/blv\/fr\/home\/tiere\/tierschutz\/heim-und-wildtierhaltung.html\">D\u00e9tention des animaux de compagnie et des animaux sauvages<\/a><\/p>\n<p><a href=\"https:\/\/www.blv.admin.ch\/blv\/fr\/home\/tiere\/tierschutz\/heim-und-wildtierhaltung\/huehner.html\">Poules<\/a><\/p>","protected":false},"excerpt":{"rendered":"<p>Le Poulailler des experts. Le Cervin d&rsquo;une surface de <strong>3.75 m2<\/strong> avec une voli\u00e8re int\u00e9gr\u00e9e, vous permettra de loger jusqu&rsquo;\u00e0 16 poules tout cela dans le respect de vos volailles.<\/p>\n<p><a href=\"http:\/\/suissepoulailler.ch\/wp-content\/uploads\/2024\/12\/Fachinformation-2.5-1-Informationspflicht-Heimtiergehege-Jan2022-FR.pdf\" target=\"_blank\" rel=\"noopener\">Acc\u00e9der \u00e0 la fiche th\u00e9matique sur la protection des animaux<\/a><\/p>\n<p><em>D\u00e9lai de fabrication et livraison : 10-20 jours<\/em><\/p>","protected":false},"featured_media":29629,"comment_status":"open","ping_status":"closed","template":"","meta":[],"product_brand":[],"product_cat":[80,32],"product_tag":[],"class_list":{"0":"post-29450","1":"product","2":"type-product","3":"status-publish","4":"has-post-thumbnail","6":"product_cat-poulaillers-16-poules","7":"product_cat-poulaillers","8":"product_shipping_class-livraison-poulaillers","9":"aux-has-gallery","11":"first","12":"instock","13":"taxable","14":"shipping-taxable","15":"purchasable","16":"product-type-simple"},"_links":{"self":[{"href":"https:\/\/suissepoulailler.ch\/de\/wp-json\/wp\/v2\/product\/29450","targetHints":{"allow":["GET"]}}],"collection":[{"href":"https:\/\/suissepoulailler.ch\/de\/wp-json\/wp\/v2\/product"}],"about":[{"href":"https:\/\/suissepoulailler.ch\/de\/wp-json\/wp\/v2\/types\/product"}],"replies":[{"embeddable":true,"href":"https:\/\/suissepoulailler.ch\/de\/wp-json\/wp\/v2\/comments?post=29450"}],"version-history":[{"count":11,"href":"https:\/\/suissepoulailler.ch\/de\/wp-json\/wp\/v2\/product\/29450\/revisions"}],"predecessor-version":[{"id":35991,"href":"https:\/\/suissepoulailler.ch\/de\/wp-json\/wp\/v2\/product\/29450\/revisions\/35991"}],"wp:featuredmedia":[{"embeddable":true,"href":"https:\/\/suissepoulailler.ch\/de\/wp-json\/wp\/v2\/media\/29629"}],"wp:attachment":[{"href":"https:\/\/suissepoulailler.ch\/de\/wp-json\/wp\/v2\/media?parent=29450"}],"wp:term":[{"taxonomy":"product_brand","embeddable":true,"href":"https:\/\/suissepoulailler.ch\/de\/wp-json\/wp\/v2\/product_brand?post=29450"},{"taxonomy":"product_cat","embeddable":true,"href":"https:\/\/suissepoulailler.ch\/de\/wp-json\/wp\/v2\/product_cat?post=29450"},{"taxonomy":"product_tag","embeddable":true,"href":"https:\/\/suissepoulailler.ch\/de\/wp-json\/wp\/v2\/product_tag?post=29450"}],"curies":[{"name":"wp","href":"https:\/\/api.w.org\/{rel}","templated":true}]}}