{"id":28894,"date":"2021-01-16T17:32:29","date_gmt":"2021-01-16T16:32:29","guid":{"rendered":"https:\/\/suissepoulailler.ch\/product\/long-summer-dress\/"},"modified":"2025-08-23T08:21:11","modified_gmt":"2025-08-23T06:21:11","slug":"moleson","status":"publish","type":"product","link":"https:\/\/suissepoulailler.ch\/de\/produits\/poulaillers\/poulaillers-8-poules\/moleson\/","title":{"rendered":"Mol\u00e9son"},"content":{"rendered":"<p>Suisse Poulailler vous propose une construction robuste et artisanale. Un plancher sur\u00e9lev\u00e9 avec des lames de sapin, des faces en 3 plis sapin de 19 mm et un toit r\u00e9sistant en pente apporteront une longue vie \u00e0 votre poulailler ainsi qu\u2019une excellente isolation. Vos poules seront \u00e0 l\u2019abri du vent, du froid et des intemp\u00e9ries dans leur nouveau foyer.<\/p>\n<p>Deux pondoirs sont install\u00e9s pour permettre \u00e0 vos volailles de pondre leurs \u0153ufs, tour \u00e0 tour, confortablement pendant que les autres s\u2019installeront sur l\u2019un des deux perchoirs.<\/p>\n<p>Les pondoirs poss\u00e8dent une s\u00e9curit\u00e9 afin d\u2019\u00e9viter que les \u0153ufs tombent.<\/p>\n<p>Le poulailler comporte une porte coulissante manuelle. Il vous suffira de faire un mouvement vertical pour ouvrir la trappe. Rien de plus facile.<\/p>\n<p>La porte principale avec un syst\u00e8me de fermeture galvanis\u00e9, vous permettra d\u2019entrer dans le poulailler afin de vous en faciliter l\u2019entretien et la r\u00e9colte des \u0153ufs. Finit de se plier en quatre pour nettoyer son poulailler.<\/p>\n<p><em><strong>D&rsquo;autres options sont disponibles pour ce poulailler.<\/strong><\/em><\/p>\n<p><strong>Fiche technique du produit<\/strong><\/p>\n<p>Dimensions du poulailler\u00a0:<\/p>\n<p>Poules : jusqu&rsquo;\u00e0 8 poules<\/p>\n<p>L200cmxL100cmxH180cm (bas H160cm) = 2m2<\/p>\n<p>Fen\u00eatre face droite : 350mm\/350mm avec treillis hexagonal \u00d8 0,7 mm, Dim. Maille 13 mm, Fortement galvanis\u00e9<\/p>\n<p>Sortie poule avec porte coulissante de guidage Kerbel, face droite : 220mm\/330mm<\/p>\n<p>2 x Pondoirs en bois 3 plis sapin avec carrelet rabot\u00e9 (avec protection \u0153ufs) : 300 mm\/ 300 mm \/ 300 mm<\/p>\n<p>Vis en Inox<\/p>\n<p>2 x Perchoirs sapin Suisse (40mmx40mm) : 2x 1m (plac\u00e9s \u00e0 50 cm et 60 cm de hauteur)<\/p>\n<p>1 x Porte principale sur la face avant<\/p>\n<p>1 x fermeture galvanis\u00e9e<\/p>\n<p><em>Notre essence de bois<\/em><\/p>\n<p>Structure en carrelets rabot\u00e9s, Sapin\/Epic\u00e9a Suisse.<\/p>\n<p>Parois en panneaux coll\u00e9s 3 plis Sapin Suisse.<\/p>\n<p>Plancher et fond en sapin massif Suisse.<\/p>\n<p><a href=\"https:\/\/www.blv.admin.ch\/blv\/fr\/home\/tiere\/tierschutz\/heim-und-wildtierhaltung.html\">D\u00e9tention des animaux de compagnie et des animaux sauvages<\/a><\/p>\n<p><a href=\"https:\/\/www.blv.admin.ch\/blv\/fr\/home\/tiere\/tierschutz\/heim-und-wildtierhaltung\/huehner.html\">Poules<\/a><\/p>","protected":false},"excerpt":{"rendered":"<p>Le Poulailler <strong>Mol\u00e9son de 2m2<\/strong> peut accueillir <strong>8 poules<\/strong> tout en respectant les normes actuelles.<\/p>\n<p><a href=\"http:\/\/suissepoulailler.ch\/wp-content\/uploads\/2024\/12\/Fachinformation-2.5-1-Informationspflicht-Heimtiergehege-Jan2022-FR.pdf\" target=\"_blank\" rel=\"noopener\">Acc\u00e9der \u00e0 la fiche th\u00e9matique sur la protection des animaux<\/a><\/p>\n<p><em>D\u00e9lai de fabrication et livraison : 10-20 jours<\/em><\/p>","protected":false},"featured_media":29646,"comment_status":"open","ping_status":"closed","template":"","meta":[],"product_brand":[],"product_cat":[78,32],"product_tag":[],"class_list":{"0":"post-28894","1":"product","2":"type-product","3":"status-publish","4":"has-post-thumbnail","6":"product_cat-poulaillers-8-poules","7":"product_cat-poulaillers","8":"product_shipping_class-livraison-poulaillers","9":"aux-has-gallery","11":"first","12":"instock","13":"taxable","14":"shipping-taxable","15":"purchasable","16":"product-type-simple"},"_links":{"self":[{"href":"https:\/\/suissepoulailler.ch\/de\/wp-json\/wp\/v2\/product\/28894","targetHints":{"allow":["GET"]}}],"collection":[{"href":"https:\/\/suissepoulailler.ch\/de\/wp-json\/wp\/v2\/product"}],"about":[{"href":"https:\/\/suissepoulailler.ch\/de\/wp-json\/wp\/v2\/types\/product"}],"replies":[{"embeddable":true,"href":"https:\/\/suissepoulailler.ch\/de\/wp-json\/wp\/v2\/comments?post=28894"}],"version-history":[{"count":11,"href":"https:\/\/suissepoulailler.ch\/de\/wp-json\/wp\/v2\/product\/28894\/revisions"}],"predecessor-version":[{"id":35988,"href":"https:\/\/suissepoulailler.ch\/de\/wp-json\/wp\/v2\/product\/28894\/revisions\/35988"}],"wp:featuredmedia":[{"embeddable":true,"href":"https:\/\/suissepoulailler.ch\/de\/wp-json\/wp\/v2\/media\/29646"}],"wp:attachment":[{"href":"https:\/\/suissepoulailler.ch\/de\/wp-json\/wp\/v2\/media?parent=28894"}],"wp:term":[{"taxonomy":"product_brand","embeddable":true,"href":"https:\/\/suissepoulailler.ch\/de\/wp-json\/wp\/v2\/product_brand?post=28894"},{"taxonomy":"product_cat","embeddable":true,"href":"https:\/\/suissepoulailler.ch\/de\/wp-json\/wp\/v2\/product_cat?post=28894"},{"taxonomy":"product_tag","embeddable":true,"href":"https:\/\/suissepoulailler.ch\/de\/wp-json\/wp\/v2\/product_tag?post=28894"}],"curies":[{"name":"wp","href":"https:\/\/api.w.org\/{rel}","templated":true}]}}