{"id":3,"date":"2021-01-11T12:13:00","date_gmt":"2021-01-11T11:13:00","guid":{"rendered":"https:\/\/suissepoulailler.ch\/?page_id=3"},"modified":"2021-03-16T11:10:16","modified_gmt":"2021-03-16T10:10:16","slug":"politique-de-confidentialite","status":"publish","type":"page","link":"https:\/\/suissepoulailler.ch\/de\/politique-de-confidentialite\/","title":{"rendered":"Datenschutzrichtlinie"},"content":{"rendered":"<div data-elementor-type=\"wp-page\" data-elementor-id=\"3\" class=\"elementor elementor-3\" data-elementor-post-type=\"page\">\n\t\t\t\t\t\t<section class=\"elementor-section elementor-top-section elementor-element elementor-element-73f6362f elementor-section-boxed elementor-section-height-default elementor-section-height-default\" data-id=\"73f6362f\" data-element_type=\"section\" data-e-type=\"section\">\n\t\t\t\t\t\t<div class=\"elementor-container elementor-column-gap-default\">\n\t\t\t\t\t<div class=\"aux-parallax-section elementor-column elementor-col-100 elementor-top-column elementor-element elementor-element-7883f093\" data-id=\"7883f093\" data-element_type=\"column\" data-e-type=\"column\">\n\t\t\t<div class=\"elementor-widget-wrap elementor-element-populated\">\n\t\t\t\t\t\t<div class=\"elementor-element elementor-element-b79e3cd elementor-widget elementor-widget-heading\" data-id=\"b79e3cd\" data-element_type=\"widget\" data-e-type=\"widget\" data-widget_type=\"heading.default\">\n\t\t\t\t<div class=\"elementor-widget-container\">\n\t\t\t\t\t<h1 class=\"elementor-heading-title elementor-size-default\"><section style=\"padding: 2.1875em 1.875em;border: none;font-size: 16.0016px;font-weight: 400;text-align: center;white-space: normal\"><h1 style=\"font-size: 52px;letter-spacing: 15px;line-height: 52px;text-transform: uppercase\">PRIVACY-POLITIK<\/h1><\/section><\/h1>\t\t\t\t<\/div>\n\t\t\t\t<\/div>\n\t\t\t\t<div class=\"elementor-element elementor-element-8a400fc elementor-widget-divider--view-line elementor-widget elementor-widget-divider\" data-id=\"8a400fc\" data-element_type=\"widget\" data-e-type=\"widget\" data-widget_type=\"divider.default\">\n\t\t\t\t<div class=\"elementor-widget-container\">\n\t\t\t\t\t\t\t<div class=\"elementor-divider\">\n\t\t\t<span class=\"elementor-divider-separator\">\n\t\t\t\t\t\t<\/span>\n\t\t<\/div>\n\t\t\t\t\t\t<\/div>\n\t\t\t\t<\/div>\n\t\t\t\t<div class=\"elementor-element elementor-element-4f1ae34 elementor-widget elementor-widget-text-editor\" data-id=\"4f1ae34\" data-element_type=\"widget\" data-e-type=\"widget\" data-widget_type=\"text-editor.default\">\n\t\t\t\t<div class=\"elementor-widget-container\">\n\t\t\t\t\t\t\t\t\t\n<h2 class=\"wp-block-heading\">Wer sind wir?<\/h2>\n\n<p>L&rsquo;adresse de notre site web est la suivante : <strong><a href=\"https:\/\/suissepoulailler.ch\/de\/\">https:\/\/suissepoulailler.ch<\/a><\/strong>.<\/p>\n<p>\u00a0<\/p>\n\n<h2 class=\"wp-block-heading\">Welche pers\u00f6nlichen Daten wir sammeln und warum wir sie sammeln<\/h2>\n\n<h3 class=\"wp-block-heading\">Kommentare<\/h3>\n\n<p>Lorsque les visiteurs laissent des commentaires sur le site, nous recueillons les donn\u00e9es indiqu\u00e9es dans le formulaire de commentaires, ainsi que l&rsquo;adresse IP du visiteur et la cha\u00eene de l&rsquo;agent utilisateur du navigateur pour aider \u00e0 la d\u00e9tection du spam.<\/p>\n\n<p>Une cha\u00eene anonymis\u00e9e cr\u00e9\u00e9e \u00e0 partir de votre adresse \u00e9lectronique (\u00e9galement appel\u00e9e \u00ab\u00a0hash\u00a0\u00bb) peut \u00eatre fournie au service Gravatar pour voir si vous l&rsquo;utilisez. La politique de confidentialit\u00e9 du service Gravatar est disponible \u00e0 l&rsquo;adresse suivante : https:\/\/automattic.com\/privacy\/. Apr\u00e8s approbation de votre commentaire, votre photo de profil est visible au public dans le contexte de votre commentaire.<\/p>\n\n<h3 class=\"wp-block-heading\">Medien<\/h3>\n\n<p>Wenn Sie Bilder auf die Website hochladen, sollten Sie das Hochladen von Bildern mit eingebetteten Standortdaten (EXIF-GPS) vermeiden. Besucher der Website k\u00f6nnen alle Standortdaten aus den Bildern der Website herunterladen und extrahieren.<\/p>\n\n<h3 class=\"wp-block-heading\">Kontaktformulare<\/h3>\n<p>Wir sammeln Informationen, wenn Sie sich auf unserer Website registrieren, sich in Ihr Konto einloggen, einen Kauf t\u00e4tigen, an einem Wettbewerb teilnehmen und\/oder sich abmelden.<\/p>\n\n<h3 class=\"wp-block-heading\">Cookies<\/h3>\n\n<p>Si vous laissez un commentaire sur notre site, vous pouvez choisir d&rsquo;enregistrer votre nom, votre adresse \u00e9lectronique et votre site web dans des cookies. Ces cookies sont destin\u00e9s \u00e0 vous faciliter la t\u00e2che afin que vous n&rsquo;ayez pas \u00e0 remplir \u00e0 nouveau vos coordonn\u00e9es lorsque vous laissez un autre commentaire. Ces cookies ont une dur\u00e9e de vie d&rsquo;un an.<\/p>\n\n<p>Wenn Sie unsere Login-Seite besuchen, setzen wir ein tempor\u00e4res Cookie, um festzustellen, ob Ihr Browser Cookies akzeptiert. Dieses Cookie enth\u00e4lt keine pers\u00f6nlichen Daten und wird gel\u00f6scht, wenn Sie Ihren Browser schlie\u00dfen.<\/p>\n\n<p>Lorsque vous vous connecterez, nous installerons \u00e9galement plusieurs cookies pour sauvegarder vos informations de connexion et vos choix d&rsquo;affichage \u00e0 l&rsquo;\u00e9cran. Les cookies de connexion durent deux jours, et les cookies d&rsquo;options d&rsquo;\u00e9cran durent un an. Si vous s\u00e9lectionnez \u00ab\u00a0Se souvenir de moi\u00a0\u00bb, votre connexion persistera pendant deux semaines. Si vous vous d\u00e9connectez de votre compte, les cookies de connexion seront supprim\u00e9s.<\/p>\n\n<p>Si vous modifiez ou publiez un article, un cookie suppl\u00e9mentaire sera enregistr\u00e9 dans votre navigateur. Ce cookie ne contient aucune donn\u00e9e personnelle et indique simplement l&rsquo;identifiant de l&rsquo;article que vous venez de modifier. Il expire au bout d&rsquo;un jour.<\/p>\n\n<h3 class=\"wp-block-heading\">Contenu int\u00e9gr\u00e9 provenant d&rsquo;autres sites web<\/h3>\n\n<p>Les articles de ce site peuvent comporter du contenu int\u00e9gr\u00e9 (par exemple des vid\u00e9os, des images, des articles, etc.). Le contenu int\u00e9gr\u00e9 provenant d&rsquo;autres sites web se comporte exactement de la m\u00eame mani\u00e8re que si le visiteur avait visit\u00e9 l&rsquo;autre site web.<\/p>\n\n<p>Diese Websites k\u00f6nnen Daten \u00fcber Sie sammeln, Cookies verwenden, zus\u00e4tzliches Tracking von Drittanbietern integrieren und Ihre Interaktion mit solchen integrierten Inhalten \u00fcberwachen, einschlie\u00dflich der Verfolgung Ihrer Interaktion mit integrierten Inhalten, wenn Sie ein Konto haben und auf dieser Website angemeldet sind.<\/p>\n\n<h2 class=\"wp-block-heading\">Mit wem wir Ihre Daten teilen<\/h2>\n<p>Wir verkaufen, handeln oder \u00fcbertragen Ihre personenbezogenen Daten nicht an Dritte. Davon ausgenommen sind vertrauensw\u00fcrdige Dritte, die uns beim Betrieb unserer Website oder bei der Durchf\u00fchrung unserer Gesch\u00e4fte unterst\u00fctzen, sofern diese Parteien sich verpflichten, diese Informationen vertraulich zu behandeln.<\/p>\n<p>Wir sind der Meinung, dass es notwendig ist, Informationen weiterzugeben, um illegale Aktivit\u00e4ten, vermuteten Betrug, Situationen, die eine potenzielle Bedrohung f\u00fcr die physische Sicherheit einer Person darstellen, Verst\u00f6\u00dfe gegen unsere Nutzungsbedingungen zu untersuchen, zu verhindern oder Ma\u00dfnahmen zu ergreifen, oder wenn dies gesetzlich vorgeschrieben ist.<\/p>\n<p>Nicht-private Informationen k\u00f6nnen jedoch an andere Parteien f\u00fcr Marketing, Werbung oder andere Zwecke weitergegeben werden.<\/p>\n\n<h2 class=\"wp-block-heading\">Wie lange wir Ihre Daten aufbewahren<\/h2>\n\n<p>Si vous laissez un commentaire, celui-ci et ses m\u00e9tadonn\u00e9es sont conserv\u00e9s ind\u00e9finiment. Cela permet de reconna\u00eetre et d&rsquo;approuver automatiquement tout commentaire de suivi au lieu de les conserver dans une file d&rsquo;attente de mod\u00e9ration.<\/p>\n\n<p>Pour les utilisateurs qui s&rsquo;inscrivent sur notre site web (le cas \u00e9ch\u00e9ant), nous conservons \u00e9galement les informations personnelles qu&rsquo;ils fournissent dans leur profil d&rsquo;utilisateur. Tous les utilisateurs peuvent voir, modifier ou supprimer leurs informations personnelles \u00e0 tout moment (sauf qu&rsquo;ils ne peuvent pas changer leur nom d&rsquo;utilisateur). Les administrateurs du site web peuvent \u00e9galement consulter et modifier ces informations.<\/p>\n\n<h3>Was sind Ihre Rechte an Ihren Daten<\/h3>\n\n<p>Si vous avez un compte sur ce site, ou si vous avez laiss\u00e9 des commentaires, vous pouvez demander \u00e0 recevoir un fichier export\u00e9 des donn\u00e9es personnelles que nous d\u00e9tenons \u00e0 votre sujet, y compris les donn\u00e9es que vous nous avez fournies. Vous pouvez \u00e9galement nous demander d&rsquo;effacer toutes les donn\u00e9es \u00e0 caract\u00e8re personnel que nous d\u00e9tenons \u00e0 votre sujet. Cela n&rsquo;inclut pas les donn\u00e9es que nous sommes oblig\u00e9s de conserver \u00e0 des fins administratives, juridiques ou de s\u00e9curit\u00e9.<\/p>\n\n<h2 class=\"wp-block-heading\">Wohin wir Ihre Daten senden<\/h2>\n\n<p>Die Kommentare der Besucher k\u00f6nnen mit einem automatischen Spam-Erkennungsdienst \u00fcberpr\u00fcft werden.<\/p>\n\n<h2 class=\"wp-block-heading\">Ihre Kontaktdaten<\/h2>\n<p>Wir sind die alleinigen Eigent\u00fcmer der auf dieser Website gesammelten Informationen. Ihre pers\u00f6nlichen Daten werden ohne Ihre Zustimmung nicht verkauft, ausgetauscht, \u00fcbertragen oder an andere Unternehmen weitergegeben, es sei denn, dies ist notwendig, um eine Anfrage und\/oder Transaktion zu erf\u00fcllen, z. B. um eine Bestellung zu versenden.<\/p>\n\n<h2 class=\"wp-block-heading\">Zus\u00e4tzliche Informationen<\/h2>\n\n<h3 class=\"wp-block-heading\">Wie wir Ihre Daten sch\u00fctzen<\/h3>\n<p>Wir setzen eine Vielzahl von Sicherheitsma\u00dfnahmen ein, um Ihre pers\u00f6nlichen Daten zu sch\u00fctzen. Wir verwenden eine dem Stand der Technik entsprechende Verschl\u00fcsselung, um sensible Informationen, die online \u00fcbertragen werden, zu sch\u00fctzen. Wir sch\u00fctzen Ihre Informationen auch offline. Nur Mitarbeiter, die eine bestimmte Aufgabe erf\u00fcllen m\u00fcssen (z. B. Rechnungsstellung oder Kundendienst), haben Zugang zu personenbezogenen Daten. Die Computer und Server, auf denen personenbezogene Daten gespeichert werden, befinden sich in einer sicheren Umgebung.<\/p>\n<h2>Abbestellen<\/h2>\n<p>Wir verwenden die von Ihnen angegebene E-Mail-Adresse, um Ihnen Informationen und Updates zu Ihrer Bestellung, gelegentliche Unternehmensnachrichten, Informationen \u00fcber verwandte Produkte usw. zu senden. Wenn Sie sich zu irgendeinem Zeitpunkt abmelden und keine E-Mails mehr erhalten m\u00f6chten, finden Sie detaillierte Anweisungen zur Abmeldung am Ende jeder E-Mail und k\u00f6nnen uns auch direkt anschreiben: <a href=\"mailto:info@suissepoulailler.ch\">info@suissepoulailler.ch<\/a>.<\/p>\n<p>Kontaktperson: <span style=\"color: #ff9900;\">Rachel Dupas-B\u00fcchler<\/span><\/p>\n\t\t\t\t\t\t\t\t<\/div>\n\t\t\t\t<\/div>\n\t\t\t\t\t<\/div>\n\t\t<\/div>\n\t\t\t\t\t<\/div>\n\t\t<\/section>\n\t\t\t\t<\/div>","protected":false},"excerpt":{"rendered":"<p>POLITIQUE DE CONFIDENTIALIT\u00c9 Qui sommes-nous ? L&rsquo;adresse de notre site web est la suivante : https:\/\/suissepoulailler.ch. \u00a0 Quelles sont les donn\u00e9es personnelles que nous recueillons et pourquoi nous les recueillons Commentaires Lorsque les visiteurs laissent des commentaires sur le site, nous recueillons les donn\u00e9es indiqu\u00e9es dans le formulaire de commentaires, ainsi que l&rsquo;adresse IP du [&hellip;]<\/p>\n","protected":false},"author":2,"featured_media":0,"parent":0,"menu_order":0,"comment_status":"closed","ping_status":"closed","template":"","meta":{"footnotes":""},"class_list":["post-3","page","type-page","status-publish","hentry"],"_links":{"self":[{"href":"https:\/\/suissepoulailler.ch\/de\/wp-json\/wp\/v2\/pages\/3","targetHints":{"allow":["GET"]}}],"collection":[{"href":"https:\/\/suissepoulailler.ch\/de\/wp-json\/wp\/v2\/pages"}],"about":[{"href":"https:\/\/suissepoulailler.ch\/de\/wp-json\/wp\/v2\/types\/page"}],"author":[{"embeddable":true,"href":"https:\/\/suissepoulailler.ch\/de\/wp-json\/wp\/v2\/users\/2"}],"replies":[{"embeddable":true,"href":"https:\/\/suissepoulailler.ch\/de\/wp-json\/wp\/v2\/comments?post=3"}],"version-history":[{"count":19,"href":"https:\/\/suissepoulailler.ch\/de\/wp-json\/wp\/v2\/pages\/3\/revisions"}],"predecessor-version":[{"id":29591,"href":"https:\/\/suissepoulailler.ch\/de\/wp-json\/wp\/v2\/pages\/3\/revisions\/29591"}],"wp:attachment":[{"href":"https:\/\/suissepoulailler.ch\/de\/wp-json\/wp\/v2\/media?parent=3"}],"curies":[{"name":"wp","href":"https:\/\/api.w.org\/{rel}","templated":true}]}}