{"id":36441,"date":"2025-05-23T11:02:11","date_gmt":"2025-05-23T09:02:11","guid":{"rendered":"https:\/\/suissepoulailler.ch\/?post_type=product&#038;p=36441"},"modified":"2025-11-17T17:34:26","modified_gmt":"2025-11-17T16:34:26","slug":"mangeoire-pour-poussins-et-cailles-1-kg-avec-support-pour-grille-a-suspendre","status":"publish","type":"product","link":"http:\/\/suissepoulailler.ch\/de\/produits\/evena\/cailles\/mangeoire-pour-poussins-et-cailles-1-kg-avec-support-pour-grille-a-suspendre\/","title":{"rendered":"Mangeoire pour Poussins et cailles 1 kg avec support pour grille( a suspendre)"},"content":{"rendered":"<p>Avantage cl\u00e9s<\/p>\n<ul>\n<li>facile \u00e0 installer<\/li>\n<li>Tr\u00e8s pratique pour le chargement<\/li>\n<li>Anti-gaspillage gr\u00e2ce \u00e0 sa ligne de grain<\/li>\n<li>Nourriture non souill\u00e9e par les d\u00e9jections<\/li>\n<li>Pose hors sol, \u00e0 hauteur de t\u00eate avec le cou l\u00e9g\u00e8rement tendu<\/li>\n<li>Id\u00e9ale pour \u00e0 fixer dans une poussini\u00e8re en grillage( support adapt\u00e9e)<\/li>\n<li>D\u00e9montage et nettoyage facile en un quart de tour<\/li>\n<li>Jusqu&rsquo;\u00e0 50% d&rsquo;\u00e9conomie en grains constat\u00e9<\/li>\n<li>Contribue au bien \u00eatre animal<\/li>\n<\/ul>\n<p>Caract\u00e9ristiques techniques<\/p>\n<ul>\n<li>Tube transparent EP 3MM<\/li>\n<li>coloris: gris clair<\/li>\n<li>R\u00e9alis\u00e9 en mat\u00e9riaux alimentaire recyclable<\/li>\n<li>Capacit\u00e9 1 kg, disponible aussi en 2 kg<\/li>\n<li>1 kg : 0.370 kg Dim 27&#215;14.5&#215;15.5<\/li>\n<\/ul>","protected":false},"excerpt":{"rendered":"<p>Avantage cl\u00e9s facile \u00e0 installer Tr\u00e8s pratique pour le chargement Anti-gaspillage gr\u00e2ce \u00e0 sa ligne de grain Nourriture non souill\u00e9e par les d\u00e9jections Pose hors sol, \u00e0 hauteur de t\u00eate avec le cou l\u00e9g\u00e8rement tendu Id\u00e9ale pour \u00e0 fixer dans une poussini\u00e8re en grillage( support adapt\u00e9e) D\u00e9montage et nettoyage facile en un quart de tour [&hellip;]<\/p>\n","protected":false},"featured_media":36139,"comment_status":"closed","ping_status":"closed","template":"","meta":[],"product_brand":[],"product_cat":[33,96,108,58],"product_tag":[],"class_list":{"0":"post-36441","1":"product","2":"type-product","3":"status-publish","4":"has-post-thumbnail","6":"product_cat-accessoires","7":"product_cat-cailles","8":"product_cat-evena","9":"product_cat-mangeoires","10":"product_shipping_class-livraison-de-tous-les-produits-a-lexception-des-poulaillers","12":"first","13":"instock","14":"sale","15":"taxable","16":"shipping-taxable","17":"purchasable","18":"product-type-simple"},"_links":{"self":[{"href":"http:\/\/suissepoulailler.ch\/de\/wp-json\/wp\/v2\/product\/36441","targetHints":{"allow":["GET"]}}],"collection":[{"href":"http:\/\/suissepoulailler.ch\/de\/wp-json\/wp\/v2\/product"}],"about":[{"href":"http:\/\/suissepoulailler.ch\/de\/wp-json\/wp\/v2\/types\/product"}],"replies":[{"embeddable":true,"href":"http:\/\/suissepoulailler.ch\/de\/wp-json\/wp\/v2\/comments?post=36441"}],"version-history":[{"count":1,"href":"http:\/\/suissepoulailler.ch\/de\/wp-json\/wp\/v2\/product\/36441\/revisions"}],"predecessor-version":[{"id":36442,"href":"http:\/\/suissepoulailler.ch\/de\/wp-json\/wp\/v2\/product\/36441\/revisions\/36442"}],"wp:featuredmedia":[{"embeddable":true,"href":"http:\/\/suissepoulailler.ch\/de\/wp-json\/wp\/v2\/media\/36139"}],"wp:attachment":[{"href":"http:\/\/suissepoulailler.ch\/de\/wp-json\/wp\/v2\/media?parent=36441"}],"wp:term":[{"taxonomy":"product_brand","embeddable":true,"href":"http:\/\/suissepoulailler.ch\/de\/wp-json\/wp\/v2\/product_brand?post=36441"},{"taxonomy":"product_cat","embeddable":true,"href":"http:\/\/suissepoulailler.ch\/de\/wp-json\/wp\/v2\/product_cat?post=36441"},{"taxonomy":"product_tag","embeddable":true,"href":"http:\/\/suissepoulailler.ch\/de\/wp-json\/wp\/v2\/product_tag?post=36441"}],"curies":[{"name":"wp","href":"https:\/\/api.w.org\/{rel}","templated":true}]}}