{"id":36138,"date":"2025-04-19T13:53:26","date_gmt":"2025-04-19T11:53:26","guid":{"rendered":"https:\/\/suissepoulailler.ch\/?post_type=product&#038;p=36138"},"modified":"2026-02-27T12:33:38","modified_gmt":"2026-02-27T11:33:38","slug":"mangeoire-pour-poussins-et-cailles-1-kg","status":"publish","type":"product","link":"http:\/\/suissepoulailler.ch\/de\/produits\/evena\/cailles\/mangeoire-pour-poussins-et-cailles-1-kg\/","title":{"rendered":"Mangeoire pour Poussins et cailles 1 kg"},"content":{"rendered":"<p>Avantage cl\u00e9s<\/p>\n<ul>\n<li>facile \u00e0 installer<\/li>\n<li>Tr\u00e8s pratique pour le chargement<\/li>\n<li>Anti-gaspillage gr\u00e2ce \u00e0 sa ligne de grain<\/li>\n<li>Nourriture non souill\u00e9e par les d\u00e9jections<\/li>\n<li>Pose hors sol, \u00e0 hauteur de t\u00eate avec le cou l\u00e9g\u00e8rement tendu<\/li>\n<li>elle suivra l&rsquo;\u00e9volution de vos poussins de 3 jours \u00e0 45 jours d&rsquo;un seul geste<\/li>\n<li>D\u00e9montage et nettoyage facile en un quart de tour<\/li>\n<li>Jusqu&rsquo;\u00e0 50% d&rsquo;\u00e9conomie en grains constat\u00e9<\/li>\n<li>Contribue au bien \u00eatre animal<\/li>\n<\/ul>\n<p>Caract\u00e9ristiques techniques<\/p>\n<ul>\n<li>Tube transparent EP 3MM<\/li>\n<li>coloris: gris clair<\/li>\n<li>R\u00e9alis\u00e9 en mat\u00e9riaux alimentaire recyclable<\/li>\n<li>Capacit\u00e9 1 kg, disponible aussi en 2 kg<\/li>\n<li>1 kg : 0.370 kg Dim 27&#215;14.5&#215;15.5<\/li>\n<\/ul>","protected":false},"excerpt":{"rendered":"<p>Avantage cl\u00e9s facile \u00e0 installer Tr\u00e8s pratique pour le chargement Anti-gaspillage gr\u00e2ce \u00e0 sa ligne de grain Nourriture non souill\u00e9e par les d\u00e9jections Pose hors sol, \u00e0 hauteur de t\u00eate avec le cou l\u00e9g\u00e8rement tendu elle suivra l&rsquo;\u00e9volution de vos poussins de 3 jours \u00e0 45 jours d&rsquo;un seul geste D\u00e9montage et nettoyage facile en [&hellip;]<\/p>\n","protected":false},"featured_media":36139,"comment_status":"closed","ping_status":"closed","template":"","meta":[],"product_brand":[],"product_cat":[33,96,108,58],"product_tag":[],"class_list":{"0":"post-36138","1":"product","2":"type-product","3":"status-publish","4":"has-post-thumbnail","6":"product_cat-accessoires","7":"product_cat-cailles","8":"product_cat-evena","9":"product_cat-mangeoires","10":"product_shipping_class-livraison-de-tous-les-produits-a-lexception-des-poulaillers","12":"first","13":"instock","14":"taxable","15":"shipping-taxable","16":"purchasable","17":"product-type-simple"},"_links":{"self":[{"href":"http:\/\/suissepoulailler.ch\/de\/wp-json\/wp\/v2\/product\/36138","targetHints":{"allow":["GET"]}}],"collection":[{"href":"http:\/\/suissepoulailler.ch\/de\/wp-json\/wp\/v2\/product"}],"about":[{"href":"http:\/\/suissepoulailler.ch\/de\/wp-json\/wp\/v2\/types\/product"}],"replies":[{"embeddable":true,"href":"http:\/\/suissepoulailler.ch\/de\/wp-json\/wp\/v2\/comments?post=36138"}],"version-history":[{"count":1,"href":"http:\/\/suissepoulailler.ch\/de\/wp-json\/wp\/v2\/product\/36138\/revisions"}],"predecessor-version":[{"id":36140,"href":"http:\/\/suissepoulailler.ch\/de\/wp-json\/wp\/v2\/product\/36138\/revisions\/36140"}],"wp:featuredmedia":[{"embeddable":true,"href":"http:\/\/suissepoulailler.ch\/de\/wp-json\/wp\/v2\/media\/36139"}],"wp:attachment":[{"href":"http:\/\/suissepoulailler.ch\/de\/wp-json\/wp\/v2\/media?parent=36138"}],"wp:term":[{"taxonomy":"product_brand","embeddable":true,"href":"http:\/\/suissepoulailler.ch\/de\/wp-json\/wp\/v2\/product_brand?post=36138"},{"taxonomy":"product_cat","embeddable":true,"href":"http:\/\/suissepoulailler.ch\/de\/wp-json\/wp\/v2\/product_cat?post=36138"},{"taxonomy":"product_tag","embeddable":true,"href":"http:\/\/suissepoulailler.ch\/de\/wp-json\/wp\/v2\/product_tag?post=36138"}],"curies":[{"name":"wp","href":"https:\/\/api.w.org\/{rel}","templated":true}]}}