{"id":35414,"date":"2024-10-28T08:29:42","date_gmt":"2024-10-28T07:29:42","guid":{"rendered":"https:\/\/suissepoulailler.ch\/?post_type=product&#038;p=35414"},"modified":"2025-12-01T18:59:12","modified_gmt":"2025-12-01T17:59:12","slug":"tremie-anti-gaspillage-5-kg-camouflage","status":"publish","type":"product","link":"http:\/\/suissepoulailler.ch\/de\/produits\/accessoires\/mangeoires\/tremie-anti-gaspillage-5-kg-camouflage\/","title":{"rendered":"TR\u00c9MIE ANTI-GASPILLAGE  5 KG camouflage"},"content":{"rendered":"<p>Le syst\u00e8me de cette mangeoire est con\u00e7u pour \u00e9viter le gaspillage d\u00fb \u00e0 l\u2019app\u00e9tit des oiseaux du jardin tels que les moineaux, \u00e9tourneaux ou les rongeurs comme les rats et souris. En effet, ils sont trop l\u00e9gers pour actionner le m\u00e9canisme de la trappe qui rend donc l\u2019aliment inaccessible pour eux. La sensibilit\u00e9 de la p\u00e9dale, qui d\u00e9clenche l\u2019ouverture de la trappe, est de 350 gr \u00e0 2,5 kg. Donc seuls les poules, canards et faisans peuvent l\u2019ouvrir et avoir acc\u00e8s \u00e0 l\u2019aliment.<\/p>\n<p>Le grain et les granul\u00e9s descendent le long d\u2019une pente anti-accumulation dans la r\u00e9serve. La trappe prot\u00e8ge l\u2019aliment des intemp\u00e9ries et le garde ainsi au sec. C\u2019est \u00e9galement le syst\u00e8me parfait pour \u00e9viter les salissures dans la nourriture.<\/p>","protected":false},"excerpt":{"rendered":"<p>Le syst\u00e8me de cette mangeoire est con\u00e7u pour \u00e9viter le gaspillage d\u00fb \u00e0 l\u2019app\u00e9tit des oiseaux du jardin tels que les moineaux, \u00e9tourneaux ou les rongeurs comme les rats et souris. En effet, ils sont trop l\u00e9gers pour actionner le m\u00e9canisme de la trappe qui rend donc l\u2019aliment inaccessible pour eux. La sensibilit\u00e9 de la [&hellip;]<\/p>\n","protected":false},"featured_media":35415,"comment_status":"closed","ping_status":"closed","template":"","meta":[],"product_brand":[],"product_cat":[58],"product_tag":[],"class_list":{"0":"post-35414","1":"product","2":"type-product","3":"status-publish","4":"has-post-thumbnail","6":"product_cat-mangeoires","7":"product_shipping_class-livraison-de-tous-les-produits-a-lexception-des-poulaillers","9":"first","10":"instock","11":"taxable","12":"shipping-taxable","13":"purchasable","14":"product-type-simple"},"_links":{"self":[{"href":"http:\/\/suissepoulailler.ch\/de\/wp-json\/wp\/v2\/product\/35414","targetHints":{"allow":["GET"]}}],"collection":[{"href":"http:\/\/suissepoulailler.ch\/de\/wp-json\/wp\/v2\/product"}],"about":[{"href":"http:\/\/suissepoulailler.ch\/de\/wp-json\/wp\/v2\/types\/product"}],"replies":[{"embeddable":true,"href":"http:\/\/suissepoulailler.ch\/de\/wp-json\/wp\/v2\/comments?post=35414"}],"version-history":[{"count":1,"href":"http:\/\/suissepoulailler.ch\/de\/wp-json\/wp\/v2\/product\/35414\/revisions"}],"predecessor-version":[{"id":35416,"href":"http:\/\/suissepoulailler.ch\/de\/wp-json\/wp\/v2\/product\/35414\/revisions\/35416"}],"wp:featuredmedia":[{"embeddable":true,"href":"http:\/\/suissepoulailler.ch\/de\/wp-json\/wp\/v2\/media\/35415"}],"wp:attachment":[{"href":"http:\/\/suissepoulailler.ch\/de\/wp-json\/wp\/v2\/media?parent=35414"}],"wp:term":[{"taxonomy":"product_brand","embeddable":true,"href":"http:\/\/suissepoulailler.ch\/de\/wp-json\/wp\/v2\/product_brand?post=35414"},{"taxonomy":"product_cat","embeddable":true,"href":"http:\/\/suissepoulailler.ch\/de\/wp-json\/wp\/v2\/product_cat?post=35414"},{"taxonomy":"product_tag","embeddable":true,"href":"http:\/\/suissepoulailler.ch\/de\/wp-json\/wp\/v2\/product_tag?post=35414"}],"curies":[{"name":"wp","href":"https:\/\/api.w.org\/{rel}","templated":true}]}}