{"id":34934,"date":"2024-06-07T08:50:09","date_gmt":"2024-06-07T06:50:09","guid":{"rendered":"https:\/\/suissepoulailler.ch\/?post_type=product&#038;p=34934"},"modified":"2026-04-14T14:12:48","modified_gmt":"2026-04-14T12:12:48","slug":"ruban-effaroucheur-a-oiseaux","status":"publish","type":"product","link":"http:\/\/suissepoulailler.ch\/de\/produits\/accessoires\/entretien-du-poulailler\/ruban-effaroucheur-a-oiseaux\/","title":{"rendered":"Ruban effaroucheur \u00e0 oiseaux"},"content":{"rendered":"<h2>Ruban effaroucheur pour \u00e9loigner les oiseaux.<\/h2>\n<h4>Ruban plastique\u00a0m\u00e9tallis\u00e9 bruyant et r\u00e9fl\u00e9chissant,\u00a0effraie les oiseaux et les tient \u00e9loign\u00e9s de vos parcs \u00e0 poules et poulaillers.<\/h4>\n<h4>Dissuadez les oiseaux de venir piller vos mangeoires, apporter des poux, ou<strong>\u00a0attaquer vos poussins.<\/strong><\/h4>\n<p>Ruban fin et l\u00e9ger, double face, m\u00e9tallis\u00e9 impressions d\u2019hologrammes. R\u00e9sistant, ne se d\u00e9chire pas.<br \/>\nSuspendu dans le vent, il frisonne et\u00a0<strong>produit un son de papier froiss\u00e9<\/strong>\u00a0qui \u00e9loigne les oiseaux.<\/p>\n<p>Ce ruban souple flotte au vent,\u00a0<strong>tel un \u00e9pouvantail, il effraie les oiseaux<\/strong>\u00a0et \u00e9pargne vos poules de la<strong>\u00a0visite des moineaux pilleurs<\/strong>, mais aussi d&rsquo;autres oiseaux plus grands tels que les\u00a0<strong>rapaces pr\u00e9dateurs<\/strong>.<\/p>\n<p>Les\u00a0<strong>effets de lumi\u00e8res<\/strong>\u00a0cr\u00e9es par le soleil sur la surface aux<strong>\u00a0d\u00e9cors r\u00e9fl\u00e9chissants<\/strong>,<strong>\u00a0le bruit<\/strong>\u00a0produit par le froissement du ruban, et son mouvement dans\u00a0<strong>vent<\/strong>\u00a0sont particuli\u00e8rement efficaces pour inqui\u00e9ter les oiseaux et les \u00e9loigner.<\/p>\n<p>O\u00f9 suspendre le ruban ?\u00a0Coupez des longueurs variables et attachez-les pr\u00e8s des endroits d\u2019int\u00e9r\u00eat pour les oiseaux : mangeoires, abreuvoirs, coins d&rsquo;ombre etc &#8230;<\/p>\n<p>Bien entendu, ce ruban est aussi tr\u00e8s efficace pour prot\u00e9ger le potager, vos arbres fruitiers &#8230;<\/p>\n<p>Largeur 2.5 cm.<br \/>\nA suspendre.<\/p>","protected":false},"excerpt":{"rendered":"<p>Rouleau de ruban m\u00e9tallis\u00e9 et iris\u00e9 \u00e0 suspendre pour \u00e9loigner les oiseaux des enclos de vos poules et du poulailler.<br \/>\nEloigne les moineaux, \u00e9vite les pillages, les attaques et les contaminations.<\/p>","protected":false},"featured_media":34935,"comment_status":"closed","ping_status":"closed","template":"","meta":[],"product_brand":[],"product_cat":[33,63,81],"product_tag":[],"class_list":{"0":"post-34934","1":"product","2":"type-product","3":"status-publish","4":"has-post-thumbnail","6":"product_cat-accessoires","7":"product_cat-entretien-du-poulailler","8":"product_cat-portes-securite","10":"first","11":"instock","12":"taxable","13":"shipping-taxable","14":"purchasable","15":"product-type-simple"},"_links":{"self":[{"href":"http:\/\/suissepoulailler.ch\/de\/wp-json\/wp\/v2\/product\/34934","targetHints":{"allow":["GET"]}}],"collection":[{"href":"http:\/\/suissepoulailler.ch\/de\/wp-json\/wp\/v2\/product"}],"about":[{"href":"http:\/\/suissepoulailler.ch\/de\/wp-json\/wp\/v2\/types\/product"}],"replies":[{"embeddable":true,"href":"http:\/\/suissepoulailler.ch\/de\/wp-json\/wp\/v2\/comments?post=34934"}],"version-history":[{"count":1,"href":"http:\/\/suissepoulailler.ch\/de\/wp-json\/wp\/v2\/product\/34934\/revisions"}],"predecessor-version":[{"id":34938,"href":"http:\/\/suissepoulailler.ch\/de\/wp-json\/wp\/v2\/product\/34934\/revisions\/34938"}],"wp:featuredmedia":[{"embeddable":true,"href":"http:\/\/suissepoulailler.ch\/de\/wp-json\/wp\/v2\/media\/34935"}],"wp:attachment":[{"href":"http:\/\/suissepoulailler.ch\/de\/wp-json\/wp\/v2\/media?parent=34934"}],"wp:term":[{"taxonomy":"product_brand","embeddable":true,"href":"http:\/\/suissepoulailler.ch\/de\/wp-json\/wp\/v2\/product_brand?post=34934"},{"taxonomy":"product_cat","embeddable":true,"href":"http:\/\/suissepoulailler.ch\/de\/wp-json\/wp\/v2\/product_cat?post=34934"},{"taxonomy":"product_tag","embeddable":true,"href":"http:\/\/suissepoulailler.ch\/de\/wp-json\/wp\/v2\/product_tag?post=34934"}],"curies":[{"name":"wp","href":"https:\/\/api.w.org\/{rel}","templated":true}]}}