{"id":32877,"date":"2023-03-14T11:55:25","date_gmt":"2023-03-14T10:55:25","guid":{"rendered":"https:\/\/suissepoulailler.ch\/?post_type=product&#038;p=32877"},"modified":"2026-03-23T08:52:15","modified_gmt":"2026-03-23T07:52:15","slug":"mangeoire-a-pedale","status":"publish","type":"product","link":"http:\/\/suissepoulailler.ch\/de\/produits\/accessoires\/mangeoires\/mangeoire-a-pedale\/","title":{"rendered":"MANGEOIRE A PEDALE"},"content":{"rendered":"<p>Le syst\u00e8me de cette mangeoire est con\u00e7u pour \u00e9viter le gaspillage d\u00fb \u00e0 l\u2019app\u00e9tit des oiseaux du jardin tels que les moineaux, \u00e9tourneaux ou les rongeurs comme les rats et souris. En effet, ils sont trop l\u00e9gers pour actionner le m\u00e9canisme de la trappe qui rend donc l\u2019aliment inaccessible pour eux. La sensibilit\u00e9 de la p\u00e9dale, qui d\u00e9clenche l\u2019ouverture de la trappe, est de 350 gr \u00e0 2,5 kg, 3 niveaux de r\u00e9glage possibles. Donc seuls les poules, canards et faisans peuvent l\u2019ouvrir et avoir acc\u00e8s \u00e0 l\u2019aliment.<\/p>","protected":false},"excerpt":{"rendered":"<p>Le syst\u00e8me de cette mangeoire est con\u00e7u pour \u00e9viter le gaspillage d\u00fb \u00e0 l\u2019app\u00e9tit des oiseaux du jardin tels que les moineaux, \u00e9tourneaux ou les rongeurs comme les rats et souris. En effet, ils sont trop l\u00e9gers pour actionner le m\u00e9canisme de la trappe qui rend donc l\u2019aliment inaccessible pour eux. La sensibilit\u00e9 de la [&hellip;]<\/p>\n","protected":false},"featured_media":32878,"comment_status":"closed","ping_status":"closed","template":"","meta":[],"product_brand":[],"product_cat":[33,58],"product_tag":[],"class_list":{"0":"post-32877","1":"product","2":"type-product","3":"status-publish","4":"has-post-thumbnail","6":"product_cat-accessoires","7":"product_cat-mangeoires","8":"product_shipping_class-livraison-de-tous-les-produits-a-lexception-des-poulaillers","10":"first","11":"instock","12":"taxable","13":"shipping-taxable","14":"purchasable","15":"product-type-simple"},"_links":{"self":[{"href":"http:\/\/suissepoulailler.ch\/de\/wp-json\/wp\/v2\/product\/32877","targetHints":{"allow":["GET"]}}],"collection":[{"href":"http:\/\/suissepoulailler.ch\/de\/wp-json\/wp\/v2\/product"}],"about":[{"href":"http:\/\/suissepoulailler.ch\/de\/wp-json\/wp\/v2\/types\/product"}],"replies":[{"embeddable":true,"href":"http:\/\/suissepoulailler.ch\/de\/wp-json\/wp\/v2\/comments?post=32877"}],"version-history":[{"count":1,"href":"http:\/\/suissepoulailler.ch\/de\/wp-json\/wp\/v2\/product\/32877\/revisions"}],"predecessor-version":[{"id":32879,"href":"http:\/\/suissepoulailler.ch\/de\/wp-json\/wp\/v2\/product\/32877\/revisions\/32879"}],"wp:featuredmedia":[{"embeddable":true,"href":"http:\/\/suissepoulailler.ch\/de\/wp-json\/wp\/v2\/media\/32878"}],"wp:attachment":[{"href":"http:\/\/suissepoulailler.ch\/de\/wp-json\/wp\/v2\/media?parent=32877"}],"wp:term":[{"taxonomy":"product_brand","embeddable":true,"href":"http:\/\/suissepoulailler.ch\/de\/wp-json\/wp\/v2\/product_brand?post=32877"},{"taxonomy":"product_cat","embeddable":true,"href":"http:\/\/suissepoulailler.ch\/de\/wp-json\/wp\/v2\/product_cat?post=32877"},{"taxonomy":"product_tag","embeddable":true,"href":"http:\/\/suissepoulailler.ch\/de\/wp-json\/wp\/v2\/product_tag?post=32877"}],"curies":[{"name":"wp","href":"https:\/\/api.w.org\/{rel}","templated":true}]}}