{"id":32710,"date":"2023-01-26T15:34:44","date_gmt":"2023-01-26T14:34:44","guid":{"rendered":"https:\/\/suissepoulailler.ch\/?post_type=product&#038;p=32710"},"modified":"2026-02-12T16:37:02","modified_gmt":"2026-02-12T15:37:02","slug":"shampoing-repulsif-lavande-vraie-et-cedre-de-latlas","status":"publish","type":"product","link":"http:\/\/suissepoulailler.ch\/de\/produits\/autres-animaux\/chats\/shampoing-repulsif-lavande-vraie-et-cedre-de-latlas\/","title":{"rendered":"Shampoing r\u00e9pulsif lavande vraie et c\u00e8dre de l&rsquo;atlas"},"content":{"rendered":"<p>Shampoing aux huiles essentielles de lavande vraie et c\u00e8dre de l&rsquo;atlas , sans parab\u00e8ne et au ph neutre adapt\u00e9 \u00e0 la peau sensible de vos animaux.<\/p>\n<div class=\"cat\">Chiens<\/div>\n<div class=\"cat\">Chevaux<\/div>\n<div>Poules<\/div>\n<div class=\"cat\">Autres animaux<\/div>\n<div><\/div>\n<div>Contenance : 500 ml<\/div>\n<div class=\"cat\"><\/div>","protected":false},"excerpt":{"rendered":"<p>Shampoing aux huiles essentielles de lavande vraie et c\u00e8dre de l&rsquo;atlas , sans parab\u00e8ne et au ph neutre adapt\u00e9 \u00e0 la peau sensible de vos animaux. Chiens Chevaux Poules Autres animaux Contenance : 500 ml<\/p>","protected":false},"featured_media":32711,"comment_status":"closed","ping_status":"closed","template":"","meta":[],"product_brand":[],"product_cat":[33,89,90,88,61],"product_tag":[],"class_list":{"0":"post-32710","1":"product","2":"type-product","3":"status-publish","4":"has-post-thumbnail","6":"product_cat-accessoires","7":"product_cat-chats","8":"product_cat-chevaux","9":"product_cat-chiens","10":"product_cat-soin","11":"product_shipping_class-livraison-de-tous-les-produits-a-lexception-des-poulaillers","12":"aux-has-gallery","14":"first","15":"outofstock","16":"taxable","17":"shipping-taxable","18":"purchasable","19":"product-type-simple"},"_links":{"self":[{"href":"http:\/\/suissepoulailler.ch\/de\/wp-json\/wp\/v2\/product\/32710","targetHints":{"allow":["GET"]}}],"collection":[{"href":"http:\/\/suissepoulailler.ch\/de\/wp-json\/wp\/v2\/product"}],"about":[{"href":"http:\/\/suissepoulailler.ch\/de\/wp-json\/wp\/v2\/types\/product"}],"replies":[{"embeddable":true,"href":"http:\/\/suissepoulailler.ch\/de\/wp-json\/wp\/v2\/comments?post=32710"}],"version-history":[{"count":1,"href":"http:\/\/suissepoulailler.ch\/de\/wp-json\/wp\/v2\/product\/32710\/revisions"}],"predecessor-version":[{"id":32712,"href":"http:\/\/suissepoulailler.ch\/de\/wp-json\/wp\/v2\/product\/32710\/revisions\/32712"}],"wp:featuredmedia":[{"embeddable":true,"href":"http:\/\/suissepoulailler.ch\/de\/wp-json\/wp\/v2\/media\/32711"}],"wp:attachment":[{"href":"http:\/\/suissepoulailler.ch\/de\/wp-json\/wp\/v2\/media?parent=32710"}],"wp:term":[{"taxonomy":"product_brand","embeddable":true,"href":"http:\/\/suissepoulailler.ch\/de\/wp-json\/wp\/v2\/product_brand?post=32710"},{"taxonomy":"product_cat","embeddable":true,"href":"http:\/\/suissepoulailler.ch\/de\/wp-json\/wp\/v2\/product_cat?post=32710"},{"taxonomy":"product_tag","embeddable":true,"href":"http:\/\/suissepoulailler.ch\/de\/wp-json\/wp\/v2\/product_tag?post=32710"}],"curies":[{"name":"wp","href":"https:\/\/api.w.org\/{rel}","templated":true}]}}