{"id":28640,"date":"2021-02-16T09:16:27","date_gmt":"2021-02-16T08:16:27","guid":{"rendered":"http:\/\/mxajfmgl.preview.infomaniak.website\/?page_id=38"},"modified":"2021-02-16T14:30:04","modified_gmt":"2021-02-16T13:30:04","slug":"faq","status":"publish","type":"page","link":"http:\/\/suissepoulailler.ch\/de\/faq\/","title":{"rendered":"FAQ"},"content":{"rendered":"<div data-elementor-type=\"wp-page\" data-elementor-id=\"28640\" class=\"elementor elementor-28640\" data-elementor-post-type=\"page\">\n\t\t\t\t\t\t<section class=\"elementor-section elementor-top-section elementor-element elementor-element-60251a48 elementor-section-boxed elementor-section-height-default elementor-section-height-default\" data-id=\"60251a48\" data-element_type=\"section\" data-e-type=\"section\">\n\t\t\t\t\t\t<div class=\"elementor-container elementor-column-gap-default\">\n\t\t\t\t\t<div class=\"aux-parallax-section elementor-column elementor-col-100 elementor-top-column elementor-element elementor-element-54ec123\" data-id=\"54ec123\" data-element_type=\"column\" data-e-type=\"column\">\n\t\t\t<div class=\"elementor-widget-wrap elementor-element-populated\">\n\t\t\t\t\t\t<div class=\"elementor-element elementor-element-8cdcac6 elementor-widget elementor-widget-heading\" data-id=\"8cdcac6\" data-element_type=\"widget\" data-e-type=\"widget\" data-widget_type=\"heading.default\">\n\t\t\t\t<div class=\"elementor-widget-container\">\n\t\t\t\t\t<h1 class=\"elementor-heading-title elementor-size-default\">FAQ H\u00e4ufige Fragen<\/h1>\t\t\t\t<\/div>\n\t\t\t\t<\/div>\n\t\t\t\t<div class=\"elementor-element elementor-element-94ecba5 elementor-widget elementor-widget-text-editor\" data-id=\"94ecba5\" data-element_type=\"widget\" data-e-type=\"widget\" data-widget_type=\"text-editor.default\">\n\t\t\t\t<div class=\"elementor-widget-container\">\n\t\t\t\t\t\t\t\t\t<p>Vous trouverez ici les \u00ab\u00a0<strong>h\u00e4ufig gestellte Fragen<\/strong>\u00a0\u00bb et leurs r\u00e9ponses.<\/p><p>Bitte beachten Sie auch, dass Ihnen unser Kundenservice f\u00fcr alle Fragen zur Verf\u00fcgung steht unter <a href=\"mailto:info@suissepoulailler.ch\">info@suissepoulailler.ch<\/a>.<\/p>\t\t\t\t\t\t\t\t<\/div>\n\t\t\t\t<\/div>\n\t\t\t\t<div class=\"elementor-element elementor-element-a977b50 elementor-widget elementor-widget-aux_faq\" data-id=\"a977b50\" data-element_type=\"widget\" data-e-type=\"widget\" data-widget_type=\"aux_faq.default\">\n\t\t\t\t<div class=\"elementor-widget-container\">\n\t\t\t\t\t<section class=\"widget-container aux-widget-faq aux-widget-accordion aux-parent-aue75ed13f\" style=\"\" ><div class=\"aux-isotope-filters aux-filters aux-overlay aux-underline-anim aux-center aux-togglable\"><div class=\"aux-select-overlay\"><\/div><ul><li class=\"aux-active-item\" data-filter=\"all\"><a href=\"#\"><span data-select=\"all\">all<\/span><\/a><\/li><li data-filter=\"communication\"><a href=\"#\"><span data-select=\"Communication\">Kommunikation<\/span><\/a><\/li><li data-filter=\"livraison\"><a href=\"#\"><span data-select=\"Livraison\">Lieferung<\/span><\/a><\/li><li data-filter=\"paiement\"><a href=\"#\"><span data-select=\"Paiement\">Zahlung<\/span><\/a><\/li><li data-filter=\"partenariats\"><a href=\"#\"><span data-select=\"Partenariats\">Partnerschaften<\/span><\/a><\/li><\/ul><\/div><div id=\"6a0743e1b6126\" data-element-id=\"aue75ed13f\" class=\"aux-isotope-faq aux-isotope-animated widget-toggle aux-accordion-simple\" data-lazyload=\"true\" data-space=\"0\" data-pagination=\"false\" data-deeplink=\"true\" data-slug=\"\" data-perpage=\"12\" data-reveal-transition-duration=\"600\" data-reveal-between-delay=\"70\" data-hide-transition-duration=\"600\" data-hide-between-delay=\"70\"> <div class=\"aux-items-loading\"><div class=\"aux-loading-loop\"><svg class=\"aux-circle\" width=\"100%\" height=\"100%\" viewbox=\"0 0 42 42\"><circle class=\"aux-stroke-bg\" r=\"20\" cx=\"21\" cy=\"21\" fill=\"none\"><\/circle><circle class=\"aux-progress\" r=\"20\" cx=\"21\" cy=\"21\" fill=\"none\" transform=\"rotate(-90 21 21)\"><\/circle><\/svg><\/div><\/div><div class=\"aux-faq-item aux-iso-item aux-loading partenariats\"><h4 class=\"aux-faq-item-header toggle-header\">Ich bin ein Influencer\/Profi und w\u00fcrde gerne Produkte von Swiss Chicken verkaufen\/bewerben. Haben Sie ein Partnerschaftssystem?<span class=\"aux-accordion-indicator\"><\/span><\/h4><div class=\"aux-faq-item-content toggle-content\"><p class=\"Pardfaut\" style=\"line-height: 16.0pt; margin: 0cm 0cm 10.0pt 0cm;\"><span lang=\"FR\" style=\"font-size: 11.0pt; color: #333333; background: white;\">Contactez-nous pour plus d\u2019informations concernant un partenariat \u00e0 l&rsquo;adresse info@suissepoulailler.ch.<\/span><\/p>\n<\/div><div class=\"clear\"><\/div><\/div><div class=\"aux-faq-item aux-iso-item aux-loading communication\"><h4 class=\"aux-faq-item-header toggle-header\">Pourquoi n&rsquo;ai je pas re\u00e7u un courriel de confirmation ?<span class=\"aux-accordion-indicator\"><\/span><\/h4><div class=\"aux-faq-item-content toggle-content\"><p>Si vous n&rsquo;avez pas re\u00e7u de courriel de confirmation dans les 30 minutes suivant la validation de votre commande, v\u00e9rifiez vos courriers ind\u00e9sirables. Certaines messageries peuvent \u00e9galement d\u00e9cider de d\u00e9truire nos courriels si notre adresse email n&rsquo;appara\u00eet pas dans le carnet d&rsquo;adresses de votre messagerie. Nous vous conseillons donc d&rsquo;ajouter \u00ab info@suissepoulailler.ch\u00bb \u00e0 votre carnet d&rsquo;adresses.<\/p>\n<\/div><div class=\"clear\"><\/div><\/div><div class=\"aux-faq-item aux-iso-item aux-loading livraison\"><h4 class=\"aux-faq-item-header toggle-header\">Liefern Sie auch au\u00dferhalb der Schweiz?<span class=\"aux-accordion-indicator\"><\/span><\/h4><div class=\"aux-faq-item-content toggle-content\"><p>Wir liefern in die gesamte Schweiz. F\u00fcr Bestellungen au\u00dferhalb der Schweiz kontaktieren Sie uns bitte \u00fcber das Kontaktformular, wir werden uns mit Ihnen in Verbindung setzen, um Ihnen die Versandkosten mitzuteilen.<\/p>\n<\/div><div class=\"clear\"><\/div><\/div><div class=\"aux-faq-item aux-iso-item aux-loading livraison\"><h4 class=\"aux-faq-item-header toggle-header\">Wann werde ich meine Bestellung erhalten?<span class=\"aux-accordion-indicator\"><\/span><\/h4><div class=\"aux-faq-item-content toggle-content\"><p>Alle Produktbestellungen werden innerhalb von 24\/48 Stunden nach Zahlungseingang verschickt.<\/p>\n<p>Le d\u00e9lai de livraison suite \u00e0 la commande d&rsquo;un poulailler, est de 10-21 jours. Suisse Poulailler prendra contact avec vous afin de d\u00e9finir une date, de retrait, livraison ou livraison\/montage.<\/p>\n<\/div><div class=\"clear\"><\/div><\/div><div class=\"aux-faq-item aux-iso-item aux-loading livraison\"><h4 class=\"aux-faq-item-header toggle-header\">Wie kann ich einen Artikel zur\u00fcckgeben?<span class=\"aux-accordion-indicator\"><\/span><\/h4><div class=\"aux-faq-item-content toggle-content\"><p>Sie haben 7 Tage ab Lieferung Ihrer Bestellung Zeit, ein Zubeh\u00f6rteil, das Ihnen nicht passt, zur\u00fcckzugeben. (H\u00fchnerst\u00e4lle sind ausgeschlossen)<\/p>\n<p>Wir verpflichten uns, umzutauschen, eine Gutschrift zu gew\u00e4hren oder Ihnen den Artikel zur\u00fcckzuerstatten, vorausgesetzt, dass dieser unversehrt in seiner Herkunftsverpackung, ohne Gebrauchsspuren und begleitet von der Kaufrechnung \u00fcbergeben wird.<\/p>\n<p>Les articles retourn\u00e9s incomplets, ab\u00eem\u00e9s, endommag\u00e9s ou salis ne sont ni repris, ni \u00e9chang\u00e9s, ni rembours\u00e9s.<\/p>\n<p>Sie sind f\u00fcr die R\u00fccksendekosten verantwortlich.<\/p>\n<p>&nbsp;<\/p>\n<\/div><div class=\"clear\"><\/div><\/div><div class=\"aux-faq-item aux-iso-item aux-loading livraison\"><h4 class=\"aux-faq-item-header toggle-header\">Wie lange dauert die Herstellung und Lieferung meines H\u00fchnerstalls?<span class=\"aux-accordion-indicator\"><\/span><\/h4><div class=\"aux-faq-item-content toggle-content\"><p class=\"Pardfaut\" style=\"line-height: 16.0pt; margin: 0cm 0cm 10.0pt 0cm;\"><span lang=\"FR\" style=\"font-size: 11.0pt; color: #333333; background: white;\">Les poulaillers \u00e9tant fabriqu\u00e9s \u00e0 la commande, il faut compter une livraison entre 10 et 21 jours ouvrables pour un poulailler. Suisse Poulailler s&rsquo;engage \u00e0 prendre contact avec pour convenir d&rsquo;une date de retrait, livraison et\/ou montage.<\/span><\/p>\n<p class=\"Pardfaut\" style=\"line-height: 16.0pt; margin: 0cm 0cm 10.0pt 0cm;\"><strong><span style=\"font-size: 14.6667px;\">F\u00fcr alle dringenden Bestellungen kontaktieren Sie uns bitte per Telefon oder E-Mail.<\/span><\/strong><\/p>\n<p class=\"Pardfaut\" style=\"line-height: 16.0pt; margin: 0cm 0cm 10.0pt 0cm;\"><i><span lang=\"FR\" style=\"font-size: 11.0pt; color: #333333; background: white;\">Bitte beachten Sie, dass die angegebenen Liefertermine Sch\u00e4tzungen sind, die Lieferzeit kann k\u00fcrzer sein.<\/span><\/i><\/p>\n<\/div><div class=\"clear\"><\/div><\/div><div class=\"aux-faq-item aux-iso-item aux-loading paiement\"><h4 class=\"aux-faq-item-header toggle-header\">Kann ich per Bank\u00fcberweisung bezahlen?<span class=\"aux-accordion-indicator\"><\/span><\/h4><div class=\"aux-faq-item-content toggle-content\"><p>Ja, diese Zahlungsmethode ist bei der Validierung Ihres Warenkorbs verf\u00fcgbar. Sie erhalten dann eine E-Mail mit unserer Bankverbindung. Nach Eingang Ihrer Zahlung wird die Ware an Sie verschickt.<\/p>\n<\/div><div class=\"clear\"><\/div><\/div><div class=\"aux-faq-item aux-iso-item aux-loading paiement\"><h4 class=\"aux-faq-item-header toggle-header\">Kann ich mit TWINT bezahlen?<span class=\"aux-accordion-indicator\"><\/span><\/h4><div class=\"aux-faq-item-content toggle-content\"><p>Ja, wir akzeptieren Zahlungen mit Twint.<\/p>\n<\/div><div class=\"clear\"><\/div><\/div><div class=\"aux-faq-item aux-iso-item aux-loading paiement\"><h4 class=\"aux-faq-item-header toggle-header\">Kann ich meinen H\u00fchnerstall in mehreren Raten bezahlen?<span class=\"aux-accordion-indicator\"><\/span><\/h4><div class=\"aux-faq-item-content toggle-content\"><p>Ja, es ist m\u00f6glich, Ihren H\u00fchnerstall in monatlichen Raten zu bezahlen. F\u00fcr diese Zahlungsart geben Sie Ihre Bestellung bitte telefonisch unter 076 383 70 75 auf oder senden Sie uns eine E-Mail an info@suissepoulailler.ch mit den genauen Angaben zum gew\u00fcnschten H\u00fchnerstall und den gew\u00e4hlten Optionen. Sie erhalten von uns ein detailliertes Angebot, das Sie bitte unterschrieben an uns zur\u00fccksenden.<\/p>\n<\/div><div class=\"clear\"><\/div><\/div><\/div><\/section><!-- widget-container -->\t\t\t\t<\/div>\n\t\t\t\t<\/div>\n\t\t\t\t\t<\/div>\n\t\t<\/div>\n\t\t\t\t\t<\/div>\n\t\t<\/section>\n\t\t\t\t<\/div>","protected":false},"excerpt":{"rendered":"<p>FAQ Questions Frequentes Vous trouverez ici les \u00ab\u00a0questions les plus fr\u00e9quemment pos\u00e9es\u00a0\u00bb et leurs r\u00e9ponses. Sachez \u00e9galement que notre service client reste disponible pour r\u00e9pondre \u00e0 toutes vos questions \u00e0 info@suissepoulailler.ch. all Communication Livraison Paiement Partenariats Je suis un influenceur\/professionnel et je voudrais vendre\/promouvoir des produits Suisse Poulailler. Avez-vous un syst\u00e8me de partenariat ? Contactez [&hellip;]<\/p>\n","protected":false},"author":2,"featured_media":0,"parent":0,"menu_order":0,"comment_status":"closed","ping_status":"closed","template":"","meta":{"footnotes":""},"class_list":["post-28640","page","type-page","status-publish","hentry"],"_links":{"self":[{"href":"http:\/\/suissepoulailler.ch\/de\/wp-json\/wp\/v2\/pages\/28640","targetHints":{"allow":["GET"]}}],"collection":[{"href":"http:\/\/suissepoulailler.ch\/de\/wp-json\/wp\/v2\/pages"}],"about":[{"href":"http:\/\/suissepoulailler.ch\/de\/wp-json\/wp\/v2\/types\/page"}],"author":[{"embeddable":true,"href":"http:\/\/suissepoulailler.ch\/de\/wp-json\/wp\/v2\/users\/2"}],"replies":[{"embeddable":true,"href":"http:\/\/suissepoulailler.ch\/de\/wp-json\/wp\/v2\/comments?post=28640"}],"version-history":[{"count":19,"href":"http:\/\/suissepoulailler.ch\/de\/wp-json\/wp\/v2\/pages\/28640\/revisions"}],"predecessor-version":[{"id":29389,"href":"http:\/\/suissepoulailler.ch\/de\/wp-json\/wp\/v2\/pages\/28640\/revisions\/29389"}],"wp:attachment":[{"href":"http:\/\/suissepoulailler.ch\/de\/wp-json\/wp\/v2\/media?parent=28640"}],"curies":[{"name":"wp","href":"https:\/\/api.w.org\/{rel}","templated":true}]}}